{"id":5473,"date":"2025-03-23T03:57:21","date_gmt":"2025-03-23T02:57:21","guid":{"rendered":"http:\/\/klubmamgdynia.pl\/?post_type=product&#038;p=5473"},"modified":"2026-04-24T05:32:33","modified_gmt":"2026-04-24T03:32:33","slug":"chicco-butelka-dla-niemowlat-perfect-silicone-normalny-przeplyw-neutralna-0m-150ml","status":"publish","type":"product","link":"http:\/\/klubmamgdynia.pl\/index.php\/produkt\/chicco-butelka-dla-niemowlat-perfect-silicone-normalny-przeplyw-neutralna-0m-150ml\/","title":{"rendered":"Chicco Butelka Dla Niemowl\u0105t Perfect Silicone Normalny Przep\u0142yw Neutralna 0M+ 150Ml"},"content":{"rendered":"<p>PERFECT 5 to innowacyjna BIOFUNKCJONALNA butelka dla niemowl\u0105t zaprojektowana specjalnie po to, aby lepiej wspiera\u0107 karmienie Twojego dziecka. Natychmiast i w spos\u00f3b ci\u0105g\u0142y dostosowuje si\u0119 do sposobu, w jaki dziecko pije. Potwierdzone dzia\u0142anie przeciwskurczowe: Membrana Equilibrium i fizjologiczny smoczek zapobiegaj\u0105 po\u0142ykaniu powietrza przez dziecko, pomagaj\u0105c zapobiega\u0107 podra\u017cnieniom, bekaniu i kolkom. Fizjologiczny rytm ssania: Dostosowuje si\u0119 do indywidualnego, naturalnego rytmu ssania dziecka, zapewniaj\u0105c sta\u0142y i nieprzerwany dop\u0142yw pokarmu, w kt\u00f3rym dziecko ma dost\u0119p do powietrza przez ca\u0142y czas. Idealne dopasowanie Smoczek idealnie dopasowuje si\u0119 do buzi dziecka, wspomagaj\u0105c naturalne ssanie. 9 na 10 niemowl\u0105t akceptuje. Silikon Soft Sense Mi\u0119kki i elastyczny smoczek z powierzchni\u0105 Soft Sense zapewnia komfortowe i naturalne odczucia. Maksymalna higiena i \u0142atwe czyszczenie Dzi\u0119ki odkr\u0119canej podstawie, ka\u017cda cz\u0119\u015b\u0107 butelki mo\u017ce by\u0107 \u0142atwo i szybko wyczyszczona. Szczeg\u00f3\u0142y produktu: Pojemno\u015b\u0107: 150 ml Wiek: od 2 miesi\u0119cy Testowane klinicznie Podstawa mo\u017ce by\u0107 odkr\u0119cana Higieniczne i \u0142atwe do czyszczenia Materia\u0142: silikon<\/p>\n<h2>Chicco Butelka Dla Niemowl\u0105t Perfect Silicone Normalny Przep\u0142yw Neutralna 0M+ 150Ml Chicco<\/h2>\n<p>rymowanki o pisankach, lilianna, dzieci z bullerbyn quiz, quizy za darmo, prezent na roczek dziewczynka, wierszyk o choince, psi patrol do czytania, jacek, podchwytliwe zagadki dla dzieci, ja\u015bmina, bajki dla dzieci do czytania, kielich z hosti\u0105 do druku, peppa do druku, test z lektury opowie\u015bci z narni lew czarownica i stara szafa, imi\u0119 miriam, opisy o dziecku<\/p>\n<p>yyyyy<\/p>\n<p>&nbsp;<\/p>\n","protected":false},"excerpt":{"rendered":"<p>PERFECT 5 to innowacyjna BIOFUNKCJONALNA butelka dla niemowl\u0105t zaprojektowana specjalnie po to, aby lepiej wspiera\u0107 karmienie Twojego dziecka. Natychmiast i w spos\u00f3b ci\u0105g\u0142y dostosowuje si\u0119 do sposobu, w jaki dziecko pije. Potwierdzone dzia\u0142anie przeciwskurczowe: Membrana Equilibrium i fizjologiczny smoczek zapobiegaj\u0105 po\u0142ykaniu powietrza przez dziecko, pomagaj\u0105c zapobiega\u0107 podra\u017cnieniom, bekaniu i kolkom. Fizjologiczny rytm ssania: Dostosowuje si\u0119 [&hellip;]<\/p>\n","protected":false},"featured_media":5474,"comment_status":"closed","ping_status":"open","template":"","meta":[],"product_cat":[195,312],"product_tag":[810,856,718],"class_list":["post-5473","product","type-product","status-publish","has-post-thumbnail","hentry","product_cat-butelki","product_cat-chicco","product_tag-nauka-zegara-do-druku","product_tag-prezent-dla-16-latki","product_tag-prezent-na-roczek-dla-chrzesniaka"],"_links":{"self":[{"href":"http:\/\/klubmamgdynia.pl\/index.php\/wp-json\/wp\/v2\/product\/5473","targetHints":{"allow":["GET"]}}],"collection":[{"href":"http:\/\/klubmamgdynia.pl\/index.php\/wp-json\/wp\/v2\/product"}],"about":[{"href":"http:\/\/klubmamgdynia.pl\/index.php\/wp-json\/wp\/v2\/types\/product"}],"replies":[{"embeddable":true,"href":"http:\/\/klubmamgdynia.pl\/index.php\/wp-json\/wp\/v2\/comments?post=5473"}],"wp:featuredmedia":[{"embeddable":true,"href":"http:\/\/klubmamgdynia.pl\/index.php\/wp-json\/wp\/v2\/media\/5474"}],"wp:attachment":[{"href":"http:\/\/klubmamgdynia.pl\/index.php\/wp-json\/wp\/v2\/media?parent=5473"}],"wp:term":[{"taxonomy":"product_cat","embeddable":true,"href":"http:\/\/klubmamgdynia.pl\/index.php\/wp-json\/wp\/v2\/product_cat?post=5473"},{"taxonomy":"product_tag","embeddable":true,"href":"http:\/\/klubmamgdynia.pl\/index.php\/wp-json\/wp\/v2\/product_tag?post=5473"}],"curies":[{"name":"wp","href":"https:\/\/api.w.org\/{rel}","templated":true}]}}