{"id":5477,"date":"2018-02-23T13:19:06","date_gmt":"2018-02-23T12:19:06","guid":{"rendered":"http:\/\/klubmamgdynia.pl\/index.php\/produkt\/minland-termos-do-posilkow-600ml-z-powloka-srodziemnomorski\/"},"modified":"2026-05-17T22:49:33","modified_gmt":"2026-05-17T20:49:33","slug":"minland-termos-do-posilkow-600ml-z-powloka-srodziemnomorski","status":"publish","type":"product","link":"http:\/\/klubmamgdynia.pl\/index.php\/produkt\/minland-termos-do-posilkow-600ml-z-powloka-srodziemnomorski\/","title":{"rendered":"Minland Termos do posi\u0142k\u00f3w 600ml z pow\u0142ok\u0105 \u015br\u00f3dziemnomorski"},"content":{"rendered":"<p>Termos do przechowywania posi\u0142k\u00f3w sta\u0142ych o pojemno\u015bci 600ml.Wykonany ze stali nierdzewnej. Utrzymuje \u017cywno\u015b\u0107 ciep\u0142\u0105 lub zimn\u0105 nawet przez 12 godzin. Dzi\u0119ki izotermicznemu etui termos mo\u017cna zabra\u0107 ze sob\u0105 wsz\u0119dzie.Cechy: do wszelkiego rodzaju \u017cywno\u015bci i przecier\u00f3w 3 warstwy izolacyjne \u0142atwy w czyszczeniu odporny, wysoka jako\u015b\u0107 lekki podw\u00f3jne zamkni\u0119cie kt\u00f3re utrzymuje temperatur\u0119 przez wiele godzin zawiera izotermiczn\u0105 torb\u0119 wolny od Bisfenolu ADo wszelkiego rodzaju pokarm\u00f3w sta\u0142ychIdealny dla pierwszych przecier\u00f3w oraz wszelkiego rodzaju pokarm\u00f3w sta\u0142ych.Najwy\u017csza jako\u015b\u0107 materia\u0142\u00f3wTermos wyposa\u017cony jest w podw\u00f3jn\u0105 \u015bciank\u0119 ze stali 18\/8 (304) i ekskluzywn\u0105 \u015bciank\u0119 izolacyjn\u0105 zewn\u0119trzn\u0105. Dzi\u0119ki temu termos ma ma\u0142\u0105 przewodno\u015b\u0107 ciep\u0142a (ciep\u0142e posi\u0142ki s\u0105 d\u0142u\u017cej ciep\u0142e) i bardzo dobr\u0105 odporno\u015b\u0107 na dzia\u0142anie wysokich temperatur (zimne posi\u0142ki zachowuj\u0105 zimn\u0105 temperatur\u0119 d\u0142u\u017cej).Mo\u017cna zabra\u0107 ze sob\u0105 wsz\u0119dzieTermos posiada idealny rozmiar aby zabra\u0107 go ze sob\u0105 dos\u0142ownie wsz\u0119dzie. Torba izotermiczna wyposa\u017cona jest w uchwyt na rzep dzi\u0119ki kt\u00f3remu mo\u017cemy go przyczepi\u0107 np. do w\u00f3zka. Dodatkowo, torba izotermiczna chroni termos przed zmianami temperatur lepiej utrzymuj\u0105c ciep\u0142\u0105 lub zimn\u0105 temperatur\u0119 pokarm\u00f3w na wi\u0119cej ni\u017c 12 godzin.Elegancki designAtrakcyjne kolory i delikatne wzory dodaj\u0105 termosowi unikalnego wygl\u0105du.Karmienie z tego samego produktuDu\u017ca pojemno\u015b\u0107 (600 ml) sprawia, \u017ce pokarm mo\u017cna podawa\u0107 bezpo\u015brednio z termosu bez potrzeby wyk\u0142adania go na talerzyk czy inne naczynie.Wolny od Bisfenolu A!Informacje techniczne: pojemno\u015b\u0107: 600ml podw\u00f3jna warstwa stali &#8211; wewn\u0105trz warstwa izolacyjna zewn\u0119trznaAkcesoria: torba izotermicznaEAN: 8413082893521Waga: 0.519 kgWiek: 0-Wymiary: 116.00 x 180.00 x 116.00<\/p>\n<h2>Minland Termos do posi\u0142k\u00f3w 600ml z pow\u0142ok\u0105 \u015br\u00f3dziemnomorski Miniland<\/h2>\n<p>przys\u0142owia o rodzinie, co kupic na roczek, miriam imi\u0119, prezent na 1 urodziny dla dziewczynki, mitologia test, wierszyki na smigus dyngus, bajka o poci\u0105gu do czytania, kolorowe ciasto, quiz znaki drogowe<\/p>\n<p>yyyyy<\/p>\n<p>&nbsp;<\/p>\n","protected":false},"excerpt":{"rendered":"<p>Termos do przechowywania posi\u0142k\u00f3w sta\u0142ych o pojemno\u015bci 600ml.Wykonany ze stali nierdzewnej. Utrzymuje \u017cywno\u015b\u0107 ciep\u0142\u0105 lub zimn\u0105 nawet przez 12 godzin. Dzi\u0119ki izotermicznemu etui termos mo\u017cna zabra\u0107 ze sob\u0105 wsz\u0119dzie.Cechy: do wszelkiego rodzaju \u017cywno\u015bci i przecier\u00f3w 3 warstwy izolacyjne \u0142atwy w czyszczeniu odporny, wysoka jako\u015b\u0107 lekki podw\u00f3jne zamkni\u0119cie kt\u00f3re utrzymuje temperatur\u0119 przez wiele godzin zawiera izotermiczn\u0105 [&hellip;]<\/p>\n","protected":false},"featured_media":5478,"comment_status":"closed","ping_status":"open","template":"","meta":[],"product_cat":[1105,215],"product_tag":[622,752,591,738,709],"class_list":["post-5477","product","type-product","status-publish","has-post-thumbnail","hentry","product_cat-miniland","product_cat-naczynia-i-sztucce-dla-dzieci","product_tag-fajne-zagadki","product_tag-kuba-imie","product_tag-quiz-o-minecraft","product_tag-wroclaw-dla-dzieci","product_tag-zagadki-dla-dzieci-6-7-lat"],"_links":{"self":[{"href":"http:\/\/klubmamgdynia.pl\/index.php\/wp-json\/wp\/v2\/product\/5477","targetHints":{"allow":["GET"]}}],"collection":[{"href":"http:\/\/klubmamgdynia.pl\/index.php\/wp-json\/wp\/v2\/product"}],"about":[{"href":"http:\/\/klubmamgdynia.pl\/index.php\/wp-json\/wp\/v2\/types\/product"}],"replies":[{"embeddable":true,"href":"http:\/\/klubmamgdynia.pl\/index.php\/wp-json\/wp\/v2\/comments?post=5477"}],"wp:featuredmedia":[{"embeddable":true,"href":"http:\/\/klubmamgdynia.pl\/index.php\/wp-json\/wp\/v2\/media\/5478"}],"wp:attachment":[{"href":"http:\/\/klubmamgdynia.pl\/index.php\/wp-json\/wp\/v2\/media?parent=5477"}],"wp:term":[{"taxonomy":"product_cat","embeddable":true,"href":"http:\/\/klubmamgdynia.pl\/index.php\/wp-json\/wp\/v2\/product_cat?post=5477"},{"taxonomy":"product_tag","embeddable":true,"href":"http:\/\/klubmamgdynia.pl\/index.php\/wp-json\/wp\/v2\/product_tag?post=5477"}],"curies":[{"name":"wp","href":"https:\/\/api.w.org\/{rel}","templated":true}]}}