{"id":5481,"date":"2019-01-04T17:35:04","date_gmt":"2019-01-04T16:35:04","guid":{"rendered":"http:\/\/klubmamgdynia.pl\/index.php\/produkt\/generator-pary-braun-carestyle-7-is-7155wh\/"},"modified":"2026-04-04T05:24:11","modified_gmt":"2026-04-04T03:24:11","slug":"generator-pary-braun-carestyle-7-is-7155wh","status":"publish","type":"product","link":"http:\/\/klubmamgdynia.pl\/index.php\/produkt\/generator-pary-braun-carestyle-7-is-7155wh\/","title":{"rendered":"Generator pary BRAUN CareStyle 7 IS 7155WH"},"content":{"rendered":"<p>\u017belazko z generatorem pary CareStyle 7 IS 7155 PRO<\/p>\n<p>\u017belazko z generatorem pary CareStyle 7 PRO to efekt pracy i wieloletniego do\u015bwiadczenia specjalist\u00f3w Braun, zmieniaj\u0105cy prasowanie w prost\u0105, intuicyjn\u0105 czynno\u015b\u0107. Dzi\u0119ki wykorzystaniu innowacyjnych technologii oraz setkom test\u00f3w i bada\u0144 laboratoryjnych stanie si\u0119 Twoj\u0105 profesjonaln\u0105 pomoc\u0105 w codziennym dbaniu o garderob\u0119. Model IS 7155 zosta\u0142 wyposa\u017cony w trzy programy prasowania: uniwersalny iCare &#8211; automatycznie nastawiaj\u0105cy optymaln\u0105 temperatur\u0119 dla wszystkich tkanin, TURBO &#8211; przeznaczony do prasowania grubych materia\u0142\u00f3w, usuwaj\u0105cy a\u017c 99,9%* bakterii z ubra\u0144, r\u0119cznik\u00f3w i po\u015bcieli oraz dedykowany najdelikatniejszym materia\u0142om \u2013 ECO, oszcz\u0119dzaj\u0105cy ponad 30% energii elektrycznej.** Te specjalistyczne tryby w po\u0142\u0105czeniu z unikaln\u0105 stop\u0105 Eloxal 3D PLUS oraz wi\u0119ksz\u0105 obj\u0119to\u015bci\u0105, wysokim ci\u015bnieniem i mocnym wyrzutem pary wodnej gwarantuj\u0105 perfekcyjne rezultaty prasowania wszystkich rodzaj\u00f3w tkanin. Ergonomiczny kszta\u0142t i niska waga \u017celazka u\u0142atwiaj\u0105 manewrowanie nim po tkaninie, a system automatycznego wy\u0142\u0105czania Auto-off zapewnia pe\u0142ne bezpiecze\u0144stwo u\u017cytkowania. Seria CareStyle 7 PRO Braun zosta\u0142a wyposa\u017cona w nowoczesny system odkamieniania Fast Clean, optymalizuj\u0105cy proces usuwania kamienia oraz znacz\u0105co wyd\u0142u\u017caj\u0105cy \u017cywotno\u015b\u0107 \u017celazka. Dzi\u0119ki niemu b\u0119dziesz m\u00f3g\u0142 korzysta\u0107 z jego zaawansowanych funkcji przez d\u0142ugie lata, ciesz\u0105c si\u0119 nieskaziteln\u0105 i \u015bwie\u017c\u0105 garderob\u0105.* Na podstawie niezale\u017cnych test\u00f3w laboratoryjnych**W por\u00f3wnaniu z trybem Turbo                            <\/p>\n<p>            Stopa Eloxal 3D PLUS<\/p>\n<p>Dla osi\u0105gni\u0119cia najlepszych rezultat\u00f3w prasowania, \u017celazko z generatorem pary CareStyle 7155 wyposa\u017cono w innowacyjn\u0105 stop\u0119 Eloxal 3D PLUS. Pokrycie z eloxalu sprawia, ze \u017celazko g\u0142adko sunie po tkaninie, co znacznie u\u0142atwia prasowanie i skraca jego czas. Stworzony przez Braun kszta\u0142t stopy, inspirowany desk\u0105 snowboardow\u0105, zapewnia \u0142atwo\u015b\u0107 manewr\u00f3w \u017celazkiem we wszystkich kierunkach, bez marszczenia materia\u0142u. Zaokr\u0105glona stopa ze \u015bci\u0119tymi brzegami sprawnie i szybko likwiduje nawet najg\u0142\u0119bsze zagniecenia, docieraj\u0105c tak\u017ce do trudno dost\u0119pnych miejsc, takich jak: zaszewki, zamki, guziki, falbanki, plisy czy fa\u0142dy. Eloksalowe pokrycie jest dwukrotnie twardsze od stali nierdzewnej, co gwarantuje wyj\u0105tkow\u0105 odporno\u015b\u0107 na zarysowania oraz d\u0142u\u017csz\u0105 \u017cywotno\u015b\u0107 \u017celazka i niezawodno\u015b\u0107 na lata.                            <\/p>\n<p>            System usuwania kamienia Fast Clean<\/p>\n<p>Innowacyjny system Fast Clean zosta\u0142 opracowany tak, aby zoptymalizowa\u0107 proces odkamieniania oraz znacz\u0105co wyd\u0142u\u017cy\u0107 \u017cywotno\u015b\u0107 \u017celazka. Sprawia, \u017ce konserwacja urz\u0105dzenia jest jeszcze prostsza i szybsza ni\u017c dotychczas. Proces usuwania kamienia trwa nieca\u0142\u0105 minut\u0119, a dzi\u0119ki innowacjom technologicznym, nie wymaga od u\u017cytkownika \u017cadnego wysi\u0142ku: nie trzeba potrz\u0105sa\u0107 stacj\u0105 pary ani marnowa\u0107 wody na p\u0142ukanie boilera. Wygodna otwierana szufladka z lejkiem u\u0142atwia wylanie wody po oczyszczeniu urz\u0105dzenia. Specjalna siateczka wewn\u0105trz boilera przyci\u0105ga drobinki kamienia, przechwytuj\u0105c a\u017c 59% zanieczyszcze\u0144. To innowacyjne rozwi\u0105zanie sprawia, \u017ce odkamienianie jest bardziej efektywne, a jego skuteczno\u015b\u0107 potwierdzaj\u0105 setki godzin test\u00f3w laboratoryjnych, gwarantuj\u0105cych d\u0142ugoletni\u0105, niezawodn\u0105 prac\u0119 urz\u0105dzenia, bez tworzenia plam czy przebarwie\u0144 na ubraniach. System Fast Clean sam powiadamia o konieczno\u015bci oczyszczenia urz\u0105dzenia z zalegaj\u0105cego kamienia, poprzez zapalenie sygnalizacji na panelu LED. Proces odkamieniania przebiega 4 razy szybciej*, gwarantuj\u0105c do\u017cywotni\u0105 wydajno\u015b\u0107 \u017celazka z generatorem pary.*** W por\u00f3wnaniu z Braun IS 5056** Na podstawie test\u00f3w laboratoryjnych                            <\/p>\n<p>            Tryb iCare<\/p>\n<p>Nowoczesny program iCare automatycznie nastawia, bezpieczn\u0105 temperatur\u0119 dla wszystkich tkanin. Zmienia prasowanie w intuicyjn\u0105 i prost\u0105 czynno\u015b\u0107, bez potrzeby wcze\u015bniejszego sortowania ubra\u0144 ze wzgl\u0119du na ich ilo\u015b\u0107 czy specyfik\u0119 poszczeg\u00f3lnych tkanin. Technologia iCare chroni materia\u0142y, nawet te najdelikatniejsze, bez konieczno\u015bci oczekiwania na nagrzanie lub sch\u0142odzenie stopy. Pozwala zaoszcz\u0119dzi\u0107 du\u017co czasu i eliminuje ryzyko przypalenia materia\u0142u. Nawet, gdy zostawisz \u017celazko z generatorem pary bez nadzoru, system ochroni tkanin\u0119 przed spaleniem.                             <\/p>\n<p>            Tryb TURBO<\/p>\n<p>Aby sprawnie upora\u0107 si\u0119 z mocno pogniecionymi materia\u0142ami lub szybko osi\u0105gn\u0105\u0107 najlepsze efekty prasowania trudnych tkanin, \u015bwietnie sprawdzi si\u0119 Tryb TURBO. W po\u0142\u0105czeniu z maksymalnym wyrzutem pary oraz najwy\u017csz\u0105 temperatur\u0105 prasowania, usunie zagniecenia nawet najgrubszych materia\u0142\u00f3w, takich jak len, jeans i bawe\u0142na. Co wi\u0119cej, pozwala wyeliminowa\u0107 nawet do 99,9% bakterii, znajduj\u0105cych si\u0119 na prasowanych tkaninach.**Na podstawie niezale\u017cnych test\u00f3w laboratoryjnych                            <\/p>\n<p>            Tryb ECO<\/p>\n<p>Do prasowania najdelikatniejszych tkanin oraz w trosce o \u015brodowisko, \u017celazko z generatorem pary CareStyle 7155 Braun zosta\u0142o wyposa\u017cone w Tryb ECO. Pozwala on zaoszcz\u0119dzi\u0107 ponad 30% energii elektrycznej.* Idealnie sprawdzi si\u0119 przy prasowaniu delikatnych materia\u0142\u00f3w, kt\u00f3re potrzebuj\u0105 mniejszej ilo\u015bci pary, np. syntetyk\u00f3w oraz jedwabnej, we\u0142nianej i satynowej odzie\u017cy.*W por\u00f3wnaniu z trybem Turbo                            <\/p>\n<p>            Wysokie ci\u015bnienie i du\u017cy wyrzut pary <\/p>\n<p>Dzi\u0119ki wysokiemu ci\u015bnieniu pary i jej silnemu wyrzutowi, kt\u00f3ry w CareStyle 7155 jest ponad dwukrotnie wi\u0119kszy ni\u017c w tradycyjnych \u017celazkach parowych, bez trudu osi\u0105gniesz najlepsze rezultaty prasowania. Wi\u0119ksza obj\u0119to\u015b\u0107 pary generowana na minut\u0119 \u2013 a\u017c 125g &#8211; pozwala szybko i precyzyjnie wyprasowa\u0107 ka\u017cd\u0105 cz\u0119\u015b\u0107 garderoby, docieraj\u0105c tak\u017ce do najtrudniej dost\u0119pnych miejsc. Wysokie ci\u015bnienie pary wodnej (7,5 bara) i silny, dodatkowy wyrzut pary (500 g\/min) pozwalaj\u0105 jej ca\u0142kowicie przenika\u0107 tkaniny, usuwaj\u0105c wszelkie niedoskona\u0142o\u015bci.                            <\/p>\n<p>            3 aktywne strefy pary i precyzyjny wyrzut pary z czubka stopy<\/p>\n<p>3 aktywne strefy pary, z silnym wyrzutem w pionie i poziomie u\u0142atwi\u0105 prasowanie najtrudniejszych obszar\u00f3w: okr\u0105g\u0142ych guzik\u00f3w, ko\u0142nierzy, mankiet\u00f3w, kieszeni, koronek i falban. Wst\u0119pne nawil\u017canie pozwala parze lepiej wnikn\u0105\u0107 w ubranie, za\u015b jej pe\u0142ny wyrzut idealnie usunie nawet najg\u0142\u0119bsze zagniecenia. Precyzyjny wyrzut pary z czubka gwarantuje staranne wyprasowanie najbardziej uporczywych zagniece\u0144, nawet tych miedzy guzikami, wok\u00f3\u0142 kieszeni i w innych k\u0142opotliwych miejscach.                             <\/p>\n<p>            Cyfrowa blokada kapania<\/p>\n<p>Zaawansowana, cyfrowa blokada kapania zapobiega powstawaniu plam i wyciekowi wody podczas prasowania. W tradycyjnych \u017celazkach z generatorem pary z termostatem, przy maksymalnym ustawieniu pokr\u0119t\u0142a pary, po w\u0142\u0105czeniu urz\u0105dzenia przez kilka pierwszych sekund wydobywa si\u0119 z niego woda, poniewa\u017c nienagrzana stopa nie zmieni\u0142a jej jeszcze w par\u0119 wodn\u0105. To powoduje k\u0142opotliwe zachlapania prasowanych ubra\u0144. Innowacyjna, cyfrowa blokada kapania dzia\u0142a ju\u017c od momentu w\u0142\u0105czenia \u017celazka, zapobiegaj\u0105c dystrybucji wody, dop\u00f3ki urz\u0105dzenie si\u0119 nie rozgrzeje. Dzi\u0119ki niej, temperatura \u017celazka jest kontrolowana skuteczniej, a samo prasowanie &#8211; jeszcze szybsze i \u0142atwiejsze, bo nie musisz skupia\u0107 si\u0119 na ustawieniach \u017celazka.                            <\/p>\n<p>            Nowoczesny panel LED<\/p>\n<p>CareStyle 7155 posiada inteligentny interfejs cyfrowy, kt\u00f3ry u\u0142atwia obs\u0142ug\u0119 urz\u0105dzenia. Panel LED monitoruje prasowanie, czyni\u0105c je lekk\u0105 i bezstresow\u0105 czynno\u015bci\u0105. Umo\u017cliwia proste uruchomienie automatycznych funkcji i program\u00f3w np. odkamieniania czy oszcz\u0119dzania energii.                            <\/p>\n<p>            System automatycznego wy\u0142\u0105czania 10 min Auto-off <\/p>\n<p>Praktyczny system Auto-off zapewnia pe\u0142ne bezpiecze\u0144stwo u\u017cytkowania \u017celazka z generatorem pary. Gdy przestaje by\u0107 u\u017cywane, nast\u0119puje automatyczne wy\u0142\u0105czenie nagrzewania po 10 minutach. Kiedy w po\u015bpiechu ko\u0144czysz prasowanie lub zapomnisz wy\u0142\u0105czy\u0107 \u017celazka, system automatycznie od\u0142\u0105czy zasilanie po 10 minutach, co gwarantuje bezpiecze\u0144stwo dla domu oraz zapewnia optymalne wykorzystanie energii elektrycznej.                            <\/p>\n<p>            Pojemny zbiornik na wod\u0119 (2L)<\/p>\n<p>Du\u017cy, 2-litrowy, wyjmowany zbiornik na wod\u0119 mie\u015bci wi\u0119cej p\u0142ynu, ni\u017c tradycyjne \u017celazko. Nie musisz trudzi\u0107 si\u0119 cz\u0119stym uzupe\u0142nianiem go, co pozwala znacznie skr\u00f3ci\u0107 czas prasowania.                             <\/p>\n<p>            Niska waga \u017celazka<\/p>\n<p>Innowacyjna konstrukcja generator\u00f3w pary CareStyle zak\u0142ada zintegrowanie pojemnika na wod\u0119 ze stacj\u0105, dlatego waga samego \u017celazka jest ni\u017csza. IS 7155 jest najl\u017cejszym \u017celazkiem Braun. Niezwyk\u0142a lekko\u015b\u0107 przek\u0142ada si\u0119 na doskona\u0142\u0105 ergonomi\u0119 podczas u\u017cytkowania. \u0141atwej nim manewrowa\u0107, co pozwala na prasowanie bez wysi\u0142ku. Dodatkowo, gumowe wyko\u0144czenie na r\u0105czce zapewnia najwy\u017cszy komfort pracy. \u017belazko z generatorem pary Braun jest mniejsze od konkurencyjnych. Kompaktowe wymiary i unikalny projekt u\u0142atwiaj\u0105 jego u\u017cytkowanie i przechowywanie, np. w szafce lub na p\u00f3\u0142ce w garderobie.                             <\/p>\n<p>            System \u0142atwego zamykania Easy Lock<\/p>\n<p>Praktyczny system Easy Lock pozwala za pomoc\u0105 jednego ruchu, szybko i bezpiecznie zablokowa\u0107 \u017celazko przed wysuni\u0119ciem ze stacji parowej &#8211; wystarczy lekko przycisn\u0105\u0107 je do stacji. U\u0142atwia obs\u0142ug\u0119 i przechowywanie urz\u0105dzenia. Mo\u017cesz je szybko i sprawnie podnie\u015b\u0107 oraz od\u0142o\u017cy\u0107 na miejsce.                             <\/p>\n<p>            Oszcz\u0119dno\u015b\u0107 czasu i szybkie nagrzanie stopy<\/p>\n<p>Korzystaj\u0105c z \u017celazka z generatorem pary CareStyle 7, oszcz\u0119dzasz a\u017c 50% czasu, po\u015bwi\u0119canego do tej pory na prasowanie.* Wystarcz\u0105 jedynie 2 minuty, aby by\u0142o gotowe do prasowania. Nie musisz czeka\u0107 na nagrzanie urz\u0105dzenia, co pozwala szybko uprasowa\u0107 ubrania, gdy bardzo si\u0119 spieszysz. Dzi\u0119ki technologii iCare, stacja parowa dostosowuje temperatur\u0119 nawet do najbardziej delikatnych tkanin, bez konieczno\u015bci oczekiwania na nagrzanie lub sch\u0142odzenie stopy, oszcz\u0119dzaj\u0105c Tw\u00f3j czas. * Na bazie wewn\u0119trznych test\u00f3w Braun, por\u00f3wnuj\u0105cych prasowanie systemem CareStyle 7 do serii \u017celazek parowych Braun TexStyle 5.                            <\/p>\n<p>            Cicha praca<\/p>\n<p>Aby prasowanie przebiega\u0142o nie tylko sprawnie, ale by\u0142o te\u017c relaksuj\u0105cym zaj\u0119ciem, \u017celazka z generatorem pary z serii CareStyle 7 pracuj\u0105 bardzo cicho. Dzi\u0119ki temu, mo\u017cesz w trakcie prasowania ogl\u0105da\u0107 telewizj\u0119, s\u0142ucha\u0107 muzyki czy swobodnie rozmawia\u0107 z domownikami lub przez telefon. Stacje pary Braun dbaj\u0105 zar\u00f3wno o Twoj\u0105 garderob\u0119, jak i komfort pracy.                            <\/p>\n<p>            Nagradzana za najwy\u017csz\u0105 jako\u015b\u0107<\/p>\n<p>Podobnie jak wszystkie produkty Braun, stacja pary CareStyle 7 powsta\u0142a w oparciu o najwy\u017csze standardy niemieckiej jako\u015bci, pasj\u0119 in\u017cynier\u00f3w marki oraz innowacje technologiczne. Linia CareStyle 7 PRO zosta\u0142a uhonorowana tytu\u0142em Najlepszy Produkt 2018 na rynku system\u00f3w do prasowania przez Plus X Award. Otrzyma\u0142a tak\u017ce nagrod\u0119 Plus X Award za wysok\u0105 jako\u015b\u0107, design i \u0142atwo\u015b\u0107 u\u017cytkowania.                            <\/p>\n<p>            Szybkie odkamienianie FastClean<\/p>\n<p>            Ochrona przed przypaleniem tkanin<\/p>\n<p>            Poznaj \u017celazka z generatorem pary CareStyle 7<\/p>\n<h2>Generator pary BRAUN CareStyle 7 IS 7155WH Braun<\/h2>\n<p>kolorowanki pokemon, warszawa z dzieckiem, halszka, zagadki dla dzieci o zwierz\u0119tach, najpi\u0119kniejsze cytaty cytaty dla mamy, paloma, kolorowanka piesek do druku, kinderbal przepisy, prezent dla 7 latki, zagadki matematyczne logiczne, zabawka na roczek, kolorowanka pokemon, pch\u0142y na noc<\/p>\n<p>yyyyy<\/p>\n<p>&nbsp;<\/p>\n","protected":false},"excerpt":{"rendered":"<p>\u017belazko z generatorem pary CareStyle 7 IS 7155 PRO \u017belazko z generatorem pary CareStyle 7 PRO to efekt pracy i wieloletniego do\u015bwiadczenia specjalist\u00f3w Braun, zmieniaj\u0105cy prasowanie w prost\u0105, intuicyjn\u0105 czynno\u015b\u0107. Dzi\u0119ki wykorzystaniu innowacyjnych technologii oraz setkom test\u00f3w i bada\u0144 laboratoryjnych stanie si\u0119 Twoj\u0105 profesjonaln\u0105 pomoc\u0105 w codziennym dbaniu o garderob\u0119. Model IS 7155 zosta\u0142 wyposa\u017cony [&hellip;]<\/p>\n","protected":false},"featured_media":5482,"comment_status":"closed","ping_status":"open","template":"","meta":[],"product_cat":[1319,1320],"product_tag":[697,752,787,785,710],"class_list":["post-5481","product","type-product","status-publish","has-post-thumbnail","hentry","product_cat-braun","product_cat-stacje-parowe","product_tag-krotkie-bajki-do-czytania","product_tag-kuba-imie","product_tag-nauka-pisania-wyrazow-dla-dzieci-do-druku-pdf","product_tag-prezent-dla-nastolatkow","product_tag-zagadki-dla-dzieci-10-12-lat"],"_links":{"self":[{"href":"http:\/\/klubmamgdynia.pl\/index.php\/wp-json\/wp\/v2\/product\/5481","targetHints":{"allow":["GET"]}}],"collection":[{"href":"http:\/\/klubmamgdynia.pl\/index.php\/wp-json\/wp\/v2\/product"}],"about":[{"href":"http:\/\/klubmamgdynia.pl\/index.php\/wp-json\/wp\/v2\/types\/product"}],"replies":[{"embeddable":true,"href":"http:\/\/klubmamgdynia.pl\/index.php\/wp-json\/wp\/v2\/comments?post=5481"}],"wp:featuredmedia":[{"embeddable":true,"href":"http:\/\/klubmamgdynia.pl\/index.php\/wp-json\/wp\/v2\/media\/5482"}],"wp:attachment":[{"href":"http:\/\/klubmamgdynia.pl\/index.php\/wp-json\/wp\/v2\/media?parent=5481"}],"wp:term":[{"taxonomy":"product_cat","embeddable":true,"href":"http:\/\/klubmamgdynia.pl\/index.php\/wp-json\/wp\/v2\/product_cat?post=5481"},{"taxonomy":"product_tag","embeddable":true,"href":"http:\/\/klubmamgdynia.pl\/index.php\/wp-json\/wp\/v2\/product_tag?post=5481"}],"curies":[{"name":"wp","href":"https:\/\/api.w.org\/{rel}","templated":true}]}}