{"id":5483,"date":"2024-07-25T12:50:30","date_gmt":"2024-07-25T10:50:30","guid":{"rendered":"http:\/\/klubmamgdynia.pl\/?post_type=product&#038;p=5483"},"modified":"2026-05-01T13:16:04","modified_gmt":"2026-05-01T11:16:04","slug":"philips-series-5000-s5589-30","status":"publish","type":"product","link":"http:\/\/klubmamgdynia.pl\/index.php\/produkt\/philips-series-5000-s5589-30\/","title":{"rendered":"PHILIPS Series 5000 S5589\/30"},"content":{"rendered":"<p>Jak otrzyma\u0107 dodatkow\u0105 gwarancj\u0119?1.\tKup produkt promocyjny w czasie trwania promocji2.\tZarejestruj sw\u00f3j produkt w ci\u0105gu 30 dni od zakupu na stronie: philips.pl\/welcome3.\tW mailu zwrotnym otrzymasz potwierdzenie przed\u0142u\u017cenia gwarancjiPromocja trwa od 01.01.2022 r. do 31.12.2022 r.                            <\/p>\n<p>                                Regulamin promocji &#8211; Sprawd\u017a!<\/p>\n<h2>PHILIPS Series 5000 S5589\/30 Philips<\/h2>\n<p>ma\u0142y ksi\u0105\u017ce cytaty o przyja\u017ani, mira imi\u0119, alan znaczenie imienia, tabliczka mno\u017cenia kolorowanki do wydruku, plac zabaw warszawa, quiz flagi europy, dzieci z bullerbyn quiz, zagadki o wielkanocy dla dzieci, zabawka na roczek dla ch\u0142opca, po\u0142\u0105cz kropki do druku, co kupi\u0107 dziewczynce na roczek, kolorowanki dla ch\u0142opc\u00f3w, test z opowie\u015bci z narnii lew czarownica i stara szafa, sentencja rodzina, cytaty dla mamy od c\u00f3rki<\/p>\n<p>yyyyy<\/p>\n<p>&nbsp;<\/p>\n","protected":false},"excerpt":{"rendered":"<p>Jak otrzyma\u0107 dodatkow\u0105 gwarancj\u0119?1. Kup produkt promocyjny w czasie trwania promocji2. Zarejestruj sw\u00f3j produkt w ci\u0105gu 30 dni od zakupu na stronie: philips.pl\/welcome3. W mailu zwrotnym otrzymasz potwierdzenie przed\u0142u\u017cenia gwarancjiPromocja trwa od 01.01.2022 r. do 31.12.2022 r. Regulamin promocji &#8211; Sprawd\u017a! PHILIPS Series 5000 S5589\/30 Philips ma\u0142y ksi\u0105\u017ce cytaty o przyja\u017ani, mira imi\u0119, alan znaczenie [&hellip;]<\/p>\n","protected":false},"featured_media":5484,"comment_status":"closed","ping_status":"open","template":"","meta":[],"product_cat":[1353,261],"product_tag":[859,775,582,815,785,634],"class_list":["post-5483","product","type-product","status-publish","has-post-thumbnail","hentry","product_cat-golarki-meskie","product_cat-philips","product_tag-dobranoc-pchly-na-noc","product_tag-kolorowanki-do-druku-pokemon","product_tag-nauka-pisania-literek-do-wydruku-pdf","product_tag-ozdoby-choinkowe-dla-dzieci","product_tag-prezent-dla-nastolatkow","product_tag-zagadki-wielkanocne-dla-dzieci"],"_links":{"self":[{"href":"http:\/\/klubmamgdynia.pl\/index.php\/wp-json\/wp\/v2\/product\/5483","targetHints":{"allow":["GET"]}}],"collection":[{"href":"http:\/\/klubmamgdynia.pl\/index.php\/wp-json\/wp\/v2\/product"}],"about":[{"href":"http:\/\/klubmamgdynia.pl\/index.php\/wp-json\/wp\/v2\/types\/product"}],"replies":[{"embeddable":true,"href":"http:\/\/klubmamgdynia.pl\/index.php\/wp-json\/wp\/v2\/comments?post=5483"}],"wp:featuredmedia":[{"embeddable":true,"href":"http:\/\/klubmamgdynia.pl\/index.php\/wp-json\/wp\/v2\/media\/5484"}],"wp:attachment":[{"href":"http:\/\/klubmamgdynia.pl\/index.php\/wp-json\/wp\/v2\/media?parent=5483"}],"wp:term":[{"taxonomy":"product_cat","embeddable":true,"href":"http:\/\/klubmamgdynia.pl\/index.php\/wp-json\/wp\/v2\/product_cat?post=5483"},{"taxonomy":"product_tag","embeddable":true,"href":"http:\/\/klubmamgdynia.pl\/index.php\/wp-json\/wp\/v2\/product_tag?post=5483"}],"curies":[{"name":"wp","href":"https:\/\/api.w.org\/{rel}","templated":true}]}}