{"id":5485,"date":"2019-06-15T15:33:44","date_gmt":"2019-06-15T13:33:44","guid":{"rendered":"http:\/\/klubmamgdynia.pl\/index.php\/produkt\/suavinex-butelka-270ml-premium-smoczek-okragly-silikonowy-3-przeplywowy-kotek-szary-hygge-baby\/"},"modified":"2026-04-30T23:28:35","modified_gmt":"2026-04-30T21:28:35","slug":"suavinex-butelka-270ml-premium-smoczek-okragly-silikonowy-3-przeplywowy-kotek-szary-hygge-baby","status":"publish","type":"product","link":"http:\/\/klubmamgdynia.pl\/index.php\/produkt\/suavinex-butelka-270ml-premium-smoczek-okragly-silikonowy-3-przeplywowy-kotek-szary-hygge-baby\/","title":{"rendered":"Suavinex Butelka 270Ml Premium Smoczek Okr\u0105g\u0142y Silikonowy 3 Przep\u0142ywowy Kotek Szary Hygge Baby"},"content":{"rendered":"<p>Kolekcja Hygge Baby, filozofia slow life z akcentem premium.Wysokiej jako\u015bci poliamidowa butelka dla dziecka z okr\u0105g\u0142ym, silikonowym, tr\u00f3jpozycyjnym smoczkiem, o pojemno\u015bci 270 ml.3-pozycyjny okr\u0105g\u0142y smoczek dostosowuje si\u0119 do potrzeb dziecka i rodzaju po\u017cywienia, poniewa\u017c po obr\u00f3ceniu butelki pozwala regulowa\u0107 intensywno\u015b\u0107 wyp\u0142ywu p\u0142ynu, gwarantuj\u0105c prawid\u0142owe ssanie od pierwszego dnia.Smoczki do butelek zatwierdzone przez Hiszpa\u0144skie Towarzystwo Stomatologii Dzieci\u0119cej (SEOP) i zalecane przez Stowarzyszenie W\u0142oskich Specjalist\u00f3w Ortodoncji (ASIO).<\/p>\n<h2>Suavinex Butelka 270Ml Premium Smoczek Okr\u0105g\u0142y Silikonowy 3 Przep\u0142ywowy Kotek Szary Hygge Baby Suavinex<\/h2>\n<p>kolorowanka pies, traktor z przyczep\u0105 kolorowanka, hejka tu lenka quizy, wiersz na dobranoc dla dzieci, w\u0142ochy, planety do druku dla dzieci, wystawy dla dzieci warszawa, maly kotek kotek kolorowanka, ozdoby na choink\u0119 dla dzieci z papieru, prezent dla ch\u0142opca 7 lat, dziewczynka z parku pytania i odpowiedzi, karty pracy dla dzieci z ukrainy klasa 3, quiz o \u015bwi\u0119tach bo\u017cego narodzenia, szlaczki literopodobne, molo w brze\u017anie, testy na znaki drogowe<\/p>\n<p>yyyyy<\/p>\n<p>&nbsp;<\/p>\n","protected":false},"excerpt":{"rendered":"<p>Kolekcja Hygge Baby, filozofia slow life z akcentem premium.Wysokiej jako\u015bci poliamidowa butelka dla dziecka z okr\u0105g\u0142ym, silikonowym, tr\u00f3jpozycyjnym smoczkiem, o pojemno\u015bci 270 ml.3-pozycyjny okr\u0105g\u0142y smoczek dostosowuje si\u0119 do potrzeb dziecka i rodzaju po\u017cywienia, poniewa\u017c po obr\u00f3ceniu butelki pozwala regulowa\u0107 intensywno\u015b\u0107 wyp\u0142ywu p\u0142ynu, gwarantuj\u0105c prawid\u0142owe ssanie od pierwszego dnia.Smoczki do butelek zatwierdzone przez Hiszpa\u0144skie Towarzystwo Stomatologii [&hellip;]<\/p>\n","protected":false},"featured_media":5486,"comment_status":"closed","ping_status":"open","template":"","meta":[],"product_cat":[195,1328],"product_tag":[637,590,751,615],"class_list":["post-5485","product","type-product","status-publish","has-post-thumbnail","hentry","product_cat-butelki","product_cat-suavinex","product_tag-niech-zyja-wakacje-tekst","product_tag-plac-zabaw-warszawa","product_tag-psi-patrol-kolorowanka","product_tag-znane-misie-z-filmow-animowanych"],"_links":{"self":[{"href":"http:\/\/klubmamgdynia.pl\/index.php\/wp-json\/wp\/v2\/product\/5485","targetHints":{"allow":["GET"]}}],"collection":[{"href":"http:\/\/klubmamgdynia.pl\/index.php\/wp-json\/wp\/v2\/product"}],"about":[{"href":"http:\/\/klubmamgdynia.pl\/index.php\/wp-json\/wp\/v2\/types\/product"}],"replies":[{"embeddable":true,"href":"http:\/\/klubmamgdynia.pl\/index.php\/wp-json\/wp\/v2\/comments?post=5485"}],"wp:featuredmedia":[{"embeddable":true,"href":"http:\/\/klubmamgdynia.pl\/index.php\/wp-json\/wp\/v2\/media\/5486"}],"wp:attachment":[{"href":"http:\/\/klubmamgdynia.pl\/index.php\/wp-json\/wp\/v2\/media?parent=5485"}],"wp:term":[{"taxonomy":"product_cat","embeddable":true,"href":"http:\/\/klubmamgdynia.pl\/index.php\/wp-json\/wp\/v2\/product_cat?post=5485"},{"taxonomy":"product_tag","embeddable":true,"href":"http:\/\/klubmamgdynia.pl\/index.php\/wp-json\/wp\/v2\/product_tag?post=5485"}],"curies":[{"name":"wp","href":"https:\/\/api.w.org\/{rel}","templated":true}]}}