{"id":5487,"date":"2010-11-24T02:44:39","date_gmt":"2010-11-24T01:44:39","guid":{"rendered":"http:\/\/klubmamgdynia.pl\/index.php\/produkt\/air-pro-dmuchana-mata-wodna-sensoryczna-dla-dzieci-xxl\/"},"modified":"2026-04-07T11:20:06","modified_gmt":"2026-04-07T09:20:06","slug":"air-pro-dmuchana-mata-wodna-sensoryczna-dla-dzieci-xxl","status":"publish","type":"product","link":"http:\/\/klubmamgdynia.pl\/index.php\/produkt\/air-pro-dmuchana-mata-wodna-sensoryczna-dla-dzieci-xxl\/","title":{"rendered":"Air-Pro Dmuchana Mata Wodna Sensoryczna Dla Dzieci Xxl"},"content":{"rendered":"<p>DMUCHANA MATA WODNA SENSORYCZNA DLA NIEMOWL\u0104T XXL\u2705edukacyjna mata wodna dla dzieci\u2705wymiary: 64 x 47 x 7 cm\u2705materia\u0142: PCV\u2705kolor: wielokolorowa\u2705wiek dziecka: od 3 miesi\u0119cy\u2705szczelna i odporna na przebicie i przetarcia\u2705wolna od BPAUwaga!Mata mo\u017ce nieznacznie r\u00f3\u017cni\u0107 si\u0119 od wzoru na zdj\u0119ciu.SPECYFIKACJA\u2705\u0142atwy w przechowywaniu i utrzymywaniu czysto\u015bci\u2705posiada certyfikat EN71\u2705materia\u0142, z kt\u00f3rego zosta\u0142 wykonany nie zawiera BPA\u2705wymiary: 64x 47 x 7 cm\u2705materia\u0142: PCV\u2705kolor: wielokolorowa\u2705wiek dziecka: od 3 miesi\u0119cyZalety:\u2705Wykonana z wytrzyma\u0142ego tworzywa\u2705Lekka i \u0142atwa w przechowywaniu\u2705Zabawa na macie wspomaga prawid\u0142owy rozw\u00f3j psychomotoryczny dziecka\u2705Wspomaga umiej\u0119tno\u015b\u0107 skupienia uwagi\u2705Wspiera prawid\u0142owy rozw\u00f3j mi\u0119\u015bni\u2705Nasycone kolory, kt\u00f3re przyci\u0105gn\u0105 uwag\u0119 dziecka.\u2705Nie przecieka\u2705Du\u017cy rozmiar\u2705Fantastyczny prezent dla dziecka na ka\u017cd\u0105 okazj\u0119 !Produkt Pakowany w FolieZESTAW ZAWIERAwodna mata z nadmuchiwanym ko\u0142nierzemProdukt posiada certyfikat EN71 a materia\u0142, z kt\u00f3rego zosta\u0142 wykonany nie zawiera BPA.Wskaz\u00f3wki:\u015arodek maty mo\u017ce by\u0107 nape\u0142niony wod\u0105 wi\u0119cej lub mniej w zale\u017cno\u015bci od \u017c\u0105danego efektuMo\u017ce by\u0107 nape\u0142niony wod\u0105 i powietrzem jednocze\u015bnie<\/p>\n<h2>Air-Pro Dmuchana Mata Wodna Sensoryczna Dla Dzieci Xxl <\/h2>\n<p>cytat rodzina, wycinanki do druku, kolorowanka robot, mi\u0142osz imi\u0119, wzory zaprosze\u0144 zaproszenie na urodziny szablon do druku, kiedy dzieci chodz\u0105 na halloween, cytat o mamie, kolorowanka harry potter, zagadki dla starszych dzieci, wroc\u0142aw i okolice atrakcje, zagadki rymowane, ju\u017c blisko kol\u0119da tekst, m\u0105dre prezenty dla 7 latki, dobrej nocy i sza, ko\u0142ysanki dla dzieci + tekst, ko\u0142ysanki dla dzieci tekst<\/p>\n<p>yyyyy<\/p>\n<p>&nbsp;<\/p>\n","protected":false},"excerpt":{"rendered":"<p>DMUCHANA MATA WODNA SENSORYCZNA DLA NIEMOWL\u0104T XXL\u2705edukacyjna mata wodna dla dzieci\u2705wymiary: 64 x 47 x 7 cm\u2705materia\u0142: PCV\u2705kolor: wielokolorowa\u2705wiek dziecka: od 3 miesi\u0119cy\u2705szczelna i odporna na przebicie i przetarcia\u2705wolna od BPAUwaga!Mata mo\u017ce nieznacznie r\u00f3\u017cni\u0107 si\u0119 od wzoru na zdj\u0119ciu.SPECYFIKACJA\u2705\u0142atwy w przechowywaniu i utrzymywaniu czysto\u015bci\u2705posiada certyfikat EN71\u2705materia\u0142, z kt\u00f3rego zosta\u0142 wykonany nie zawiera BPA\u2705wymiary: 64x 47 [&hellip;]<\/p>\n","protected":false},"featured_media":5488,"comment_status":"closed","ping_status":"open","template":"","meta":[],"product_cat":[55],"product_tag":[839,683,602,606,771,767],"class_list":["post-5487","product","type-product","status-publish","has-post-thumbnail","hentry","product_cat-maty-edukacyjne","product_tag-bajki-na-dobranoc-do-czytania","product_tag-karaluchy-pod-poduchy","product_tag-quiz-o-zwierzetach-domowych","product_tag-stala-pod-sniegiem","product_tag-stolice-europy-quiz","product_tag-zaproszenia-urodzinowe-do-druku"],"_links":{"self":[{"href":"http:\/\/klubmamgdynia.pl\/index.php\/wp-json\/wp\/v2\/product\/5487","targetHints":{"allow":["GET"]}}],"collection":[{"href":"http:\/\/klubmamgdynia.pl\/index.php\/wp-json\/wp\/v2\/product"}],"about":[{"href":"http:\/\/klubmamgdynia.pl\/index.php\/wp-json\/wp\/v2\/types\/product"}],"replies":[{"embeddable":true,"href":"http:\/\/klubmamgdynia.pl\/index.php\/wp-json\/wp\/v2\/comments?post=5487"}],"wp:featuredmedia":[{"embeddable":true,"href":"http:\/\/klubmamgdynia.pl\/index.php\/wp-json\/wp\/v2\/media\/5488"}],"wp:attachment":[{"href":"http:\/\/klubmamgdynia.pl\/index.php\/wp-json\/wp\/v2\/media?parent=5487"}],"wp:term":[{"taxonomy":"product_cat","embeddable":true,"href":"http:\/\/klubmamgdynia.pl\/index.php\/wp-json\/wp\/v2\/product_cat?post=5487"},{"taxonomy":"product_tag","embeddable":true,"href":"http:\/\/klubmamgdynia.pl\/index.php\/wp-json\/wp\/v2\/product_tag?post=5487"}],"curies":[{"name":"wp","href":"https:\/\/api.w.org\/{rel}","templated":true}]}}