{"id":549,"date":"2021-04-06T14:39:44","date_gmt":"2021-04-06T12:39:44","guid":{"rendered":"http:\/\/klubmamgdynia.pl\/index.php\/produkt\/legler-ohg-strasenmalkreide-3er-pack-12-kreiden-wersja-niemiecka\/"},"modified":"2026-04-22T13:46:18","modified_gmt":"2026-04-22T11:46:18","slug":"legler-ohg-strasenmalkreide-3er-pack-12-kreiden-wersja-niemiecka","status":"publish","type":"product","link":"http:\/\/klubmamgdynia.pl\/index.php\/produkt\/legler-ohg-strasenmalkreide-3er-pack-12-kreiden-wersja-niemiecka\/","title":{"rendered":"Legler Ohg Stra\u00dfenmalkreide\/3er Pack ? 12 Kreiden (wersja niemiecka)"},"content":{"rendered":"<h2>Legler Ohg Stra\u00dfenmalkreide\/3er Pack ? 12 Kreiden (wersja niemiecka) <\/h2>\n<p>wzruszajace cytaty o rodzinie, zaj\u0119cia dla nastolatk\u00f3w, kolorowanka pokemon, imie kuba, dobrej nocy, ma\u0142y ksi\u0105\u017c\u0119 cytaty, zagadki o owocach, pytania o \u015bwi\u0119ta dla dzieci, bajki do czytania, quiz znaki drogowe, lody kolorowanka, cytaty korczak, jedzie poci\u0105g z daleka tekst, lego ninjago kolorowanki, opisy do zdj\u0119\u0107 z dzieckiem, prezenty dla rocznego dziecka, ozdoby wielkanocne kt\u00f3re mog\u0105 zrobi\u0107 dzieci, warszawa z dzieckiem, zagadki dla ma\u0142ych dzieci, prima aprilis zarty<\/p>\n<p>yyyyy<\/p>\n<p>&nbsp;<\/p>\n","protected":false},"excerpt":{"rendered":"<p>Legler Ohg Stra\u00dfenmalkreide\/3er Pack ? 12 Kreiden (wersja niemiecka) wzruszajace cytaty o rodzinie, zaj\u0119cia dla nastolatk\u00f3w, kolorowanka pokemon, imie kuba, dobrej nocy, ma\u0142y ksi\u0105\u017c\u0119 cytaty, zagadki o owocach, pytania o \u015bwi\u0119ta dla dzieci, bajki do czytania, quiz znaki drogowe, lody kolorowanka, cytaty korczak, jedzie poci\u0105g z daleka tekst, lego ninjago kolorowanki, opisy do zdj\u0119\u0107 z [&hellip;]<\/p>\n","protected":false},"featured_media":550,"comment_status":"closed","ping_status":"open","template":"","meta":[],"product_cat":[130],"product_tag":[671,856,647,782,604],"class_list":["post-549","product","type-product","status-publish","has-post-thumbnail","hentry","product_cat-gry-dzieciece","product_tag-cicha-noc-po-angielsku-tekst","product_tag-prezent-dla-16-latki","product_tag-warszawa-z-dzieckiem","product_tag-zagadki-dla-dzieci-z-odpowiedziami","product_tag-zagadki-trudne"],"_links":{"self":[{"href":"http:\/\/klubmamgdynia.pl\/index.php\/wp-json\/wp\/v2\/product\/549","targetHints":{"allow":["GET"]}}],"collection":[{"href":"http:\/\/klubmamgdynia.pl\/index.php\/wp-json\/wp\/v2\/product"}],"about":[{"href":"http:\/\/klubmamgdynia.pl\/index.php\/wp-json\/wp\/v2\/types\/product"}],"replies":[{"embeddable":true,"href":"http:\/\/klubmamgdynia.pl\/index.php\/wp-json\/wp\/v2\/comments?post=549"}],"wp:featuredmedia":[{"embeddable":true,"href":"http:\/\/klubmamgdynia.pl\/index.php\/wp-json\/wp\/v2\/media\/550"}],"wp:attachment":[{"href":"http:\/\/klubmamgdynia.pl\/index.php\/wp-json\/wp\/v2\/media?parent=549"}],"wp:term":[{"taxonomy":"product_cat","embeddable":true,"href":"http:\/\/klubmamgdynia.pl\/index.php\/wp-json\/wp\/v2\/product_cat?post=549"},{"taxonomy":"product_tag","embeddable":true,"href":"http:\/\/klubmamgdynia.pl\/index.php\/wp-json\/wp\/v2\/product_tag?post=549"}],"curies":[{"name":"wp","href":"https:\/\/api.w.org\/{rel}","templated":true}]}}