{"id":5491,"date":"2016-08-21T11:43:52","date_gmt":"2016-08-21T09:43:52","guid":{"rendered":"http:\/\/klubmamgdynia.pl\/index.php\/produkt\/lansinoh-zestaw-startowy-butelki-160ml-240ml-ze-smoczkami-naturalwave-smoczek-fast\/"},"modified":"2026-04-05T22:45:59","modified_gmt":"2026-04-05T20:45:59","slug":"lansinoh-zestaw-startowy-butelki-160ml-240ml-ze-smoczkami-naturalwave-smoczek-fast","status":"publish","type":"product","link":"http:\/\/klubmamgdynia.pl\/index.php\/produkt\/lansinoh-zestaw-startowy-butelki-160ml-240ml-ze-smoczkami-naturalwave-smoczek-fast\/","title":{"rendered":"Lansinoh Zestaw Startowy Butelki (160Ml + 240Ml) Ze Smoczkami NaturalWave + Smoczek Fast"},"content":{"rendered":"<p>Opis: Butelki do karmienia dla niemowl\u0105t ze smoczkami. Dzi\u0119ki unikalnej budowie o stopniowym nachyleniu umo\u017cliwia p\u0142ynne ruchy perystaltyczne j\u0119zyka. Pobudza u dziecka zaanga\u017cowanie narz\u0105d\u00f3w jamy ustnej by pobudza\u0107 ich prawid\u0142owy rozw\u00f3j. Szeroka baza smoczka dla \u0142atwego uchwycenia przez dziecko i efektywnego ssania. Kompatybilna z pozosta\u0142ymi produktami Lansinoh. Przebadana klinicznie pod k\u0105tem utrwalania dobrych wzorc\u00f3w karmienia naturalnego. Sk\u0142ad: Zestaw zawiera:1 x Butelk\u0119 o pojemno\u015bci 160 ml1 x Butelk\u0119 o pojemno\u015bci 240 ml1 x Smoczek NaturalWave\u2122 o wolnym przep\u0142ywie1 x Smoczek NaturalWave\u2122 o \u015brednim przep\u0142ywie1 x Smoczek NaturalWave\u2122 o szybkim przep\u0142ywie.<\/p>\n<h2>Lansinoh Zestaw Startowy Butelki (160Ml + 240Ml) Ze Smoczkami NaturalWave + Smoczek Fast Lansinoh<\/h2>\n<p>zagadki dla przedszkolak\u00f3w, ahmed, co na roczek, bajka o smoku, motto dla nauczyciela, melania imi\u0119, kolorowanki andrzejkowe, bajka dla dzieci do czytania, logiczne zagadki dla dzieci, rebusy i krzy\u017c\u00f3wki dla dzieci do druku<\/p>\n<p>yyyyy<\/p>\n<p>&nbsp;<\/p>\n","protected":false},"excerpt":{"rendered":"<p>Opis: Butelki do karmienia dla niemowl\u0105t ze smoczkami. Dzi\u0119ki unikalnej budowie o stopniowym nachyleniu umo\u017cliwia p\u0142ynne ruchy perystaltyczne j\u0119zyka. Pobudza u dziecka zaanga\u017cowanie narz\u0105d\u00f3w jamy ustnej by pobudza\u0107 ich prawid\u0142owy rozw\u00f3j. Szeroka baza smoczka dla \u0142atwego uchwycenia przez dziecko i efektywnego ssania. Kompatybilna z pozosta\u0142ymi produktami Lansinoh. Przebadana klinicznie pod k\u0105tem utrwalania dobrych wzorc\u00f3w karmienia [&hellip;]<\/p>\n","protected":false},"featured_media":5492,"comment_status":"closed","ping_status":"open","template":"","meta":[],"product_cat":[195,1354],"product_tag":[772,775,587,636,737],"class_list":["post-5491","product","type-product","status-publish","has-post-thumbnail","hentry","product_cat-butelki","product_cat-lansinoh","product_tag-45-panstw-europy-i-ich-stolice-quiz","product_tag-kolorowanki-do-druku-pokemon","product_tag-skalne-miasto","product_tag-teksty-kolysanek","product_tag-test-z-lektury-felix-net-i-nika-oraz-gang-niewidzialnych-ludzi"],"_links":{"self":[{"href":"http:\/\/klubmamgdynia.pl\/index.php\/wp-json\/wp\/v2\/product\/5491","targetHints":{"allow":["GET"]}}],"collection":[{"href":"http:\/\/klubmamgdynia.pl\/index.php\/wp-json\/wp\/v2\/product"}],"about":[{"href":"http:\/\/klubmamgdynia.pl\/index.php\/wp-json\/wp\/v2\/types\/product"}],"replies":[{"embeddable":true,"href":"http:\/\/klubmamgdynia.pl\/index.php\/wp-json\/wp\/v2\/comments?post=5491"}],"wp:featuredmedia":[{"embeddable":true,"href":"http:\/\/klubmamgdynia.pl\/index.php\/wp-json\/wp\/v2\/media\/5492"}],"wp:attachment":[{"href":"http:\/\/klubmamgdynia.pl\/index.php\/wp-json\/wp\/v2\/media?parent=5491"}],"wp:term":[{"taxonomy":"product_cat","embeddable":true,"href":"http:\/\/klubmamgdynia.pl\/index.php\/wp-json\/wp\/v2\/product_cat?post=5491"},{"taxonomy":"product_tag","embeddable":true,"href":"http:\/\/klubmamgdynia.pl\/index.php\/wp-json\/wp\/v2\/product_tag?post=5491"}],"curies":[{"name":"wp","href":"https:\/\/api.w.org\/{rel}","templated":true}]}}