{"id":5493,"date":"2021-07-11T04:30:10","date_gmt":"2021-07-11T02:30:10","guid":{"rendered":"http:\/\/klubmamgdynia.pl\/index.php\/produkt\/simed-majteczki-kapielowe-delfinki\/"},"modified":"2026-04-04T23:22:16","modified_gmt":"2026-04-04T21:22:16","slug":"simed-majteczki-kapielowe-delfinki","status":"publish","type":"product","link":"http:\/\/klubmamgdynia.pl\/index.php\/produkt\/simed-majteczki-kapielowe-delfinki\/","title":{"rendered":"Simed Majteczki K\u0105pielowe Delfinki"},"content":{"rendered":"<p>Simed Pieluszka K\u0105pielowa Delfinki Pieluszka wewn\u0105trz posiada mi\u0119ciutki przyjemny siateczkowy materia\u0142 kt\u00f3ry nie podra\u017cania sk\u00f3ry dziecka zapewniaj\u0105c mu pe\u0142n\u0105 wygod\u0119 Pieluszka jest regulowana napami dzi\u0119ki czemu dopasuje si\u0119 do brzuszka pozwalaj\u0105c utrzyma\u0107 w czysto\u015bci malucha i otoczenie : W przeciwie\u0144stwie do zwyk\u0142ych pieluch pieluszka k\u0105pielowa posiada wodoodporna warstw\u0119 zewn\u0119trzn\u0105 Majteczki k\u0105pielowe posiadaj\u0105 wodoodporn\u0105 warstw\u0119 nbsp;dzi\u0119ki kt\u00f3rej zawarto\u015b\u0107 nie wydostanie si\u0119 na zewn\u0105trz Wewn\u0119trzna siateczka jest mi\u0119kka delikatna i przyjemna dla sk\u00f3ry dziecka Majteczki Mila mo\u017cna wykorzysta\u0107 nie tylko do k\u0105pieli ale tak\u017ce do pla\u017cowania Mo\u017cemy wtedy dodatkowo u\u017cy\u0107 wk\u0142adu ch\u0142onnego Polecamy wk\u0142ad bambusowy ma cztery warstwy i du\u017c\u0105 ch\u0142onno\u015b\u0107 jednak w odczuciu jest cieniutki Producent: nbsp;Simed Wz\u00f3r: Delfinki Waga: nbsp;od 5 do 12 kg Obw\u00f3d pasa: nbsp;24 52cm Obw\u00f3d n\u00f3\u017cki: nbsp;12 28cm Regulacja nap: nbsp;pozwala dopasowa\u0107 majteczki do wieku i wagi dziecka rozmiary S M L Majteczki basenowe s\u0105 idealne na pla\u017c\u0119 i do k\u0105pieli nbsp;<\/p>\n<h2>Simed Majteczki K\u0105pielowe Delfinki Simed<\/h2>\n<p>bursztynek, zabawy dla 10 latk\u00f3w, dziecko cytaty z\u0142ote my\u015bli, andrea, prezenty dla nastolatek, zagadki dla dzieci 10 12 lat z odpowiedziami, tabliczka mno\u017cenia do druku, historia pluszowego misia, pytania do lektury asiunia, spongebob kolorowanka, pa\u0144stwa europy i ich stolice quiz, my jeste\u015bmy krasnoludki tekst, rozrywka dla dzieci, quizy hobbit, lol kolorowanka do druku, test z lektury opowie\u015bci z narnii lew czarownica i stara szafa z odpowiedziami<\/p>\n<p>yyyyy<\/p>\n<p>&nbsp;<\/p>\n","protected":false},"excerpt":{"rendered":"<p>Simed Pieluszka K\u0105pielowa Delfinki Pieluszka wewn\u0105trz posiada mi\u0119ciutki przyjemny siateczkowy materia\u0142 kt\u00f3ry nie podra\u017cania sk\u00f3ry dziecka zapewniaj\u0105c mu pe\u0142n\u0105 wygod\u0119 Pieluszka jest regulowana napami dzi\u0119ki czemu dopasuje si\u0119 do brzuszka pozwalaj\u0105c utrzyma\u0107 w czysto\u015bci malucha i otoczenie : W przeciwie\u0144stwie do zwyk\u0142ych pieluch pieluszka k\u0105pielowa posiada wodoodporna warstw\u0119 zewn\u0119trzn\u0105 Majteczki k\u0105pielowe posiadaj\u0105 wodoodporn\u0105 warstw\u0119 nbsp;dzi\u0119ki [&hellip;]<\/p>\n","protected":false},"featured_media":5494,"comment_status":"closed","ping_status":"open","template":"","meta":[],"product_cat":[17,1347],"product_tag":[612,677,596],"class_list":["post-5493","product","type-product","status-publish","has-post-thumbnail","hentry","product_cat-pieluchy","product_cat-simed","product_tag-kolorowanki-do-druku","product_tag-milosz-imie","product_tag-pomysly-na-prima-aprilis"],"_links":{"self":[{"href":"http:\/\/klubmamgdynia.pl\/index.php\/wp-json\/wp\/v2\/product\/5493","targetHints":{"allow":["GET"]}}],"collection":[{"href":"http:\/\/klubmamgdynia.pl\/index.php\/wp-json\/wp\/v2\/product"}],"about":[{"href":"http:\/\/klubmamgdynia.pl\/index.php\/wp-json\/wp\/v2\/types\/product"}],"replies":[{"embeddable":true,"href":"http:\/\/klubmamgdynia.pl\/index.php\/wp-json\/wp\/v2\/comments?post=5493"}],"wp:featuredmedia":[{"embeddable":true,"href":"http:\/\/klubmamgdynia.pl\/index.php\/wp-json\/wp\/v2\/media\/5494"}],"wp:attachment":[{"href":"http:\/\/klubmamgdynia.pl\/index.php\/wp-json\/wp\/v2\/media?parent=5493"}],"wp:term":[{"taxonomy":"product_cat","embeddable":true,"href":"http:\/\/klubmamgdynia.pl\/index.php\/wp-json\/wp\/v2\/product_cat?post=5493"},{"taxonomy":"product_tag","embeddable":true,"href":"http:\/\/klubmamgdynia.pl\/index.php\/wp-json\/wp\/v2\/product_tag?post=5493"}],"curies":[{"name":"wp","href":"https:\/\/api.w.org\/{rel}","templated":true}]}}