{"id":5495,"date":"2011-02-13T15:13:26","date_gmt":"2011-02-13T14:13:26","guid":{"rendered":"http:\/\/klubmamgdynia.pl\/index.php\/produkt\/usaopoly-puzzle-1000el-super-mario-kart\/"},"modified":"2026-04-04T05:25:36","modified_gmt":"2026-04-04T03:25:36","slug":"usaopoly-puzzle-1000el-super-mario-kart","status":"publish","type":"product","link":"http:\/\/klubmamgdynia.pl\/index.php\/produkt\/usaopoly-puzzle-1000el-super-mario-kart\/","title":{"rendered":"Usaopoly Puzzle 1000El. Super Mario Kart"},"content":{"rendered":"<p>PUZZLE: 1000 ELEMENT\u00d3W PRODUCENT: USAopolyNAZWA: SUPER MARIO &#8211; MARIO KART INDEX: 15561KOD EAN: 700304155610ROZMIAR: 680 x 490 mmWYMIARY PUDE\u0141KA: 255 x 205 x 50 mm SUPER MARIO &#8211; MARIO KART SUPER MARIO wraz ze swoimi przyjaci\u00f3\u0142mi walcz\u0105 o wygran\u0105 w wy\u015bcigu! Fantastyczne puzzle w gamingowym klimacie zachwyc\u0105 ka\u017cdego fana MARIO KART i nie tylko! USAopoly to znakomity producent puzzli i gier planszowych z Po\u0142udniowej Kalifornii w Stanach Zjednoczonych.Puzzle \u015bwietnej jako\u015bci, precyzyjnie wykonane, s\u0105 produkowane w USA.<\/p>\n<h2>Usaopoly Puzzle 1000El. Super Mario Kart Usaopoly<\/h2>\n<p>bajki dla dzieci od 7 do 10 lat, zagadki logiczne trudne, historia pluszowego misia dla dzieci, jak narysowa\u0107 cz\u0142owieka, lego ninjago kolorowanki, quiz o wio\u015bnie, ach \u015bpij kochanie tekst, estera<\/p>\n<p>yyyyy<\/p>\n<p>&nbsp;<\/p>\n","protected":false},"excerpt":{"rendered":"<p>PUZZLE: 1000 ELEMENT\u00d3W PRODUCENT: USAopolyNAZWA: SUPER MARIO &#8211; MARIO KART INDEX: 15561KOD EAN: 700304155610ROZMIAR: 680 x 490 mmWYMIARY PUDE\u0141KA: 255 x 205 x 50 mm SUPER MARIO &#8211; MARIO KART SUPER MARIO wraz ze swoimi przyjaci\u00f3\u0142mi walcz\u0105 o wygran\u0105 w wy\u015bcigu! Fantastyczne puzzle w gamingowym klimacie zachwyc\u0105 ka\u017cdego fana MARIO KART i nie tylko! USAopoly [&hellip;]<\/p>\n","protected":false},"featured_media":5496,"comment_status":"closed","ping_status":"open","template":"","meta":[],"product_cat":[90,1352],"product_tag":[700,712,873],"class_list":["post-5495","product","type-product","status-publish","has-post-thumbnail","hentry","product_cat-puzzle","product_cat-usaopoly","product_tag-bajki-do-czytania-dla-dzieci","product_tag-zagadki-o-zwierzetach","product_tag-zagadki-z-odpowiedziami-dla-dzieci"],"_links":{"self":[{"href":"http:\/\/klubmamgdynia.pl\/index.php\/wp-json\/wp\/v2\/product\/5495","targetHints":{"allow":["GET"]}}],"collection":[{"href":"http:\/\/klubmamgdynia.pl\/index.php\/wp-json\/wp\/v2\/product"}],"about":[{"href":"http:\/\/klubmamgdynia.pl\/index.php\/wp-json\/wp\/v2\/types\/product"}],"replies":[{"embeddable":true,"href":"http:\/\/klubmamgdynia.pl\/index.php\/wp-json\/wp\/v2\/comments?post=5495"}],"wp:featuredmedia":[{"embeddable":true,"href":"http:\/\/klubmamgdynia.pl\/index.php\/wp-json\/wp\/v2\/media\/5496"}],"wp:attachment":[{"href":"http:\/\/klubmamgdynia.pl\/index.php\/wp-json\/wp\/v2\/media?parent=5495"}],"wp:term":[{"taxonomy":"product_cat","embeddable":true,"href":"http:\/\/klubmamgdynia.pl\/index.php\/wp-json\/wp\/v2\/product_cat?post=5495"},{"taxonomy":"product_tag","embeddable":true,"href":"http:\/\/klubmamgdynia.pl\/index.php\/wp-json\/wp\/v2\/product_tag?post=5495"}],"curies":[{"name":"wp","href":"https:\/\/api.w.org\/{rel}","templated":true}]}}