{"id":5501,"date":"2017-11-11T11:28:40","date_gmt":"2017-11-11T10:28:40","guid":{"rendered":"http:\/\/klubmamgdynia.pl\/index.php\/produkt\/philips-steamgo-gc299-40\/"},"modified":"2026-05-17T22:23:38","modified_gmt":"2026-05-17T20:23:38","slug":"philips-steamgo-gc299-40","status":"publish","type":"product","link":"http:\/\/klubmamgdynia.pl\/index.php\/produkt\/philips-steamgo-gc299-40\/","title":{"rendered":"PHILIPS Steam&amp;Go GC299\/40"},"content":{"rendered":"<p>ODKRYJ NOWY SPOS\u00d3B NA USUWANIE ZAGNIECE\u0143                            <\/p>\n<p>Bez rozk\u0142adania deskiSzybko i wygodnie\u00a0w dowolnym miejscu                            <\/p>\n<p>Ci\u0105g\u0142y strumie\u0144 pary\u00a0Do 20 g\/minWyg\u0142adza zagniecenia\u00a0                            <\/p>\n<p>Szybkie nagrzewanieGotowo\u015b\u0107 do pracy w 45 sek.                            <\/p>\n<p>Kompaktowy zbiornik wody60 ml wystarczy na 1-2 ubrania                            <\/p>\n<p>JAK DZIA\u0141A PAROWNICA (STEAMER R\u0118CZNY)?                            <\/p>\n<p>SZYBKONagrzewanie trwa ok. 45 sekund i parownica jest ju\u017c gotowa do pracy.                            <\/p>\n<p>WYGODNIEDostosowana do dzia\u0142ania w pionie (na wieszaku)                            <\/p>\n<p>BEZPIECZNIEBrak ryzyka przypalenia i zniszczenia nawet najdelikatniejszych tkanin.                            <\/p>\n<p>ODKRYJ R\u00d3\u017bNE ZASTOSOWANIA PAROWNICY STOJ\u0104CEJ                            <\/p>\n<p>Parownica do ubra\u0144 Philips to wygodne i szybkie urz\u0105dzenie przydatne zar\u00f3wno w domu, jak i w podr\u00f3\u017cy. W kilka chwil usuniesz zagniecenia z ubra\u0144 i nie tylko \u2013 przekonaj si\u0119, \u017ce parownica jest pomocna tak\u017ce w innych sytuacjach!                            <\/p>\n<p>Wyg\u0142adza zagnieceniaBez rozk\u0142adania deski &#8211; na szybko, gdy brakuje czasu.                            <\/p>\n<p>Przydatna w podr\u00f3\u017cyNa wakacjach lub wyjazdach s\u0142u\u017cbowych.                            <\/p>\n<p>Usuwa zapachyUsuwa nieprzyjemne zapachy papieros\u00f3w i jedzenia.                            <\/p>\n<p>Od\u015bwie\u017caOd\u015bwie\u017ca p\u0142aszcze i marynarki bez potrzeby zanoszenia ich do pralni (np. po d\u0142ugim przechowywaniu w szafie).                            <\/p>\n<p>Do nietypowych ubra\u0144Idealna do ubra\u0144 trudnych do wyprasowania tradycyjnym \u017celazkiem.*                            <\/p>\n<p>Zabija bakterieGor\u0105ca para zabija do 99%** bakterii (od\u015bwie\u017canie dzieci\u0119cych pluszak\u00f3w, ubranek).                            <\/p>\n<p>Przydatna w domuOd\u015bwie\u017ca meble tapicerowane, kanapy, fotele, poduszki.                            <\/p>\n<p>UniwersalnaIdealna zar\u00f3wno do damskiej, jak i m\u0119skiej garderoby.                            <\/p>\n<p>* Np. falbanki, cekiny, plisy \u2013 cz\u0119sto spotykane przy kostiumach i ubrankach dzieci\u0119cych.** Badanie przeprowadzone przez zewn\u0119trzn\u0105 instytucj\u0119, obejmuj\u0105ce bakterie Escherichia coli 8099, bakterie gronkowca z\u0142ocistego ATCC 6538 i dro\u017cd\u017caki Canidia albicans ATCC 10231,\u00a0 z zastosowaniem pary przez 8 minut.                            <\/p>\n<p>CO WYR\u00d3\u017bNIA PAROWNIC\u0118\u00a0 PHILIPS                            <\/p>\n<p>Por\u0119czna w ka\u017cdej sytuacji. Pionowy wyrzut paryParownicy Philips mo\u017cna u\u017cywa\u0107 do ubra\u0144 wisz\u0105cych na wieszaku np. na drzwiach lub szafie, bez rozk\u0142adania deski do prasowania.                            <\/p>\n<p>DO JAKICH TYP\u00d3W UBRA\u0143 MO\u017bNA U\u017bYWA\u0106 PAROWNICY?                            <\/p>\n<p>JAK U\u017bYWA\u0106 STEAMERA?                            <\/p>\n<p>Krok 1Nape\u0142nij zbiornik wody i dobrze zamknij.                            <\/p>\n<p>Krok 2Pod\u0142\u0105cz steamer do gniazdka elektrycznego, a nast\u0119pnie w\u0142\u0105cz. Po oko\u0142o 45 sekundach wska\u017anik \u015bwietlny si\u0119 wy\u0142\u0105czy, sygnalizuj\u0105c gotowo\u015b\u0107 do dzia\u0142ania.                            <\/p>\n<p>Krok 3Przed rozpocz\u0119ciem pracy, skieruj strumie\u0144 pary na kilka sekund z dala od odzie\u017cy \u2013 pocz\u0105tkowo mog\u0105 by\u0107 wytwarzane krople wody. Nast\u0119pnie przy\u0142\u00f3\u017c p\u0142yt\u0119 parow\u0105 do materia\u0142u i naci\u015bnij przycisk pary \u2013 nie zwalniaj go a\u017c do zako\u0144czenia u\u017cytkowania.                            <\/p>\n<p>Krok 4Pami\u0119taj, aby dotyka\u0107 p\u0142yt\u0105 parownicy bezpo\u015brednio do tkaniny. Bez obaw, nie przypalisz ubrania!\u00a0 Dla uzyskania dobrych rezultat\u00f3w drug\u0105 r\u0119k\u0105 delikatnie naci\u0105gaj materia\u0142 u do\u0142u ubrania.Uwaga! W celu unikni\u0119cia poparze\u0144 zalecane jest za\u0142o\u017cenie specjalnej r\u0119kawicy do\u0142\u0105czonej do zestawu.                            <\/p>\n<p>Krok 5W celu zapewnienia optymalnej pracy i d\u0142u\u017cszej \u017cywotno\u015bci parownicy, zbiornik urz\u0105dzenia nape\u0142niaj wy\u0142\u0105cznie czyst\u0105 wod\u0105. Nie dodawaj do niej perfum, ani innych \u015brodk\u00f3w chemicznych. Po zako\u0144czeniu pracy pami\u0119taj, aby dok\u0142adnie op\u0142uka\u0107 pojemnik &#8211; zapobiega to osadzaniu si\u0119 kamienia.                            <\/p>\n<p>JAK DBA\u0106 O PAROWNIC\u0118?                            <\/p>\n<p>W domuPami\u0119taj, aby po ka\u017cdym u\u017cyciu parownicy opr\u00f3\u017cnia\u0107 zbiornik wody, szczeg\u00f3lnie je\u015bli wiesz, \u017ce w najbli\u017cszym czasie nie b\u0119dzie ona ponownie u\u017cywana.                            <\/p>\n<p>W podr\u00f3\u017cyZbiornik nale\u017cy tak\u017ce opr\u00f3\u017cnia\u0107 przed podr\u00f3\u017c\u0105, aby wyeliminowa\u0107 ryzyko rozlania si\u0119 wody w baga\u017cu.                            <\/p>\n<p>W przypadku twardej wodyAby zwi\u0119kszy\u0107 \u017cywotno\u015b\u0107 urz\u0105dzenia i zapewni\u0107 maksymaln\u0105 wydajno\u015b\u0107 strumienia pary rekomendowane jest u\u017cywanie przefiltrowanej wody np. w dzbanku Philips IronCare GC024\/10.                            <\/p>\n<p>W OPAKOWANIU                            <\/p>\n<p>DOWIEDZ SI\u0118 WI\u0118CEJ                            <\/p>\n<p>Czy parownica Philips jest bezpieczna dla wszystkich ubra\u0144?\u00a0Tak, steamera do ubra\u0144 firmy Philips mo\u017cna u\u017cywa\u0107 na wszystkich ubraniach przy dowolnym ustawieniu. Bez ryzyka przypalenia czy uszkodzenia tkaniny.Czy trzeba opr\u00f3\u017cnia\u0107 zbiornik parownicy za ka\u017cdym razem?\u00a0Tak, zalecamy opr\u00f3\u017cnianie zbiornika wody steamera do ubra\u0144 po u\u017cyciu. Pozwoli to zapobiec osadzaniu si\u0119 kamienia i rozwijaniu si\u0119 glon\u00f3w.<\/p>\n<h2>PHILIPS Steam&amp;Go GC299\/40 Philips<\/h2>\n<p>smok wawelski bajka, test z lektury kajko i kokosz, w uk\u0142adzie s\u0142onecznym tekst, traktor do druku<\/p>\n<p>yyyyy<\/p>\n<p>&nbsp;<\/p>\n","protected":false},"excerpt":{"rendered":"<p>ODKRYJ NOWY SPOS\u00d3B NA USUWANIE ZAGNIECE\u0143 Bez rozk\u0142adania deskiSzybko i wygodnie\u00a0w dowolnym miejscu Ci\u0105g\u0142y strumie\u0144 pary\u00a0Do 20 g\/minWyg\u0142adza zagniecenia\u00a0 Szybkie nagrzewanieGotowo\u015b\u0107 do pracy w 45 sek. Kompaktowy zbiornik wody60 ml wystarczy na 1-2 ubrania JAK DZIA\u0141A PAROWNICA (STEAMER R\u0118CZNY)? SZYBKONagrzewanie trwa ok. 45 sekund i parownica jest ju\u017c gotowa do pracy. WYGODNIEDostosowana do dzia\u0142ania w [&hellip;]<\/p>\n","protected":false},"featured_media":5502,"comment_status":"closed","ping_status":"open","template":"","meta":[],"product_cat":[1356,261],"product_tag":[662,810,815,745,577],"class_list":["post-5501","product","type-product","status-publish","has-post-thumbnail","hentry","product_cat-parownice-do-ubran","product_cat-philips","product_tag-bajki-na-dobranoc","product_tag-nauka-zegara-do-druku","product_tag-ozdoby-choinkowe-dla-dzieci","product_tag-prezent-dla-15-latki","product_tag-znaki-drogowe-test"],"_links":{"self":[{"href":"http:\/\/klubmamgdynia.pl\/index.php\/wp-json\/wp\/v2\/product\/5501","targetHints":{"allow":["GET"]}}],"collection":[{"href":"http:\/\/klubmamgdynia.pl\/index.php\/wp-json\/wp\/v2\/product"}],"about":[{"href":"http:\/\/klubmamgdynia.pl\/index.php\/wp-json\/wp\/v2\/types\/product"}],"replies":[{"embeddable":true,"href":"http:\/\/klubmamgdynia.pl\/index.php\/wp-json\/wp\/v2\/comments?post=5501"}],"wp:featuredmedia":[{"embeddable":true,"href":"http:\/\/klubmamgdynia.pl\/index.php\/wp-json\/wp\/v2\/media\/5502"}],"wp:attachment":[{"href":"http:\/\/klubmamgdynia.pl\/index.php\/wp-json\/wp\/v2\/media?parent=5501"}],"wp:term":[{"taxonomy":"product_cat","embeddable":true,"href":"http:\/\/klubmamgdynia.pl\/index.php\/wp-json\/wp\/v2\/product_cat?post=5501"},{"taxonomy":"product_tag","embeddable":true,"href":"http:\/\/klubmamgdynia.pl\/index.php\/wp-json\/wp\/v2\/product_tag?post=5501"}],"curies":[{"name":"wp","href":"https:\/\/api.w.org\/{rel}","templated":true}]}}