{"id":5503,"date":"2019-06-23T00:44:10","date_gmt":"2019-06-22T22:44:10","guid":{"rendered":"http:\/\/klubmamgdynia.pl\/index.php\/produkt\/philips-seria-8000-bre715-00\/"},"modified":"2026-04-03T23:38:47","modified_gmt":"2026-04-03T21:38:47","slug":"philips-seria-8000-bre715-00","status":"publish","type":"product","link":"http:\/\/klubmamgdynia.pl\/index.php\/produkt\/philips-seria-8000-bre715-00\/","title":{"rendered":"PHILIPS Seria 8000 BRE715\/00"},"content":{"rendered":"<p>Jak otrzyma\u0107 dodatkow\u0105 gwarancj\u0119?1. Kup produkt promocyjny u jednego z naszych autoryzowanych partner\u00f3w (lista dost\u0119pna na stronie)  w czasie trwania promocji.2. Zarejestruj sw\u00f3j produkt w ci\u0105gu 30 dni od zakupu na stronie: philips.pl\/welcome<br \/>\n. 3. W mailu zwrotnym otrzymasz potwierdzenie przed\u0142u\u017cenia gwarancji.<br \/>\nPromocja trwa od 01.01.2022 r. do 31.12.2022 r.                            <\/p>\n<p>                                Regulamin promocji &#8211; Sprawd\u017a!<\/p>\n<h2>PHILIPS Seria 8000 BRE715\/00 Philips<\/h2>\n<p>uk\u0142ad s\u0142oneczny do druku, labirynt psi patrol, p\u0142atki \u015bniegu szablon, ale kino program, skye kolorowanka, przyjazn, maska kota do druku, narodziny dziecka cytat, dorian, bardzo trudne zagadki<\/p>\n<p>yyyyy<\/p>\n<p>&nbsp;<\/p>\n","protected":false},"excerpt":{"rendered":"<p>Jak otrzyma\u0107 dodatkow\u0105 gwarancj\u0119?1. Kup produkt promocyjny u jednego z naszych autoryzowanych partner\u00f3w (lista dost\u0119pna na stronie) w czasie trwania promocji.2. Zarejestruj sw\u00f3j produkt w ci\u0105gu 30 dni od zakupu na stronie: philips.pl\/welcome . 3. W mailu zwrotnym otrzymasz potwierdzenie przed\u0142u\u017cenia gwarancji. Promocja trwa od 01.01.2022 r. do 31.12.2022 r. Regulamin promocji &#8211; Sprawd\u017a! PHILIPS [&hellip;]<\/p>\n","protected":false},"featured_media":5504,"comment_status":"closed","ping_status":"open","template":"","meta":[],"product_cat":[1357,261],"product_tag":[722,670,626,711,736],"class_list":["post-5503","product","type-product","status-publish","has-post-thumbnail","hentry","product_cat-depilatory-i-golarki-damskie","product_cat-philips","product_tag-cytaty-o-przyjazni","product_tag-irma","product_tag-jacek","product_tag-prezenty-dla-nastolatkow","product_tag-zabawki-na-roczek"],"_links":{"self":[{"href":"http:\/\/klubmamgdynia.pl\/index.php\/wp-json\/wp\/v2\/product\/5503","targetHints":{"allow":["GET"]}}],"collection":[{"href":"http:\/\/klubmamgdynia.pl\/index.php\/wp-json\/wp\/v2\/product"}],"about":[{"href":"http:\/\/klubmamgdynia.pl\/index.php\/wp-json\/wp\/v2\/types\/product"}],"replies":[{"embeddable":true,"href":"http:\/\/klubmamgdynia.pl\/index.php\/wp-json\/wp\/v2\/comments?post=5503"}],"wp:featuredmedia":[{"embeddable":true,"href":"http:\/\/klubmamgdynia.pl\/index.php\/wp-json\/wp\/v2\/media\/5504"}],"wp:attachment":[{"href":"http:\/\/klubmamgdynia.pl\/index.php\/wp-json\/wp\/v2\/media?parent=5503"}],"wp:term":[{"taxonomy":"product_cat","embeddable":true,"href":"http:\/\/klubmamgdynia.pl\/index.php\/wp-json\/wp\/v2\/product_cat?post=5503"},{"taxonomy":"product_tag","embeddable":true,"href":"http:\/\/klubmamgdynia.pl\/index.php\/wp-json\/wp\/v2\/product_tag?post=5503"}],"curies":[{"name":"wp","href":"https:\/\/api.w.org\/{rel}","templated":true}]}}