{"id":5509,"date":"2016-11-20T18:27:43","date_gmt":"2016-11-20T17:27:43","guid":{"rendered":"http:\/\/klubmamgdynia.pl\/index.php\/produkt\/gibsons-puzzle-500el-statek-endeavour-whitby-anglia-g3\/"},"modified":"2026-04-27T01:14:54","modified_gmt":"2026-04-26T23:14:54","slug":"gibsons-puzzle-500el-statek-endeavour-whitby-anglia-g3","status":"publish","type":"product","link":"http:\/\/klubmamgdynia.pl\/index.php\/produkt\/gibsons-puzzle-500el-statek-endeavour-whitby-anglia-g3\/","title":{"rendered":"Gibsons Puzzle 500El. Statek Endeavour\/Whitby\/Anglia G3"},"content":{"rendered":"<p>Gibsons to rodzinna firma zajmuj\u0105ca si\u0119 produkcj\u0105 puzzli i gier planszowych. Za\u0142o\u017cona w Londynie w 1919 roku, dostarcza rozrywk\u0119 pokoleniom od ponad 100 lat, a ich motywem przewodnim jest tworzenie produkt\u00f3w najwy\u017cszej jako\u015bci dla wszystkich grup wiekowych.Dlaczego warto wybra\u0107 puzzle marki Gibsons?:Puzzle wytwarzane s\u0105 w Wielkiej Brytanii i Europie, a do ich produkcji u\u017cywany jest karton o najwy\u017cszej gramaturze na rynku. Wsp\u00f3\u0142praca z ca\u0142\u0105 rzesz\u0105 utalentowanych artyst\u00f3w pozwala stworzy\u0107 nowoczesne i ciekawe wzory, od nostalgicznych scen po hipnotyzuj\u0105ce nadruki. Pi\u0119knie ilustrowane elementy s\u0105 zaprojektowane tak, aby idealnie do siebie pasowa\u0142y. Puzzle marki Gibsons s\u0105 przyjazne dla planety. Wykonane s\u0105 w 100% z tektury pochodz\u0105cej z recyklingu i zabezpieczone zak\u0142adkami, a nie foli\u0105 termokurczliw\u0105, aby zmniejszy\u0107 ilo\u015b\u0107 plastiku jednorazowego u\u017cytku. Pude\u0142ko ma b\u0142yszcz\u0105c\u0105 pow\u0142ok\u0119 dla dodatkowej ochrony, ale dzi\u0119ki temu zyska\u0142o tak\u017ce nowy, \u015bwie\u017cy wygl\u0105d. NAZWA PUZZLE 500 STATEK ENDEAVOUR\/WHITBY\/ANGLIA G3 PRODUCENT GIBSONS WIEK 10+ ILO\u015a\u0106 ELEMENT\u00d3W 500 EAN 5012269034363 Znajd\u017a podobne wed\u0142ug klucza: GIBSONS PUZZLE PUZZLE_500 (458563)<\/p>\n<h2>Gibsons Puzzle 500El. Statek Endeavour\/Whitby\/Anglia G3 Gibsons<\/h2>\n<p>jak narysowac kota, minecraft kolorowanki, lamiglowki slowne, kanapki na urodziny dziecka, bajka do czytania na dobranoc, mitologia grecka quiz, podchwytliwe zagadki z odpowiedziami, prank na prima aprilis, prezent dla nastoletniego ch\u0142opca, zagadki podchwytliwe, quiz o stolicach europy, god\u0142o polski do druku, rzadkie imiona dla dziewczynek, \u017cyczenia na lany poniedzia\u0142ek wielkanocny, prezenty dla nastolatki, nauka zegara do druku pdf<\/p>\n<p>yyyyy<\/p>\n<p>&nbsp;<\/p>\n","protected":false},"excerpt":{"rendered":"<p>Gibsons to rodzinna firma zajmuj\u0105ca si\u0119 produkcj\u0105 puzzli i gier planszowych. Za\u0142o\u017cona w Londynie w 1919 roku, dostarcza rozrywk\u0119 pokoleniom od ponad 100 lat, a ich motywem przewodnim jest tworzenie produkt\u00f3w najwy\u017cszej jako\u015bci dla wszystkich grup wiekowych.Dlaczego warto wybra\u0107 puzzle marki Gibsons?:Puzzle wytwarzane s\u0105 w Wielkiej Brytanii i Europie, a do ich produkcji u\u017cywany jest [&hellip;]<\/p>\n","protected":false},"featured_media":5510,"comment_status":"closed","ping_status":"open","template":"","meta":[],"product_cat":[1360,90],"product_tag":[644,862,791,634,633],"class_list":["post-5509","product","type-product","status-publish","has-post-thumbnail","hentry","product_cat-gibsons","product_cat-puzzle","product_tag-mia","product_tag-nasza-zima-zla-tekst","product_tag-zagadki-na-myslenie","product_tag-zagadki-wielkanocne-dla-dzieci","product_tag-zagadki-z-odpowiedziami"],"_links":{"self":[{"href":"http:\/\/klubmamgdynia.pl\/index.php\/wp-json\/wp\/v2\/product\/5509","targetHints":{"allow":["GET"]}}],"collection":[{"href":"http:\/\/klubmamgdynia.pl\/index.php\/wp-json\/wp\/v2\/product"}],"about":[{"href":"http:\/\/klubmamgdynia.pl\/index.php\/wp-json\/wp\/v2\/types\/product"}],"replies":[{"embeddable":true,"href":"http:\/\/klubmamgdynia.pl\/index.php\/wp-json\/wp\/v2\/comments?post=5509"}],"wp:featuredmedia":[{"embeddable":true,"href":"http:\/\/klubmamgdynia.pl\/index.php\/wp-json\/wp\/v2\/media\/5510"}],"wp:attachment":[{"href":"http:\/\/klubmamgdynia.pl\/index.php\/wp-json\/wp\/v2\/media?parent=5509"}],"wp:term":[{"taxonomy":"product_cat","embeddable":true,"href":"http:\/\/klubmamgdynia.pl\/index.php\/wp-json\/wp\/v2\/product_cat?post=5509"},{"taxonomy":"product_tag","embeddable":true,"href":"http:\/\/klubmamgdynia.pl\/index.php\/wp-json\/wp\/v2\/product_tag?post=5509"}],"curies":[{"name":"wp","href":"https:\/\/api.w.org\/{rel}","templated":true}]}}