{"id":5511,"date":"2014-01-07T01:18:15","date_gmt":"2014-01-07T00:18:15","guid":{"rendered":"http:\/\/klubmamgdynia.pl\/index.php\/produkt\/philips-gc4908-80\/"},"modified":"2026-04-30T14:08:00","modified_gmt":"2026-04-30T12:08:00","slug":"philips-gc4908-80","status":"publish","type":"product","link":"http:\/\/klubmamgdynia.pl\/index.php\/produkt\/philips-gc4908-80\/","title":{"rendered":"PHILIPS GC4908\/80"},"content":{"rendered":"<p>Azur\u017belazko parowe GC4908\/80Idealne efekty za ka\u017cdym razemWydajno\u015b\u0107 na d\u0142ugie lata dzi\u0119ki funkcji odkamieniania Quick Calc Release i stopie SteamGlide Elite o zwi\u0119kszonej odporno\u015bci na zarysowania                            <\/p>\n<p>Idealne efekty za ka\u017cdym razemDzi\u0119ki stopie o najlepszej odporno\u015bci na zarysowaniaStrumie\u0144 pary 55 g\/min, uderzenie 250 gStopa SteamGlide EliteSystem antywapienny3000 W                            <\/p>\n<p>Idealne efekty za ka\u017cdym razemDzi\u0119ki stopie o najlepszej odporno\u015bci na zarysowaniaWydajno\u015b\u0107 na d\u0142ugie lata dzi\u0119ki funkcji odkamieniania Quick Calc Release i stopie SteamGlide Elite o zwi\u0119kszonej odporno\u015bci na zarysowania.Ci\u0105g\u0142y strumie\u0144 pary 55 g\/minSilne uderzenie pary 250 gStopa SteamGlide Elite                            <\/p>\n<p>Silne uderzenie pary do 250 g usuwa uporczywe zagnieceniaWnika g\u0142\u0119boko w tkanin\u0119, aby \u0142atwo usuwa\u0107 oporne zagniecenia.Strumie\u0144 pary do 55 g\/min umo\u017cliwia szybsze rozprasowywanie zagniece\u0144Silny, ci\u0105g\u0142y strumie\u0144 sprawia, \u017ce w g\u0142\u0105b tkaniny wnika o 50% wi\u0119cej pary, aby \u0142atwiej usuwa\u0107 zagniecenia.Funkcja szybkiego usuwania kamienia u\u0142atwia czyszczenie \u017celazkaFunkcja szybkiego usuwania kamienia u\u0142atwia czyszczenie \u017celazka i zapewnia dobr\u0105 wydajno\u015b\u0107 strumienia pary przez d\u0142ugi czas                            <\/p>\n<p>Funkcja automatycznego wy\u0142\u0105czania powoduje wy\u0142\u0105czenie \u017celazka zostawionego bez nadzoru\u017belazko wy\u0142\u0105cza si\u0119, je\u015bli jest pozostawione w bezruchu. Je\u015bli zostanie pozostawione na stopie, wy\u0142\u0105czy si\u0119 automatycznie po 30 sekundach, a na podstawie wy\u0142\u0105czy si\u0119 automatycznie po 8 minutach.SteamGlide Elite: najlepszy po\u015blizg i najwy\u017csza odporno\u015b\u0107 na zarysowaniaSteamGlide Elite to wyj\u0105tkowa stopa \u017celazka zapewniaj\u0105ca najlepszy po\u015blizg i najwy\u017csz\u0105 odporno\u015b\u0107 na zarysowania.SteamGlide Elite: najlepszy po\u015blizg i najwy\u017csza odporno\u015b\u0107 na zarysowaniaSteamGlide Elite to wyj\u0105tkowa stopa \u017celazka zapewniaj\u0105ca najlepszy po\u015blizg i najwy\u017csz\u0105 odporno\u015b\u0107 na zarysowania.<\/p>\n<h2>PHILIPS GC4908\/80 Philips<\/h2>\n<p>kolorowanki pokemon do druku, co oznacza jordan, bajki dla niemowl\u0105t do czytania, bajka krecik, zaproszenie na urodziny, prank na prima aprilis, sybilla, marcelina imi\u0119, zagadki logiczne z odpowiedziami, quiz stolice europy, jedzie poci\u0105g z daleka tekst, testy z lektury zemsta, kolorowanka piesek<\/p>\n<p>yyyyy<\/p>\n<p>&nbsp;<\/p>\n","protected":false},"excerpt":{"rendered":"<p>Azur\u017belazko parowe GC4908\/80Idealne efekty za ka\u017cdym razemWydajno\u015b\u0107 na d\u0142ugie lata dzi\u0119ki funkcji odkamieniania Quick Calc Release i stopie SteamGlide Elite o zwi\u0119kszonej odporno\u015bci na zarysowania Idealne efekty za ka\u017cdym razemDzi\u0119ki stopie o najlepszej odporno\u015bci na zarysowaniaStrumie\u0144 pary 55 g\/min, uderzenie 250 gStopa SteamGlide EliteSystem antywapienny3000 W Idealne efekty za ka\u017cdym razemDzi\u0119ki stopie o najlepszej odporno\u015bci [&hellip;]<\/p>\n","protected":false},"featured_media":5512,"comment_status":"closed","ping_status":"open","template":"","meta":[],"product_cat":[261,1361],"product_tag":[673,759,741,581],"class_list":["post-5511","product","type-product","status-publish","has-post-thumbnail","hentry","product_cat-philips","product_cat-zelazka","product_tag-juz-blisko-koleda-tekst","product_tag-pomysly-na-prezent-dla-nastolatkow","product_tag-wlochy","product_tag-zagadki-dla-8-latka"],"_links":{"self":[{"href":"http:\/\/klubmamgdynia.pl\/index.php\/wp-json\/wp\/v2\/product\/5511","targetHints":{"allow":["GET"]}}],"collection":[{"href":"http:\/\/klubmamgdynia.pl\/index.php\/wp-json\/wp\/v2\/product"}],"about":[{"href":"http:\/\/klubmamgdynia.pl\/index.php\/wp-json\/wp\/v2\/types\/product"}],"replies":[{"embeddable":true,"href":"http:\/\/klubmamgdynia.pl\/index.php\/wp-json\/wp\/v2\/comments?post=5511"}],"wp:featuredmedia":[{"embeddable":true,"href":"http:\/\/klubmamgdynia.pl\/index.php\/wp-json\/wp\/v2\/media\/5512"}],"wp:attachment":[{"href":"http:\/\/klubmamgdynia.pl\/index.php\/wp-json\/wp\/v2\/media?parent=5511"}],"wp:term":[{"taxonomy":"product_cat","embeddable":true,"href":"http:\/\/klubmamgdynia.pl\/index.php\/wp-json\/wp\/v2\/product_cat?post=5511"},{"taxonomy":"product_tag","embeddable":true,"href":"http:\/\/klubmamgdynia.pl\/index.php\/wp-json\/wp\/v2\/product_tag?post=5511"}],"curies":[{"name":"wp","href":"https:\/\/api.w.org\/{rel}","templated":true}]}}