{"id":5513,"date":"2024-09-05T19:10:10","date_gmt":"2024-09-05T17:10:10","guid":{"rendered":"http:\/\/klubmamgdynia.pl\/?post_type=product&#038;p=5513"},"modified":"2026-04-07T12:30:47","modified_gmt":"2026-04-07T10:30:47","slug":"peppa-figurka-akcesorium-stroje","status":"publish","type":"product","link":"http:\/\/klubmamgdynia.pl\/index.php\/produkt\/peppa-figurka-akcesorium-stroje\/","title":{"rendered":"Peppa Figurka + akcesorium stroje"},"content":{"rendered":"<p>W opakowaniu znajduje si\u0119 wysokiej jako\u015bci figurka i dodatki do ubierania. Zbierz ca\u0142\u0105 kolekcj\u0119, by zabawa by\u0142a jeszcze lepsza.Mix wzor\u00f3w, towar wysy\u0142any losowoEAN: 5029736070434<\/p>\n<h2>Peppa Figurka + akcesorium stroje TM Toys<\/h2>\n<p>mega trudne zagadki logiczne, prezent na 1 urodziny, laurka dla babci, kolorowanki \u015bwi\u0105teczne do druku pdf, jagna imi\u0119, kornelia, szczotka pasta kubek ciep\u0142a woda tekst, linda, zagadki o psach, \u015bmigus dyngus wiersz dla dzieci<\/p>\n<p>yyyyy<\/p>\n<p>&nbsp;<\/p>\n","protected":false},"excerpt":{"rendered":"<p>W opakowaniu znajduje si\u0119 wysokiej jako\u015bci figurka i dodatki do ubierania. Zbierz ca\u0142\u0105 kolekcj\u0119, by zabawa by\u0142a jeszcze lepsza.Mix wzor\u00f3w, towar wysy\u0142any losowoEAN: 5029736070434 Peppa Figurka + akcesorium stroje TM Toys mega trudne zagadki logiczne, prezent na 1 urodziny, laurka dla babci, kolorowanki \u015bwi\u0105teczne do druku pdf, jagna imi\u0119, kornelia, szczotka pasta kubek ciep\u0142a woda [&hellip;]<\/p>\n","protected":false},"featured_media":5514,"comment_status":"closed","ping_status":"open","template":"","meta":[],"product_cat":[95,145],"product_tag":[853,697,786,694,873],"class_list":["post-5513","product","type-product","status-publish","has-post-thumbnail","hentry","product_cat-figurki-makiety-i-zestawy","product_cat-tm-toys","product_tag-kolorowanki-do-druku-dla-doroslych","product_tag-krotkie-bajki-do-czytania","product_tag-prezent-na-1-urodziny","product_tag-zagadki-swiateczne-dla-dzieci","product_tag-zagadki-z-odpowiedziami-dla-dzieci"],"_links":{"self":[{"href":"http:\/\/klubmamgdynia.pl\/index.php\/wp-json\/wp\/v2\/product\/5513","targetHints":{"allow":["GET"]}}],"collection":[{"href":"http:\/\/klubmamgdynia.pl\/index.php\/wp-json\/wp\/v2\/product"}],"about":[{"href":"http:\/\/klubmamgdynia.pl\/index.php\/wp-json\/wp\/v2\/types\/product"}],"replies":[{"embeddable":true,"href":"http:\/\/klubmamgdynia.pl\/index.php\/wp-json\/wp\/v2\/comments?post=5513"}],"wp:featuredmedia":[{"embeddable":true,"href":"http:\/\/klubmamgdynia.pl\/index.php\/wp-json\/wp\/v2\/media\/5514"}],"wp:attachment":[{"href":"http:\/\/klubmamgdynia.pl\/index.php\/wp-json\/wp\/v2\/media?parent=5513"}],"wp:term":[{"taxonomy":"product_cat","embeddable":true,"href":"http:\/\/klubmamgdynia.pl\/index.php\/wp-json\/wp\/v2\/product_cat?post=5513"},{"taxonomy":"product_tag","embeddable":true,"href":"http:\/\/klubmamgdynia.pl\/index.php\/wp-json\/wp\/v2\/product_tag?post=5513"}],"curies":[{"name":"wp","href":"https:\/\/api.w.org\/{rel}","templated":true}]}}