{"id":5515,"date":"2020-05-12T04:07:49","date_gmt":"2020-05-12T02:07:49","guid":{"rendered":"http:\/\/klubmamgdynia.pl\/index.php\/produkt\/ses-tatuaze-dzieciece-3\/"},"modified":"2026-04-10T13:38:37","modified_gmt":"2026-04-10T11:38:37","slug":"ses-tatuaze-dzieciece-3","status":"publish","type":"product","link":"http:\/\/klubmamgdynia.pl\/index.php\/produkt\/ses-tatuaze-dzieciece-3\/","title":{"rendered":"Ses Tatua\u017ce Dzieci\u0119ce 3"},"content":{"rendered":"<p>Limango.pl to internetowy klub zakupowy dla kobiet i m\u0142odych rodzin, w kt\u00f3rym mog\u0105 kupowa\u0107 wy\u0142\u0105cznie cz\u0142onkowie. W naszej ofercie znajdziecie produkty renomowanych marek &#8211; czasami nawet do 80% taniej.Organizujemy trwaj\u0105ce 3 do 7 dni kampanie sprzeda\u017cowe dla naszych cz\u0142onk\u00f3w w \u015bcis\u0142ej wsp\u00f3\u0142pracy ze znanymi markami z ca\u0142ej Europy.W limango, ze wzgl\u0119du na ograniczenie ilo\u015bciowe produkt\u00f3w obowi\u0105zuje zasada: &#8222;kto pierwszy, ten lepszy!&#8221;. Aby nie przeoczy\u0107 po\u017c\u0105danych produkt\u00f3w, odwiedzaj nas codziennie. Informacje o kampaniach otrzymujesz od nas rano przed ich rozpocz\u0119ciem poprzez rozsy\u0142any newsletter.W limango znajdziecie nie tylko produkty \u015bwiatowych marek, promujemy r\u00f3wnie\u017c uznanych i niszowych polskich producent\u00f3w oraz designer\u00f3w, kt\u00f3rzy tworz\u0105 \u015bwietne i wysokiej jako\u015bci produkty z takich obszar\u00f3w jak: moda, dodatki, odzie\u017c dzieci\u0119ca, obuwie, zdrowie &amp; uroda, sport, trendy &amp; gad\u017cety oraz styl \u017cycia.Wsp\u00f3\u0142pracuj\u0105c bezpo\u015brednio z producentami znanych marek, mo\u017cemy oferowa\u0107 Wam tak korzystne ceny.Opis produktu:- zawarto\u015b\u0107: 50 r\u00f3\u017cnych tatua\u017cy- aby powsta\u0142 tatua\u017c nale\u017cy u\u017cy\u0107 mokrej g\u0105bki i przy\u0142o\u017cy\u0107 do sk\u00f3ry- \u0142atwe zmywanie za pomoc\u0105 wody- zalecenia wiekowe: od 3. roku \u017cyciaUwaga: Produkt nieodpowiedni dla dzieci poni\u017cej 3. roku \u017cycia. Istnieje ryzyko po\u0142kni\u0119cia ma\u0142ych element\u00f3w.<\/p>\n<h2>Ses Tatua\u017ce Dzieci\u0119ce 3 Ses<\/h2>\n<p>samolot z papieru, zagadki wielkanocne do druku, karty pracy dla uczni\u00f3w z ukrainy, kolorowanki bajki, krok jak narysowa\u0107 konia, co kupi\u0107 dziecku na roczek, bursztynek, julian znaczenie imienia, malowanka do druku, zagadki na dzie\u0144 przedszkolaka, stare wiersze dla dzieci, audiobooki dla dzieci za darmo, ma\u0142y ksi\u0105\u017c\u0119 cytaty o mi\u0142o\u015bci, planety uk\u0142ad s\u0142oneczny dla dzieci do druku, zagadki dla dzieci 4-5 lat online, miko\u0142ajek test z lektury<\/p>\n<p>yyyyy<\/p>\n<p>&nbsp;<\/p>\n","protected":false},"excerpt":{"rendered":"<p>Limango.pl to internetowy klub zakupowy dla kobiet i m\u0142odych rodzin, w kt\u00f3rym mog\u0105 kupowa\u0107 wy\u0142\u0105cznie cz\u0142onkowie. W naszej ofercie znajdziecie produkty renomowanych marek &#8211; czasami nawet do 80% taniej.Organizujemy trwaj\u0105ce 3 do 7 dni kampanie sprzeda\u017cowe dla naszych cz\u0142onk\u00f3w w \u015bcis\u0142ej wsp\u00f3\u0142pracy ze znanymi markami z ca\u0142ej Europy.W limango, ze wzgl\u0119du na ograniczenie ilo\u015bciowe produkt\u00f3w [&hellip;]<\/p>\n","protected":false},"featured_media":5516,"comment_status":"closed","ping_status":"open","template":"","meta":[],"product_cat":[357,21],"product_tag":[718,609,760,873],"class_list":["post-5515","product","type-product","status-publish","has-post-thumbnail","hentry","product_cat-ses","product_cat-zabawki-plastyczne","product_tag-prezent-na-roczek-dla-chrzesniaka","product_tag-quiz-flagi-europy","product_tag-zagadka-matematyczna","product_tag-zagadki-z-odpowiedziami-dla-dzieci"],"_links":{"self":[{"href":"http:\/\/klubmamgdynia.pl\/index.php\/wp-json\/wp\/v2\/product\/5515","targetHints":{"allow":["GET"]}}],"collection":[{"href":"http:\/\/klubmamgdynia.pl\/index.php\/wp-json\/wp\/v2\/product"}],"about":[{"href":"http:\/\/klubmamgdynia.pl\/index.php\/wp-json\/wp\/v2\/types\/product"}],"replies":[{"embeddable":true,"href":"http:\/\/klubmamgdynia.pl\/index.php\/wp-json\/wp\/v2\/comments?post=5515"}],"wp:featuredmedia":[{"embeddable":true,"href":"http:\/\/klubmamgdynia.pl\/index.php\/wp-json\/wp\/v2\/media\/5516"}],"wp:attachment":[{"href":"http:\/\/klubmamgdynia.pl\/index.php\/wp-json\/wp\/v2\/media?parent=5515"}],"wp:term":[{"taxonomy":"product_cat","embeddable":true,"href":"http:\/\/klubmamgdynia.pl\/index.php\/wp-json\/wp\/v2\/product_cat?post=5515"},{"taxonomy":"product_tag","embeddable":true,"href":"http:\/\/klubmamgdynia.pl\/index.php\/wp-json\/wp\/v2\/product_tag?post=5515"}],"curies":[{"name":"wp","href":"https:\/\/api.w.org\/{rel}","templated":true}]}}