{"id":5517,"date":"2018-03-17T20:59:40","date_gmt":"2018-03-17T19:59:40","guid":{"rendered":"http:\/\/klubmamgdynia.pl\/index.php\/produkt\/monitor-philips-238-243v7qdsb-00\/"},"modified":"2026-04-03T17:01:03","modified_gmt":"2026-04-03T15:01:03","slug":"monitor-philips-238-243v7qdsb-00","status":"publish","type":"product","link":"http:\/\/klubmamgdynia.pl\/index.php\/produkt\/monitor-philips-238-243v7qdsb-00\/","title":{"rendered":"Monitor Philips 23,8&#8243; 243V7QDSB\/00"},"content":{"rendered":"<p>Wyrazisty obraz, wydajne dzia\u0142anieMonitory IPS wykorzystuj\u0105 zaawansowan\u0105 technologi\u0119, kt\u00f3ra zapewnia bardzo szeroki k\u0105t widzenia wynosz\u0105cy 178\/178 stopni, co umo\u017cliwia ogl\u0105danie obrazu pod niemal ka\u017cdym k\u0105tem \u2014 nawet w trybie obracania o 90 stopni. W przeciwie\u0144stwie do standardowych paneli TN monitory IPS oferuj\u0105 niezwykle wyrazisty obraz i \u017cywe kolory.Dzi\u0119ki temu idealnie nadaj\u0105 si\u0119 nie tylko do wy\u015bwietlania zdj\u0119\u0107 i film\u00f3w czy przegl\u0105dania Internetu, ale r\u00f3wnie\u017c \u015bwietnie sprawdzaj\u0105 si\u0119 w zastosowaniach profesjonalnych, wymagaj\u0105cych dok\u0142adno\u015bci oddawania kolor\u00f3w i sta\u0142ej jasno\u015bci przez ca\u0142y czas.                            <\/p>\n<p>Pi\u0119kny wygl\u0105dMonitor Philips 243V7QDSB\/00 posiada niezwykle w\u0105skie obramowanie, kt\u00f3re nie odci\u0105ga uwagi od obrazu i pozwala na uzyskanie jego maksymalnego rozmiaru. Szczeg\u00f3lnie w przypadku \u0142\u0105czenia wielu monitor\u00f3w, tak\u017ce w trybie kafelk\u00f3w, np. dla potrzeb gry, tworzenia projekt\u00f3w graficznych oraz profesjonalnych zastosowa\u0144, wy\u015bwietlacze z bardzo w\u0105sk\u0105 ram\u0105 zapewniaj\u0105 wra\u017cenie korzystania z jednego du\u017cego wy\u015bwietlacza.                            <\/p>\n<p>Rozdzielczo\u015b\u0107 Full HDJako\u015b\u0107 obrazu ma znaczenie. Zwyk\u0142e monitory zapewniaj\u0105 pewien poziom jako\u015bci, jednak Ty z pewno\u015bci\u0105 oczekujesz wi\u0119cej. Ten monitor oferuje ulepszon\u0105 rozdzielczo\u015b\u0107 Full HD 1920 x 1080. Rozdzielczo\u015b\u0107 Full HD zapewnia wyrazisto\u015b\u0107 detali, co w po\u0142\u0105czeniu z wysokim poziomem jasno\u015bci, niewiarygodnym kontrastem i naturalnymi kolorami powoduje, \u017ce obraz zachwyca realizmem.                            <\/p>\n<p>Zaprogramowane ustawienia SmartImageSmartImage to najnowsza, ekskluzywna technologia firmy Philips, kt\u00f3ra analizuje zawarto\u015b\u0107 wy\u015bwietlan\u0105 na ekranie i zapewnia zoptymalizowan\u0105 wydajno\u015b\u0107 wy\u015bwietlacza. Ten przyjazny dla u\u017cytkownika interfejs umo\u017cliwia wyb\u00f3r r\u00f3\u017cnych tryb\u00f3w, takich jak: Biuro, Zdj\u0119cia, Filmy, Gry, Oszcz\u0119dno\u015b\u0107 itd. w celu dopasowania u\u017cywanej aplikacji.W oparciu o ten wyb\u00f3r technologia SmartImage dynamicznie optymalizuje kontrast, nasycenie kolor\u00f3w i ostro\u015b\u0107 zdj\u0119\u0107 i film\u00f3w w celu zapewnienia najlepszej wydajno\u015bci wy\u015bwietlacza. Tryb Oszcz\u0119dno\u015b\u0107 pozwala oszcz\u0119dzi\u0107 energi\u0119. A wszystko to w czasie rzeczywistym za naci\u015bni\u0119ciem jednego przycisku.<\/p>\n<h2>Monitor Philips 23,8&#8243; 243V7QDSB\/00 Philips<\/h2>\n<p>krotkie zagadki, zabawa dla 7 latka, gloria imi\u0119, quizy ma\u0142y ksi\u0105\u017c\u0119, alfabet kolorowanka, halloween dla dzieci 2021, podchwytliwe zagadki dla dzieci, maski zwierz\u0105t szablony do druku<\/p>\n<p>yyyyy<\/p>\n<p>&nbsp;<\/p>\n","protected":false},"excerpt":{"rendered":"<p>Wyrazisty obraz, wydajne dzia\u0142anieMonitory IPS wykorzystuj\u0105 zaawansowan\u0105 technologi\u0119, kt\u00f3ra zapewnia bardzo szeroki k\u0105t widzenia wynosz\u0105cy 178\/178 stopni, co umo\u017cliwia ogl\u0105danie obrazu pod niemal ka\u017cdym k\u0105tem \u2014 nawet w trybie obracania o 90 stopni. W przeciwie\u0144stwie do standardowych paneli TN monitory IPS oferuj\u0105 niezwykle wyrazisty obraz i \u017cywe kolory.Dzi\u0119ki temu idealnie nadaj\u0105 si\u0119 nie tylko do [&hellip;]<\/p>\n","protected":false},"featured_media":5518,"comment_status":"closed","ping_status":"open","template":"","meta":[],"product_cat":[1362,261],"product_tag":[807,644,718,595,712],"class_list":["post-5517","product","type-product","status-publish","has-post-thumbnail","hentry","product_cat-monitory","product_cat-philips","product_tag-logiczne-zagadki","product_tag-mia","product_tag-prezent-na-roczek-dla-chrzesniaka","product_tag-zagadki-dla-6-latka","product_tag-zagadki-o-zwierzetach"],"_links":{"self":[{"href":"http:\/\/klubmamgdynia.pl\/index.php\/wp-json\/wp\/v2\/product\/5517","targetHints":{"allow":["GET"]}}],"collection":[{"href":"http:\/\/klubmamgdynia.pl\/index.php\/wp-json\/wp\/v2\/product"}],"about":[{"href":"http:\/\/klubmamgdynia.pl\/index.php\/wp-json\/wp\/v2\/types\/product"}],"replies":[{"embeddable":true,"href":"http:\/\/klubmamgdynia.pl\/index.php\/wp-json\/wp\/v2\/comments?post=5517"}],"wp:featuredmedia":[{"embeddable":true,"href":"http:\/\/klubmamgdynia.pl\/index.php\/wp-json\/wp\/v2\/media\/5518"}],"wp:attachment":[{"href":"http:\/\/klubmamgdynia.pl\/index.php\/wp-json\/wp\/v2\/media?parent=5517"}],"wp:term":[{"taxonomy":"product_cat","embeddable":true,"href":"http:\/\/klubmamgdynia.pl\/index.php\/wp-json\/wp\/v2\/product_cat?post=5517"},{"taxonomy":"product_tag","embeddable":true,"href":"http:\/\/klubmamgdynia.pl\/index.php\/wp-json\/wp\/v2\/product_tag?post=5517"}],"curies":[{"name":"wp","href":"https:\/\/api.w.org\/{rel}","templated":true}]}}