{"id":5521,"date":"2010-12-10T16:49:19","date_gmt":"2010-12-10T15:49:19","guid":{"rendered":"http:\/\/klubmamgdynia.pl\/index.php\/produkt\/clementoni-netflix-fate-39687-1000el\/"},"modified":"2026-04-22T17:30:12","modified_gmt":"2026-04-22T15:30:12","slug":"clementoni-netflix-fate-39687-1000el","status":"publish","type":"product","link":"http:\/\/klubmamgdynia.pl\/index.php\/produkt\/clementoni-netflix-fate-39687-1000el\/","title":{"rendered":"Clementoni Netflix Fate 39687 1000El."},"content":{"rendered":"<h2>Clementoni Netflix Fate 39687 1000El. Clementoni<\/h2>\n<p>jak namalowa\u0107 psa, dobranoc pch\u0142y na noc, zabawy dla dzieci 9-12 lat, chase psi patrol kolorowanka, opisy do zdj\u0119\u0107 dziecka, atrakcje dla dzieci wielkopolska, milan znaczenie imienia, test z pana kleksa, koty kolorowanki, kiedy dzieci zbieraja cukierki na halloween, kolorowanka kotek, park so\u0142acki, psi patrol do czytania, dobranoc pch\u0142y na noc, plan lekcji do druku<\/p>\n<p>yyyyy<\/p>\n<p>&nbsp;<\/p>\n","protected":false},"excerpt":{"rendered":"<p>Clementoni Netflix Fate 39687 1000El. Clementoni jak namalowa\u0107 psa, dobranoc pch\u0142y na noc, zabawy dla dzieci 9-12 lat, chase psi patrol kolorowanka, opisy do zdj\u0119\u0107 dziecka, atrakcje dla dzieci wielkopolska, milan znaczenie imienia, test z pana kleksa, koty kolorowanki, kiedy dzieci zbieraja cukierki na halloween, kolorowanka kotek, park so\u0142acki, psi patrol do czytania, dobranoc pch\u0142y [&hellip;]<\/p>\n","protected":false},"featured_media":5522,"comment_status":"closed","ping_status":"open","template":"","meta":[],"product_cat":[163,90],"product_tag":[680,619,820],"class_list":["post-5521","product","type-product","status-publish","has-post-thumbnail","hentry","product_cat-clementoni","product_cat-puzzle","product_tag-cytaty-z-malego-ksiecia","product_tag-iwo-imie","product_tag-ziemia-wyspa-zielona-tekst"],"_links":{"self":[{"href":"http:\/\/klubmamgdynia.pl\/index.php\/wp-json\/wp\/v2\/product\/5521","targetHints":{"allow":["GET"]}}],"collection":[{"href":"http:\/\/klubmamgdynia.pl\/index.php\/wp-json\/wp\/v2\/product"}],"about":[{"href":"http:\/\/klubmamgdynia.pl\/index.php\/wp-json\/wp\/v2\/types\/product"}],"replies":[{"embeddable":true,"href":"http:\/\/klubmamgdynia.pl\/index.php\/wp-json\/wp\/v2\/comments?post=5521"}],"wp:featuredmedia":[{"embeddable":true,"href":"http:\/\/klubmamgdynia.pl\/index.php\/wp-json\/wp\/v2\/media\/5522"}],"wp:attachment":[{"href":"http:\/\/klubmamgdynia.pl\/index.php\/wp-json\/wp\/v2\/media?parent=5521"}],"wp:term":[{"taxonomy":"product_cat","embeddable":true,"href":"http:\/\/klubmamgdynia.pl\/index.php\/wp-json\/wp\/v2\/product_cat?post=5521"},{"taxonomy":"product_tag","embeddable":true,"href":"http:\/\/klubmamgdynia.pl\/index.php\/wp-json\/wp\/v2\/product_tag?post=5521"}],"curies":[{"name":"wp","href":"https:\/\/api.w.org\/{rel}","templated":true}]}}