{"id":5527,"date":"2011-06-06T02:00:02","date_gmt":"2011-06-06T00:00:02","guid":{"rendered":"http:\/\/klubmamgdynia.pl\/index.php\/produkt\/generator-pary-philips-perfectcare-elite-plus-gc9685-80\/"},"modified":"2026-04-29T19:38:02","modified_gmt":"2026-04-29T17:38:02","slug":"generator-pary-philips-perfectcare-elite-plus-gc9685-80","status":"publish","type":"product","link":"http:\/\/klubmamgdynia.pl\/index.php\/produkt\/generator-pary-philips-perfectcare-elite-plus-gc9685-80\/","title":{"rendered":"Generator pary PHILIPS PerfectCare Elite Plus GC9685\/80"},"content":{"rendered":"<p>Kup i zarejestruj generator pary i odbierz golark\u0119 do tkanin za 1 z\u0142!W jaki spos\u00f3b skorzysta\u0107 z promocji?Kup generator pary Philips bior\u0105cy udzia\u0142 w promocji w wybranym sklepie (lista partner\u00f3w znajduje si\u0119 w regulaminie promocji)Zarejestruj sw\u00f3j produkt na stronie Philips.plNa podany podczas rejestracji adres e-mail otrzymasz zni\u017ckowy voucher, kt\u00f3ry mo\u017cesz wykorzysta\u0107 wy\u0142\u0105cznie w internetowym\u00a0sklepie Philips.Promocja trwa od 14.02.2022 do 28.02.2023 r.                            <\/p>\n<p>                                Sprawd\u017a &#8211; Regulamin promocji!<\/p>\n<h2>Generator pary PHILIPS PerfectCare Elite Plus GC9685\/80 Philips<\/h2>\n<p>kornelia, karnawa\u0142 maska karnawa\u0142owa szablon, planety do druku dla dzieci, opowie\u015bci z narnii lew czarownica i stara szafa test do wydruku, kolorowanka pokemon, gad\u017cety dla nastolatka, zabawy dla dzieci 9-12 lat, gry ruchowe dla dzieci, malowanki<\/p>\n<p>yyyyy<\/p>\n<p>&nbsp;<\/p>\n","protected":false},"excerpt":{"rendered":"<p>Kup i zarejestruj generator pary i odbierz golark\u0119 do tkanin za 1 z\u0142!W jaki spos\u00f3b skorzysta\u0107 z promocji?Kup generator pary Philips bior\u0105cy udzia\u0142 w promocji w wybranym sklepie (lista partner\u00f3w znajduje si\u0119 w regulaminie promocji)Zarejestruj sw\u00f3j produkt na stronie Philips.plNa podany podczas rejestracji adres e-mail otrzymasz zni\u017ckowy voucher, kt\u00f3ry mo\u017cesz wykorzysta\u0107 wy\u0142\u0105cznie w internetowym\u00a0sklepie Philips.Promocja [&hellip;]<\/p>\n","protected":false},"featured_media":5528,"comment_status":"closed","ping_status":"open","template":"","meta":[],"product_cat":[261,1320],"product_tag":[839,755,661,873],"class_list":["post-5527","product","type-product","status-publish","has-post-thumbnail","hentry","product_cat-philips","product_cat-stacje-parowe","product_tag-bajki-na-dobranoc-do-czytania","product_tag-henryk","product_tag-swinka-peppa-kolorowanka","product_tag-zagadki-z-odpowiedziami-dla-dzieci"],"_links":{"self":[{"href":"http:\/\/klubmamgdynia.pl\/index.php\/wp-json\/wp\/v2\/product\/5527","targetHints":{"allow":["GET"]}}],"collection":[{"href":"http:\/\/klubmamgdynia.pl\/index.php\/wp-json\/wp\/v2\/product"}],"about":[{"href":"http:\/\/klubmamgdynia.pl\/index.php\/wp-json\/wp\/v2\/types\/product"}],"replies":[{"embeddable":true,"href":"http:\/\/klubmamgdynia.pl\/index.php\/wp-json\/wp\/v2\/comments?post=5527"}],"wp:featuredmedia":[{"embeddable":true,"href":"http:\/\/klubmamgdynia.pl\/index.php\/wp-json\/wp\/v2\/media\/5528"}],"wp:attachment":[{"href":"http:\/\/klubmamgdynia.pl\/index.php\/wp-json\/wp\/v2\/media?parent=5527"}],"wp:term":[{"taxonomy":"product_cat","embeddable":true,"href":"http:\/\/klubmamgdynia.pl\/index.php\/wp-json\/wp\/v2\/product_cat?post=5527"},{"taxonomy":"product_tag","embeddable":true,"href":"http:\/\/klubmamgdynia.pl\/index.php\/wp-json\/wp\/v2\/product_tag?post=5527"}],"curies":[{"name":"wp","href":"https:\/\/api.w.org\/{rel}","templated":true}]}}