{"id":5529,"date":"2021-07-12T02:00:43","date_gmt":"2021-07-12T00:00:43","guid":{"rendered":"http:\/\/klubmamgdynia.pl\/index.php\/produkt\/rex-london-trade-mini-psy-29078\/"},"modified":"2026-04-30T14:46:57","modified_gmt":"2026-04-30T12:46:57","slug":"rex-london-trade-mini-psy-29078","status":"publish","type":"product","link":"http:\/\/klubmamgdynia.pl\/index.php\/produkt\/rex-london-trade-mini-psy-29078\/","title":{"rendered":"Rex London Trade Mini Psy (29078)"},"content":{"rendered":"<p>Rex London Plecak mini dla przedszkolaka Psy<\/p>\n<h2>Rex London Trade Mini Psy (29078) Rex London<\/h2>\n<p>zaproszenie na urodziny do druku, gad\u017cety dla m\u0142odzie\u017cy 2020, logiczne zagadki dla dzieci, miastodzieci, trudne zagadki na inteligencje, zagadki kr\u00f3tkie, literki do pisania do druku, asiunia test, dziwne zagadki, prezent dla 14 letniej dziewczyny, \u015bwi\u0119ty przemys\u0142aw, materac do basenu, konkurencje sportowe dla dzieci, planety uk\u0142ad s\u0142oneczny dla dzieci do druku, opisy o rodzinie, film o \u015bwi\u0119tach dla dzieci, hymn g\u00f3rniczy<\/p>\n<p>yyyyy<\/p>\n<p>&nbsp;<\/p>\n","protected":false},"excerpt":{"rendered":"<p>Rex London Plecak mini dla przedszkolaka Psy Rex London Trade Mini Psy (29078) Rex London zaproszenie na urodziny do druku, gad\u017cety dla m\u0142odzie\u017cy 2020, logiczne zagadki dla dzieci, miastodzieci, trudne zagadki na inteligencje, zagadki kr\u00f3tkie, literki do pisania do druku, asiunia test, dziwne zagadki, prezent dla 14 letniej dziewczyny, \u015bwi\u0119ty przemys\u0142aw, materac do basenu, konkurencje [&hellip;]<\/p>\n","protected":false},"featured_media":5530,"comment_status":"closed","ping_status":"open","template":"","meta":[],"product_cat":[259,1364],"product_tag":[817,776,637,835,672,581],"class_list":["post-5529","product","type-product","status-publish","has-post-thumbnail","hentry","product_cat-rex-london","product_cat-tornistry","product_tag-bajka-terapeutyczna-o-emocjach","product_tag-dobrej-nocy","product_tag-niech-zyja-wakacje-tekst","product_tag-radosc-dziecka-cytaty","product_tag-trudne-zagadki-z-odpowiedziami","product_tag-zagadki-dla-8-latka"],"_links":{"self":[{"href":"http:\/\/klubmamgdynia.pl\/index.php\/wp-json\/wp\/v2\/product\/5529","targetHints":{"allow":["GET"]}}],"collection":[{"href":"http:\/\/klubmamgdynia.pl\/index.php\/wp-json\/wp\/v2\/product"}],"about":[{"href":"http:\/\/klubmamgdynia.pl\/index.php\/wp-json\/wp\/v2\/types\/product"}],"replies":[{"embeddable":true,"href":"http:\/\/klubmamgdynia.pl\/index.php\/wp-json\/wp\/v2\/comments?post=5529"}],"wp:featuredmedia":[{"embeddable":true,"href":"http:\/\/klubmamgdynia.pl\/index.php\/wp-json\/wp\/v2\/media\/5530"}],"wp:attachment":[{"href":"http:\/\/klubmamgdynia.pl\/index.php\/wp-json\/wp\/v2\/media?parent=5529"}],"wp:term":[{"taxonomy":"product_cat","embeddable":true,"href":"http:\/\/klubmamgdynia.pl\/index.php\/wp-json\/wp\/v2\/product_cat?post=5529"},{"taxonomy":"product_tag","embeddable":true,"href":"http:\/\/klubmamgdynia.pl\/index.php\/wp-json\/wp\/v2\/product_tag?post=5529"}],"curies":[{"name":"wp","href":"https:\/\/api.w.org\/{rel}","templated":true}]}}