{"id":553,"date":"2023-02-18T17:53:59","date_gmt":"2023-02-18T16:53:59","guid":{"rendered":"http:\/\/klubmamgdynia.pl\/index.php\/produkt\/pos-handels-gmbh-zestaw-sniadaniowy-swinka-peppa-3szt\/"},"modified":"2026-04-06T03:29:08","modified_gmt":"2026-04-06T01:29:08","slug":"pos-handels-gmbh-zestaw-sniadaniowy-swinka-peppa-3szt","status":"publish","type":"product","link":"http:\/\/klubmamgdynia.pl\/index.php\/produkt\/pos-handels-gmbh-zestaw-sniadaniowy-swinka-peppa-3szt\/","title":{"rendered":"P:Os Handels Gmbh Zestaw \u015aniadaniowy \u015awinka Peppa 3Szt."},"content":{"rendered":"<p>Twoi dzieci\u0119cy bohaterowie serialowi s\u0105 teraz dost\u0119pni r\u00f3wnie\u017c dla przedmiot\u00f3w codziennego u\u017cytku. Zwierz\u0119cy przyjaciele towarzysz\u0105 dzieciom podczas \u015bniadania i zapewniaj\u0105 dobry i bezpieczny pocz\u0105tek dnia. Zastawa dla dzieci wykonana jest z polipropylenu &#8211; co cieszy r\u00f3wnie\u017c rodzic\u00f3w, poniewa\u017c talerzyki, miseczki i kubeczki mo\u017cna my\u0107 w zmywarce i u\u017cywa\u0107 w kuchence mikrofalowej. Ponadto, zastawa jest bardzo wytrzyma\u0142a, na wypadek gdyby dzieci musia\u0142y przej\u015b\u0107 kolejny test wytrzyma\u0142o\u015bci. Ponadto w ofercie znajduj\u0105 si\u0119 lunch boxy, butelki do picia i wiele innych! Szczeg\u00f3\u0142y produktu Zakres dostawy: 1x talerz, 1x miska, 1x kubek Wymiary (opakowanie, LxWxH): ok. 24,0 x 23,0 x 5,5 cm Materia\u0142: PP (polipropylen) Mo\u017cna my\u0107 w zmywarce i u\u017cywa\u0107 w kuchence mikrofalowej Pojemno\u015b\u0107 miski: ok. 300 ml Pojemno\u015b\u0107 kubka: ok. 260 ml<\/p>\n<h2>P:Os Handels Gmbh Zestaw \u015aniadaniowy \u015awinka Peppa 3Szt. Peppa Pig<\/h2>\n<p>\u0142amig\u0142owki do druku, urodziny dziecka pomys\u0142y, zagadki do rozwi\u0105zania, jakie prezenty na roczek, \u0142amig\u0142owki do druku, prezent dla nastolatki, logiczne zagadki, laurka kolorowanki na dzie\u0144 mamy<\/p>\n<p>yyyyy<\/p>\n<p>&nbsp;<\/p>\n","protected":false},"excerpt":{"rendered":"<p>Twoi dzieci\u0119cy bohaterowie serialowi s\u0105 teraz dost\u0119pni r\u00f3wnie\u017c dla przedmiot\u00f3w codziennego u\u017cytku. Zwierz\u0119cy przyjaciele towarzysz\u0105 dzieciom podczas \u015bniadania i zapewniaj\u0105 dobry i bezpieczny pocz\u0105tek dnia. Zastawa dla dzieci wykonana jest z polipropylenu &#8211; co cieszy r\u00f3wnie\u017c rodzic\u00f3w, poniewa\u017c talerzyki, miseczki i kubeczki mo\u017cna my\u0107 w zmywarce i u\u017cywa\u0107 w kuchence mikrofalowej. Ponadto, zastawa jest bardzo [&hellip;]<\/p>\n","protected":false},"featured_media":554,"comment_status":"closed","ping_status":"open","template":"","meta":[],"product_cat":[215,214],"product_tag":[700,861,766,644,601,623],"class_list":["post-553","product","type-product","status-publish","has-post-thumbnail","hentry","product_cat-naczynia-i-sztucce-dla-dzieci","product_cat-peppa-pig","product_tag-bajki-do-czytania-dla-dzieci","product_tag-jak-narysowac-psa","product_tag-kira","product_tag-mia","product_tag-zagadki-co-to-jest","product_tag-zagadki-logiczne-smieszne"],"_links":{"self":[{"href":"http:\/\/klubmamgdynia.pl\/index.php\/wp-json\/wp\/v2\/product\/553","targetHints":{"allow":["GET"]}}],"collection":[{"href":"http:\/\/klubmamgdynia.pl\/index.php\/wp-json\/wp\/v2\/product"}],"about":[{"href":"http:\/\/klubmamgdynia.pl\/index.php\/wp-json\/wp\/v2\/types\/product"}],"replies":[{"embeddable":true,"href":"http:\/\/klubmamgdynia.pl\/index.php\/wp-json\/wp\/v2\/comments?post=553"}],"wp:featuredmedia":[{"embeddable":true,"href":"http:\/\/klubmamgdynia.pl\/index.php\/wp-json\/wp\/v2\/media\/554"}],"wp:attachment":[{"href":"http:\/\/klubmamgdynia.pl\/index.php\/wp-json\/wp\/v2\/media?parent=553"}],"wp:term":[{"taxonomy":"product_cat","embeddable":true,"href":"http:\/\/klubmamgdynia.pl\/index.php\/wp-json\/wp\/v2\/product_cat?post=553"},{"taxonomy":"product_tag","embeddable":true,"href":"http:\/\/klubmamgdynia.pl\/index.php\/wp-json\/wp\/v2\/product_tag?post=553"}],"curies":[{"name":"wp","href":"https:\/\/api.w.org\/{rel}","templated":true}]}}