{"id":5531,"date":"2012-05-17T19:26:00","date_gmt":"2012-05-17T17:26:00","guid":{"rendered":"http:\/\/klubmamgdynia.pl\/index.php\/produkt\/mimii-suchy-basen-90x90x40cm-z-pileczkami-400szt-am103\/"},"modified":"2026-05-01T16:06:00","modified_gmt":"2026-05-01T14:06:00","slug":"mimii-suchy-basen-90x90x40cm-z-pileczkami-400szt-am103","status":"publish","type":"product","link":"http:\/\/klubmamgdynia.pl\/index.php\/produkt\/mimii-suchy-basen-90x90x40cm-z-pileczkami-400szt-am103\/","title":{"rendered":"Mimii Suchy Basen 90X90X40Cm Z Pi\u0142eczkami 400Szt Am103"},"content":{"rendered":"<p>Suchy basen z pi\u0142eczkami to niesamowita frajda dla Twojego dziecka! W cenie basen z pi\u0142eczkami 400 sztuk Basen Pudrowy r\u00f3\u017c + Pi\u0142eczki: bia\u0142y , szary , r\u00f3\u017cowy W\u0142a\u015bciwo\u015bci: Pozytywnie wp\u0142ywa na rozw\u00f3j dziecka Idealnie nadaje si\u0119 do zabawy (Tylko pod opiek\u0105 osoby doros\u0142ej) Basen dla dzieci od 6 miesi\u0105ca \u017cycia \u015awietnie nadaje si\u0119 na prezent ! Dane techniczne: W ca\u0142o\u015bci wykonany z pianki (boki i dno) Pokryty pokrowcem wykonanym z przyjemnej w dotyku dzianiny dresowej 95%bawe\u0142na, 5%elastan Sp\u00f3d wykonany z wodoodpornego materia\u0142u, dzi\u0119ki czemu mo\u017ce by\u0107 u\u017cytkowany w domu jak i w ogrodzie Pokrowiec na zamek, zdejmowany do prania (pra\u0107 w temperaturze 30 stopni Celsjusza) Pakowany w ca\u0142o\u015bci w dwa kartony o wymiarach 80x60x40 cm Wymiary: Kwadrat 90&#215;90 cm Wysoko\u015b\u0107 40 cm Grubo\u015b\u0107 \u015bcianek 6 cm Grubo\u015b\u0107 dna ok. 1.5 cm Plastikowe pi\u0142eczki do suchego basenu: polski producent wykonane z nietoksycznego materia\u0142u, bezpieczne dla dzieci bardzo elastyczne, nie ulegaj\u0105 odkszta\u0142ceniu posiadaj\u0105 certyfikat CE \u015brednica pi\u0142eczek 7 cm pakowane w materia\u0142owy worek *zam\u00f3wienia z\u0142o\u017cone do godziny 11 wysy\u0142amy tego samego dnia Gwarancja 2 lata Uwaga! Kolory przedmiot\u00f3w na zdj\u0119ciach mog\u0105 nieznacznie r\u00f3\u017cni\u0107 si\u0119 od rzeczywistych ze wzgl\u0119du na r\u00f3\u017cne ustawienia komputera i monitora.<\/p>\n<h2>Mimii Suchy Basen 90X90X40Cm Z Pi\u0142eczkami 400Szt Am103 Mimii<\/h2>\n<p>buziak gify na dobranoc smieszne, szablon krokus kolorowanka, zagadki zimowe dla dzieci, motto dla nauczyciela, rainbow dash kolorowanka, wiosna zagadki s\u0142owne, spiderman kolorowanka, bajki na dobranoc, kolorowanka ze zdj\u0119cia, maska kota, maska dinozaura, cytaty o dzieciach i rodzinie, bajki dla dzieci na dobranoc do czytania, super zings kolorowanki, quizy \u015bwi\u0105teczne bo\u017ce narodzenie, piosenki na dobranoc tekst<\/p>\n<p>yyyyy<\/p>\n<p>&nbsp;<\/p>\n","protected":false},"excerpt":{"rendered":"<p>Suchy basen z pi\u0142eczkami to niesamowita frajda dla Twojego dziecka! W cenie basen z pi\u0142eczkami 400 sztuk Basen Pudrowy r\u00f3\u017c + Pi\u0142eczki: bia\u0142y , szary , r\u00f3\u017cowy W\u0142a\u015bciwo\u015bci: Pozytywnie wp\u0142ywa na rozw\u00f3j dziecka Idealnie nadaje si\u0119 do zabawy (Tylko pod opiek\u0105 osoby doros\u0142ej) Basen dla dzieci od 6 miesi\u0105ca \u017cycia \u015awietnie nadaje si\u0119 na prezent [&hellip;]<\/p>\n","protected":false},"featured_media":5532,"comment_status":"closed","ping_status":"open","template":"","meta":[],"product_cat":[922,1170],"product_tag":[810,732,764,581],"class_list":["post-5531","product","type-product","status-publish","has-post-thumbnail","hentry","product_cat-baseny-dla-dzieci","product_cat-mimii","product_tag-nauka-zegara-do-druku","product_tag-prezent-dla-rocznego-chlopca","product_tag-prezenty-na-roczek-dla-dziewczynki","product_tag-zagadki-dla-8-latka"],"_links":{"self":[{"href":"http:\/\/klubmamgdynia.pl\/index.php\/wp-json\/wp\/v2\/product\/5531","targetHints":{"allow":["GET"]}}],"collection":[{"href":"http:\/\/klubmamgdynia.pl\/index.php\/wp-json\/wp\/v2\/product"}],"about":[{"href":"http:\/\/klubmamgdynia.pl\/index.php\/wp-json\/wp\/v2\/types\/product"}],"replies":[{"embeddable":true,"href":"http:\/\/klubmamgdynia.pl\/index.php\/wp-json\/wp\/v2\/comments?post=5531"}],"wp:featuredmedia":[{"embeddable":true,"href":"http:\/\/klubmamgdynia.pl\/index.php\/wp-json\/wp\/v2\/media\/5532"}],"wp:attachment":[{"href":"http:\/\/klubmamgdynia.pl\/index.php\/wp-json\/wp\/v2\/media?parent=5531"}],"wp:term":[{"taxonomy":"product_cat","embeddable":true,"href":"http:\/\/klubmamgdynia.pl\/index.php\/wp-json\/wp\/v2\/product_cat?post=5531"},{"taxonomy":"product_tag","embeddable":true,"href":"http:\/\/klubmamgdynia.pl\/index.php\/wp-json\/wp\/v2\/product_tag?post=5531"}],"curies":[{"name":"wp","href":"https:\/\/api.w.org\/{rel}","templated":true}]}}