{"id":5535,"date":"2019-06-05T21:03:57","date_gmt":"2019-06-05T19:03:57","guid":{"rendered":"http:\/\/klubmamgdynia.pl\/index.php\/produkt\/lodowka-toshiba-gr-rf610we-pms\/"},"modified":"2026-04-05T20:12:44","modified_gmt":"2026-04-05T18:12:44","slug":"lodowka-toshiba-gr-rf610we-pms","status":"publish","type":"product","link":"http:\/\/klubmamgdynia.pl\/index.php\/produkt\/lodowka-toshiba-gr-rf610we-pms\/","title":{"rendered":"Lod\u00f3wka TOSHIBA GR-RF610WE-PMS"},"content":{"rendered":"<p>TOSHIBA GR-RF610WE-PMS\u00a0                            <\/p>\n<p>Konwencjonalna lod\u00f3wko-zamra\u017carka dwudrzwiowa kontroluje temperatur\u0119 za pomoc\u0105 jednego systemu ch\u0142odzenia &#8211; zamra\u017carki. Powoduje to niestabilno\u015b\u0107 temperatury urz\u0105dzenia. Systemy TOSHIBA Dual Cooling kontroluj\u0105 temperatur\u0119 w lod\u00f3wce i zamra\u017carce zupe\u0142nie niezale\u017cnie, co zapewnia utrzymanie stabilnej temperatury w obu urz\u0105dzeniach, a tak\u017ce niemieszanie si\u0119 zapach\u00f3w. W rezultacie \u017cywno\u015b\u0107 ma znacznie d\u0142u\u017cszy okres przydatno\u015bci do spo\u017cycia przy zachowaniu tej samej wilgotno\u015bci, koloru i kszta\u0142tu jak w dniu zakupu!                            <\/p>\n<p>PURE BIOPure BIO z modu\u0142em plazmowym wytwarza jony i elektrony, kt\u00f3re zabijaj\u0105 bakterie, neutralizuj\u0105 zapachy i oczyszczaj\u0105 ch\u0142odne powietrze, aby \u017cywno\u015b\u0107 zachowa\u0142a \u015bwie\u017co\u015b\u0107 na d\u0142u\u017cej. Wska\u017anik usuwania trimetyloaminy wynosi &gt; 90%, a wska\u017anik usuwania Staphylococcus i bakterii E. coli &gt; 99%.                            <\/p>\n<p>MOISTURE &amp; FLEXIBLE ZONE &#8211; Strefa kontroli wilgotno\u015bci i strefa elastyczna ze zmienn\u0105 temperatur\u0105Komora Moisture Zone zapewnia 2 poziomy wilgotno\u015bci (warzywa wymagaj\u0105 wy\u017cszej wilgotno\u015bci ni\u017c owoce), a komora Flexible Zone &#8211; 3 poziomy temperatury (warzywa i owoce wymagaj\u0105 wy\u017cszej temperatury ni\u017c suche produkty czy napoje)<\/p>\n<h2>Lod\u00f3wka TOSHIBA GR-RF610WE-PMS Toshiba<\/h2>\n<p>znaczenie imienia gabriel, zagadki trudne, lego ninjago kolorowanki, mini zoo \u015bl\u0105sk, rebusy i krzy\u017c\u00f3wki dla dzieci do druku<\/p>\n<p>yyyyy<\/p>\n<p>&nbsp;<\/p>\n","protected":false},"excerpt":{"rendered":"<p>TOSHIBA GR-RF610WE-PMS\u00a0 Konwencjonalna lod\u00f3wko-zamra\u017carka dwudrzwiowa kontroluje temperatur\u0119 za pomoc\u0105 jednego systemu ch\u0142odzenia &#8211; zamra\u017carki. Powoduje to niestabilno\u015b\u0107 temperatury urz\u0105dzenia. Systemy TOSHIBA Dual Cooling kontroluj\u0105 temperatur\u0119 w lod\u00f3wce i zamra\u017carce zupe\u0142nie niezale\u017cnie, co zapewnia utrzymanie stabilnej temperatury w obu urz\u0105dzeniach, a tak\u017ce niemieszanie si\u0119 zapach\u00f3w. W rezultacie \u017cywno\u015b\u0107 ma znacznie d\u0142u\u017cszy okres przydatno\u015bci do spo\u017cycia przy [&hellip;]<\/p>\n","protected":false},"featured_media":5536,"comment_status":"closed","ping_status":"open","template":"","meta":[],"product_cat":[1367,1366],"product_tag":[821,589,628],"class_list":["post-5535","product","type-product","status-publish","has-post-thumbnail","hentry","product_cat-lodowki","product_cat-toshiba","product_tag-marianna","product_tag-prezent-dla-rocznego-dziecka","product_tag-zagadka"],"_links":{"self":[{"href":"http:\/\/klubmamgdynia.pl\/index.php\/wp-json\/wp\/v2\/product\/5535","targetHints":{"allow":["GET"]}}],"collection":[{"href":"http:\/\/klubmamgdynia.pl\/index.php\/wp-json\/wp\/v2\/product"}],"about":[{"href":"http:\/\/klubmamgdynia.pl\/index.php\/wp-json\/wp\/v2\/types\/product"}],"replies":[{"embeddable":true,"href":"http:\/\/klubmamgdynia.pl\/index.php\/wp-json\/wp\/v2\/comments?post=5535"}],"wp:featuredmedia":[{"embeddable":true,"href":"http:\/\/klubmamgdynia.pl\/index.php\/wp-json\/wp\/v2\/media\/5536"}],"wp:attachment":[{"href":"http:\/\/klubmamgdynia.pl\/index.php\/wp-json\/wp\/v2\/media?parent=5535"}],"wp:term":[{"taxonomy":"product_cat","embeddable":true,"href":"http:\/\/klubmamgdynia.pl\/index.php\/wp-json\/wp\/v2\/product_cat?post=5535"},{"taxonomy":"product_tag","embeddable":true,"href":"http:\/\/klubmamgdynia.pl\/index.php\/wp-json\/wp\/v2\/product_tag?post=5535"}],"curies":[{"name":"wp","href":"https:\/\/api.w.org\/{rel}","templated":true}]}}