{"id":5537,"date":"2021-04-26T04:32:51","date_gmt":"2021-04-26T02:32:51","guid":{"rendered":"http:\/\/klubmamgdynia.pl\/index.php\/produkt\/suavinex-zestaw-butelek-zero-zero-butelka-180ml-smoczek-i-woreczek\/"},"modified":"2026-04-04T10:28:50","modified_gmt":"2026-04-04T08:28:50","slug":"suavinex-zestaw-butelek-zero-zero-butelka-180ml-smoczek-i-woreczek","status":"publish","type":"product","link":"http:\/\/klubmamgdynia.pl\/index.php\/produkt\/suavinex-zestaw-butelek-zero-zero-butelka-180ml-smoczek-i-woreczek\/","title":{"rendered":"Suavinex Zestaw Butelek Zero Zero Butelka 180Ml Smoczek I Woreczek"},"content":{"rendered":"<p>Suavinex Zestaw Butelek Zero Zero Butelka 180Ml Smoczek I Woreczek<\/p>\n<p>Suavinex Care Zero Zero Starter Set Zestaw Butelka<br \/>\nantykolkowa &#8211; 180 ml 1 szt.Wskazania:Suavinex Care Zero Zero Starter Set Zestaw<br \/>\nButelka antykolkowa to produkty do bezpiecznego karmienia niemowlt. Wskazany<br \/>\nzarwno dla dzieci karmionych wycznie mlekiem modyfikowanym jak rwnie karmionych<br \/>\nw sposb mieszany, czyli czcy karmienie piersi z butelk.Waciwoci:Butelka do<br \/>\nkarmienia Zero Zero ze smoczkiem SU (przepyw adaptable) z otworem zapewniajcym<br \/>\nwielko przepywu regulowan poprzez si ssania dziecka. Smoczek zaprojektowany<br \/>\nspecjalnie w celu czenia karmienia piersi z karmieniem butelk.                            <\/p>\n<p>Innowacyjne butelki<br \/>\nZero Zero posiadaj wewntrzn, silikonow torebk, ktra w czasie karmienia jest<br \/>\nrozcignita w zalenoci od tego, jak dziecko ssie, podobnie jak to dzieje si w<br \/>\ngruczoach mlecznych u kobiety karmicej. System ten powoduje brak powodujcych<br \/>\nkolk pcherzykw powietrznych w pokarmie. Zapobiega take utlenianiu si mleka i<br \/>\nutracie wanych skadnikw odywczych. Smoczek do butelki Zero Zero jest wykonany z<br \/>\nbezpiecznego silikonu. Ksztatem i faktur przypomina on pier mamy dziki czemu<br \/>\ndziecko atwoci przechodzi od karmienia butelk do karmienia piersi i na<br \/>\nodwrt.Stosowanie:Przed pierwszym i po kadym uyciu umyj i wysterylizuj wszystkie<br \/>\nczci butelki.Opakowanie:Butelka antykolkowa Zero Zero 180 ml 1 szt.Zamienny<br \/>\nsmoczek antykolkowy Zero Zero 1 szt.Zapasowa silikonowa torebka 1 szt.<\/p>\n<h2>Suavinex Zestaw Butelek Zero Zero Butelka 180Ml Smoczek I Woreczek Suavinex<\/h2>\n<p>psi patrol kolorowanki, kolorowanki \u015bwi\u0105teczne do wydruku, miastodzieci, spongebob kolorowanka, wr\u00f3zby andrzejkowe dla dzieci, nauczyciel cytaty, prezent dla pi\u0119tnastolatka, cytat dla mamy, m\u0105dre \u017cyczenia \u015bwi\u0105teczne, prezenty urodzinowe dla nastolatk\u00f3w, filmy rodzinne na halloween, dziewczynka z parku pytania i odpowiedzi<\/p>\n<p>yyyyy<\/p>\n<p>&nbsp;<\/p>\n","protected":false},"excerpt":{"rendered":"<p>Suavinex Zestaw Butelek Zero Zero Butelka 180Ml Smoczek I Woreczek Suavinex Care Zero Zero Starter Set Zestaw Butelka antykolkowa &#8211; 180 ml 1 szt.Wskazania:Suavinex Care Zero Zero Starter Set Zestaw Butelka antykolkowa to produkty do bezpiecznego karmienia niemowlt. Wskazany zarwno dla dzieci karmionych wycznie mlekiem modyfikowanym jak rwnie karmionych w sposb mieszany, czyli czcy karmienie [&hellip;]<\/p>\n","protected":false},"featured_media":5538,"comment_status":"closed","ping_status":"open","template":"","meta":[],"product_cat":[195,1328],"product_tag":[818,704,743,651],"class_list":["post-5537","product","type-product","status-publish","has-post-thumbnail","hentry","product_cat-butelki","product_cat-suavinex","product_tag-oliwier","product_tag-prezent-dla-nastolatka","product_tag-quiz-dla-dzieci","product_tag-quizy-online"],"_links":{"self":[{"href":"http:\/\/klubmamgdynia.pl\/index.php\/wp-json\/wp\/v2\/product\/5537","targetHints":{"allow":["GET"]}}],"collection":[{"href":"http:\/\/klubmamgdynia.pl\/index.php\/wp-json\/wp\/v2\/product"}],"about":[{"href":"http:\/\/klubmamgdynia.pl\/index.php\/wp-json\/wp\/v2\/types\/product"}],"replies":[{"embeddable":true,"href":"http:\/\/klubmamgdynia.pl\/index.php\/wp-json\/wp\/v2\/comments?post=5537"}],"wp:featuredmedia":[{"embeddable":true,"href":"http:\/\/klubmamgdynia.pl\/index.php\/wp-json\/wp\/v2\/media\/5538"}],"wp:attachment":[{"href":"http:\/\/klubmamgdynia.pl\/index.php\/wp-json\/wp\/v2\/media?parent=5537"}],"wp:term":[{"taxonomy":"product_cat","embeddable":true,"href":"http:\/\/klubmamgdynia.pl\/index.php\/wp-json\/wp\/v2\/product_cat?post=5537"},{"taxonomy":"product_tag","embeddable":true,"href":"http:\/\/klubmamgdynia.pl\/index.php\/wp-json\/wp\/v2\/product_tag?post=5537"}],"curies":[{"name":"wp","href":"https:\/\/api.w.org\/{rel}","templated":true}]}}