{"id":5539,"date":"2019-11-02T11:51:26","date_gmt":"2019-11-02T10:51:26","guid":{"rendered":"http:\/\/klubmamgdynia.pl\/index.php\/produkt\/mimii-suchy-basen-z-pileczkami-400-sztuk-90x90-velvet-zloty-biale-srebrne-perlowe-szare\/"},"modified":"2026-04-19T04:21:59","modified_gmt":"2026-04-19T02:21:59","slug":"mimii-suchy-basen-z-pileczkami-400-sztuk-90x90-velvet-zloty-biale-srebrne-perlowe-szare","status":"publish","type":"product","link":"http:\/\/klubmamgdynia.pl\/index.php\/produkt\/mimii-suchy-basen-z-pileczkami-400-sztuk-90x90-velvet-zloty-biale-srebrne-perlowe-szare\/","title":{"rendered":"Mimii Suchy basen z pi\u0142eczkami 400 sztuk 90&#215;90 velvet zloty bia\u0142e srebrne per\u0142owe szare"},"content":{"rendered":"<p>Mimii: Suchy basen velvet z\u0142oty + Pi\u0142eczki: bia\u0142e, srebrne, per\u0142owe, szare Suchy basen z pi\u0142eczkami to niesamowita frajda dla Twojego dziecka! W cenie basen z pi\u0142eczkami 400 sztuk. W\u0142a\u015bciwo\u015bci: Pozytywnie wp\u0142ywa na rozw\u00f3j dziecka Idealnie nadaje si\u0119 do zabawy (Tylko pod opiek\u0105 osoby doros\u0142ej) Basen dla dzieci od pierwszych dni \u017cycia \u015awietnie nadaje si\u0119 na prezent! Dane techniczne: W ca\u0142o\u015bci wykonany z pianki (boki i dno) Pokryty pokrowcem wykonanym z przyjemnej w dotyku tkaniny velvet 100% poliester Posiada certyfikat CE oraz certyfikat EN-71 Pokrowiec na zamek, zdejmowany do prania (pra\u0107 w temperaturze 30 stopni Celsjusza) Baseny pakujemy pr\u00f3\u017cniowo, aby zredukowa\u0107 wielko\u015b\u0107 paczek. (Po rozpakowaniu basen potrzebuje oko\u0142o 7 dni na osi\u0105gni\u0119cie w\u0142a\u015bciwego kszta\u0142tu) Wymiary: Kwadrat 90&#215;90 cm Wysoko\u015b\u0107: 40 cm Grubo\u015b\u0107 \u015bcianek 6 cm Grubo\u015b\u0107 dna ok. 1.5 cm Plastikowe pi\u0142eczki do suchego basenu: polski producent wykonane z nietoksycznego materia\u0142u, bezpieczne dla dzieci bardzo elastyczne, nie ulegaj\u0105 odkszta\u0142ceniu posiadaj\u0105 certyfikat CE \u015brednica pi\u0142eczek 7 cm 90x90x40\u00bc &#8211; 150 pi\u0142ek\u00bd &#8211; 300 pi\u0142ek\u00be &#8211; 450 pi\u0142ek Pole &#8222;Plik&#8221;Mo\u017cesz skorzysta\u0107 z pola &#8222;Plik&#8221; oraz za\u0142adowa\u0107 plik tekstowy lub graficzny, je\u015bli chcesz aby wewn\u0105trz paczki znajdowa\u0142a si\u0119 wydrukowana kartka z informacj\u0105. Mog\u0105 to by\u0107 \u017cyczenia lub informacja od kogo jest to prezent. Decyzj\u0119 zostawiamy Tobie! (Za\u0142\u0105czanie plik\u00f3w nie jest obowi\u0105zkowe) Robimy krok w stron\u0119 ekologii! Jako jedni z nielicznych producent\u00f3w zabawek piankowych wykorzystujemy piank\u0119 o podwy\u017cszonej g\u0119sto\u015bci. Dzi\u0119ki temu, produkty z niej wykonane b\u0119d\u0105 znacznie trwalsze, a co za tym idzie &#8211; b\u0119d\u0105 d\u0142u\u017cej s\u0142u\u017cy\u0142y swoim ma\u0142ym w\u0142a\u015bcicielom! Produkty pakujemy pr\u00f3\u017cniowo, redukujemy dzi\u0119ki temu wielko\u015b\u0107 paczek, a to z kolei bezpo\u015brednio przek\u0142ada si\u0119 na wiele korzy\u015bci. Dzi\u0119ki zmniejszaniu wymiar\u00f3w paczek, zredukowali\u015bmy r\u00f3wnie\u017c ilo\u015b\u0107 ci\u0119\u017car\u00f3wek potrzebnych do ich przewiezienia. Do jednej dziennie! Wszystkie kroki, kt\u00f3re podj\u0119li\u015bmy przek\u0142adaj\u0105 si\u0119 na mniejsze spalanie paliwa oraz mniejsze zanieczyszczanie \u015brodowiska. Uwaga! Kolory przedmiot\u00f3w na zdj\u0119ciach mog\u0105 nieznacznie r\u00f3\u017cni\u0107 si\u0119 od rzeczywistych ze wzgl\u0119du na r\u00f3\u017cne ustawienia komputera i monitora. *Zam\u00f3wienia z\u0142o\u017cone do godziny 11 wysy\u0142amy tego samego dnia<\/p>\n<h2>Mimii Suchy basen z pi\u0142eczkami 400 sztuk 90&#215;90 velvet zloty bia\u0142e srebrne per\u0142owe szare Mimii<\/h2>\n<p>rozrywka dla dzieci, aurelia imi\u0119, co kupic na roczek, bajki do czytania dla ch\u0142opc\u00f3w, zemsta quizy, zgadywanki<\/p>\n<p>yyyyy<\/p>\n<p>&nbsp;<\/p>\n","protected":false},"excerpt":{"rendered":"<p>Mimii: Suchy basen velvet z\u0142oty + Pi\u0142eczki: bia\u0142e, srebrne, per\u0142owe, szare Suchy basen z pi\u0142eczkami to niesamowita frajda dla Twojego dziecka! W cenie basen z pi\u0142eczkami 400 sztuk. W\u0142a\u015bciwo\u015bci: Pozytywnie wp\u0142ywa na rozw\u00f3j dziecka Idealnie nadaje si\u0119 do zabawy (Tylko pod opiek\u0105 osoby doros\u0142ej) Basen dla dzieci od pierwszych dni \u017cycia \u015awietnie nadaje si\u0119 na [&hellip;]<\/p>\n","protected":false},"featured_media":5540,"comment_status":"closed","ping_status":"open","template":"","meta":[],"product_cat":[922,1170],"product_tag":[817,787,855,577],"class_list":["post-5539","product","type-product","status-publish","has-post-thumbnail","hentry","product_cat-baseny-dla-dzieci","product_cat-mimii","product_tag-bajka-terapeutyczna-o-emocjach","product_tag-nauka-pisania-wyrazow-dla-dzieci-do-druku-pdf","product_tag-nietypowe-imiona-zenskie","product_tag-znaki-drogowe-test"],"_links":{"self":[{"href":"http:\/\/klubmamgdynia.pl\/index.php\/wp-json\/wp\/v2\/product\/5539","targetHints":{"allow":["GET"]}}],"collection":[{"href":"http:\/\/klubmamgdynia.pl\/index.php\/wp-json\/wp\/v2\/product"}],"about":[{"href":"http:\/\/klubmamgdynia.pl\/index.php\/wp-json\/wp\/v2\/types\/product"}],"replies":[{"embeddable":true,"href":"http:\/\/klubmamgdynia.pl\/index.php\/wp-json\/wp\/v2\/comments?post=5539"}],"wp:featuredmedia":[{"embeddable":true,"href":"http:\/\/klubmamgdynia.pl\/index.php\/wp-json\/wp\/v2\/media\/5540"}],"wp:attachment":[{"href":"http:\/\/klubmamgdynia.pl\/index.php\/wp-json\/wp\/v2\/media?parent=5539"}],"wp:term":[{"taxonomy":"product_cat","embeddable":true,"href":"http:\/\/klubmamgdynia.pl\/index.php\/wp-json\/wp\/v2\/product_cat?post=5539"},{"taxonomy":"product_tag","embeddable":true,"href":"http:\/\/klubmamgdynia.pl\/index.php\/wp-json\/wp\/v2\/product_tag?post=5539"}],"curies":[{"name":"wp","href":"https:\/\/api.w.org\/{rel}","templated":true}]}}