{"id":5541,"date":"2015-07-09T04:25:25","date_gmt":"2015-07-09T02:25:25","guid":{"rendered":"http:\/\/klubmamgdynia.pl\/index.php\/produkt\/julius-zollner-mata-do-raczkowania-95x135cm-kwiaty-r-95x135cm\/"},"modified":"2026-04-23T23:35:38","modified_gmt":"2026-04-23T21:35:38","slug":"julius-zollner-mata-do-raczkowania-95x135cm-kwiaty-r-95x135cm","status":"publish","type":"product","link":"http:\/\/klubmamgdynia.pl\/index.php\/produkt\/julius-zollner-mata-do-raczkowania-95x135cm-kwiaty-r-95x135cm\/","title":{"rendered":"Julius Zollner Mata Do Raczkowania 95X135Cm Kwiaty &#8211; R. 95X135Cm"},"content":{"rendered":"<p>Wspania\u0142a pomoc w raczkowaniu. Chroni dziecko przed zimn\u0105 pod\u0142og\u0105 podczas raczkowania i zabawy oraz zaprasza je do przytulania si\u0119. Mata wype\u0142niona w\u0142\u00f3knem z czystej bawe\u0142ny. Szczeg\u00f3\u0142y: pokrowiec: 100% bawe\u0142na Wype\u0142nienie: 100% w\u0142\u00f3knina poliestrowa produkt nale\u017cy pra\u0107 w temp. do 30\u00b0 C wymiary: szeroko\u015b\u0107 x d\u0142ugo\u015b\u0107 95 x 135 cm Zgodno\u015b\u0107 z norm\u0105 STANDARD 100 by OEKO-TEX\u00ae. wyprodukowano w Niemczech<\/p>\n<h2>Julius Zollner Mata Do Raczkowania 95X135Cm Kwiaty &#8211; R. 95X135Cm Z\u00f6llner<\/h2>\n<p>ko\u0142ysanka tekst, proste zagadki, imi\u0119 liwia, aurora imi\u0119, znaki drogowe quizy, bajka terapeutyczna o dokuczaniu, atrakcje wroc\u0142aw i okolice, jak narysowa\u0107 oko, zagadki dla dziewczyny, kornelia<\/p>\n<p>yyyyy<\/p>\n<p>&nbsp;<\/p>\n","protected":false},"excerpt":{"rendered":"<p>Wspania\u0142a pomoc w raczkowaniu. Chroni dziecko przed zimn\u0105 pod\u0142og\u0105 podczas raczkowania i zabawy oraz zaprasza je do przytulania si\u0119. Mata wype\u0142niona w\u0142\u00f3knem z czystej bawe\u0142ny. Szczeg\u00f3\u0142y: pokrowiec: 100% bawe\u0142na Wype\u0142nienie: 100% w\u0142\u00f3knina poliestrowa produkt nale\u017cy pra\u0107 w temp. do 30\u00b0 C wymiary: szeroko\u015b\u0107 x d\u0142ugo\u015b\u0107 95 x 135 cm Zgodno\u015b\u0107 z norm\u0105 STANDARD 100 by [&hellip;]<\/p>\n","protected":false},"featured_media":5542,"comment_status":"closed","ping_status":"open","template":"","meta":[],"product_cat":[55,1069],"product_tag":[611,722,703,770],"class_list":["post-5541","product","type-product","status-publish","has-post-thumbnail","hentry","product_cat-maty-edukacyjne","product_cat-zollner","product_tag-bajki-do-czytania-psi-patrol","product_tag-cytaty-o-przyjazni","product_tag-prezent-dla-nastolatki","product_tag-samolot-z-papieru"],"_links":{"self":[{"href":"http:\/\/klubmamgdynia.pl\/index.php\/wp-json\/wp\/v2\/product\/5541","targetHints":{"allow":["GET"]}}],"collection":[{"href":"http:\/\/klubmamgdynia.pl\/index.php\/wp-json\/wp\/v2\/product"}],"about":[{"href":"http:\/\/klubmamgdynia.pl\/index.php\/wp-json\/wp\/v2\/types\/product"}],"replies":[{"embeddable":true,"href":"http:\/\/klubmamgdynia.pl\/index.php\/wp-json\/wp\/v2\/comments?post=5541"}],"wp:featuredmedia":[{"embeddable":true,"href":"http:\/\/klubmamgdynia.pl\/index.php\/wp-json\/wp\/v2\/media\/5542"}],"wp:attachment":[{"href":"http:\/\/klubmamgdynia.pl\/index.php\/wp-json\/wp\/v2\/media?parent=5541"}],"wp:term":[{"taxonomy":"product_cat","embeddable":true,"href":"http:\/\/klubmamgdynia.pl\/index.php\/wp-json\/wp\/v2\/product_cat?post=5541"},{"taxonomy":"product_tag","embeddable":true,"href":"http:\/\/klubmamgdynia.pl\/index.php\/wp-json\/wp\/v2\/product_tag?post=5541"}],"curies":[{"name":"wp","href":"https:\/\/api.w.org\/{rel}","templated":true}]}}