{"id":5543,"date":"2025-09-07T02:43:35","date_gmt":"2025-09-07T00:43:35","guid":{"rendered":"http:\/\/klubmamgdynia.pl\/?post_type=product&#038;p=5543"},"modified":"2026-04-27T00:06:40","modified_gmt":"2026-04-26T22:06:40","slug":"lisciani-led-light-lg65868","status":"publish","type":"product","link":"http:\/\/klubmamgdynia.pl\/index.php\/produkt\/lisciani-led-light-lg65868\/","title":{"rendered":"Lisciani Led Light Lg65868"},"content":{"rendered":"<p>HI-TECH Pojazd kosmiczny LEDZestaw do stworzenia oryginalnych pojazd\u00f3w wyposa\u017conych w ledowe \u015bwiat\u0142a. Produkt umo\u017cliwia z\u0142o\u017cenie, a\u017c 10 modeli pokazanych w instrukcji!W opakowaniu znajduj\u0105 si\u0119 r\u00f3wnie\u017c puzzle do z\u0142o\u017cenia.Informacje o produkcieNr katalogowy304-65868Marka (Zabawki) BrakObszar (nauka i rozw\u00f3j) KonstrukcyjneRodzaj (nauka i rozw\u00f3j) Zestawy konstrukcyjne plastikoweWymagania wiekowe od 7 latP\u0142e\u0107 (zabawki) Ch\u0142opcyAkcesoria w zestawie 100 cz\u0119\u015bciKsi\u0105\u017ceczka z modelamiPuzzle &#8211; 108 element\u00f3wPozosta\u0142e parametryWymiary opakowania: 33.5 x 25 x 6 cm<\/p>\n<h2>Lisciani Led Light Lg65868 Lisciani Giochi<\/h2>\n<p>cytaty o przyja\u017ani kr\u00f3tkie, kolorowanki dla dziewczynek do druku, zagadki o przyborach szkolnych, najpi\u0119kniejsze cytaty cytaty dla mamy, najlepsze pranki na prima aprilis, zagadka nie do rozwi\u0105zania, maska kota, testy z lektury opowie\u015bci z narnii lew czarownica i stara szafa, malowanki do druku, kontynenty dla dzieci do druku, kotek kolorowanka, aurelia imi\u0119, kubu\u015b puchatek cytaty<\/p>\n<p>yyyyy<\/p>\n<p>&nbsp;<\/p>\n","protected":false},"excerpt":{"rendered":"<p>HI-TECH Pojazd kosmiczny LEDZestaw do stworzenia oryginalnych pojazd\u00f3w wyposa\u017conych w ledowe \u015bwiat\u0142a. Produkt umo\u017cliwia z\u0142o\u017cenie, a\u017c 10 modeli pokazanych w instrukcji!W opakowaniu znajduj\u0105 si\u0119 r\u00f3wnie\u017c puzzle do z\u0142o\u017cenia.Informacje o produkcieNr katalogowy304-65868Marka (Zabawki) BrakObszar (nauka i rozw\u00f3j) KonstrukcyjneRodzaj (nauka i rozw\u00f3j) Zestawy konstrukcyjne plastikoweWymagania wiekowe od 7 latP\u0142e\u0107 (zabawki) Ch\u0142opcyAkcesoria w zestawie 100 cz\u0119\u015bciKsi\u0105\u017ceczka z modelamiPuzzle [&hellip;]<\/p>\n","protected":false},"featured_media":5544,"comment_status":"closed","ping_status":"open","template":"","meta":[],"product_cat":[113,553],"product_tag":[668,754,784,670,695,823],"class_list":["post-5543","product","type-product","status-publish","has-post-thumbnail","hentry","product_cat-klocki","product_cat-lisciani-giochi","product_tag-atrakcje-dla-dzieci-wroclaw","product_tag-dyplomy-do-wydrukowania-a4","product_tag-hymn-gorniczy","product_tag-irma","product_tag-rzadkie-imiona-zenskie","product_tag-zagadki-dla-dzieci-7-lat"],"_links":{"self":[{"href":"http:\/\/klubmamgdynia.pl\/index.php\/wp-json\/wp\/v2\/product\/5543","targetHints":{"allow":["GET"]}}],"collection":[{"href":"http:\/\/klubmamgdynia.pl\/index.php\/wp-json\/wp\/v2\/product"}],"about":[{"href":"http:\/\/klubmamgdynia.pl\/index.php\/wp-json\/wp\/v2\/types\/product"}],"replies":[{"embeddable":true,"href":"http:\/\/klubmamgdynia.pl\/index.php\/wp-json\/wp\/v2\/comments?post=5543"}],"wp:featuredmedia":[{"embeddable":true,"href":"http:\/\/klubmamgdynia.pl\/index.php\/wp-json\/wp\/v2\/media\/5544"}],"wp:attachment":[{"href":"http:\/\/klubmamgdynia.pl\/index.php\/wp-json\/wp\/v2\/media?parent=5543"}],"wp:term":[{"taxonomy":"product_cat","embeddable":true,"href":"http:\/\/klubmamgdynia.pl\/index.php\/wp-json\/wp\/v2\/product_cat?post=5543"},{"taxonomy":"product_tag","embeddable":true,"href":"http:\/\/klubmamgdynia.pl\/index.php\/wp-json\/wp\/v2\/product_tag?post=5543"}],"curies":[{"name":"wp","href":"https:\/\/api.w.org\/{rel}","templated":true}]}}