{"id":5549,"date":"2013-07-16T15:59:38","date_gmt":"2013-07-16T13:59:38","guid":{"rendered":"http:\/\/klubmamgdynia.pl\/index.php\/produkt\/hasbro-transformers-decepticon-rumble-ratbat-2-pak-e3420\/"},"modified":"2026-04-30T10:30:29","modified_gmt":"2026-04-30T08:30:29","slug":"hasbro-transformers-decepticon-rumble-ratbat-2-pak-e3420","status":"publish","type":"product","link":"http:\/\/klubmamgdynia.pl\/index.php\/produkt\/hasbro-transformers-decepticon-rumble-ratbat-2-pak-e3420\/","title":{"rendered":"Hasbro Transformers Decepticon Rumble Ratbat 2 Pak E3420"},"content":{"rendered":"<p>Hasbro Transformers Decepticon Rumble Ratbat 2 Pak E3420Dzieci mog\u0105 stoczy\u0107 niezwyk\u0142\u0105 bitw\u0119 transformers. Figurki odwzorowuj\u0105 postaci z filmu Transformers. WFC-S47 Decepticon Battle Squad figurki Decepticon Rumble Ratbat konwertuj\u0105 w 5 i 4 prostych krokach z trybu robota na tryby pojazdu. W kilka chwil mo\u017cemy zmieni\u0107 figurk\u0119 w pojazd, by jeszcze skuteczniej pokona\u0107 przeciwnika!                            <\/p>\n<p>Najwa\u017cniejsze cechy zabawki:<br \/>\nseria Transformers War for Cybertronfigurka Decepticon Rumble RatbatTransformacja w pojazd<br \/>\nTransformacja w kilku krokach<\/p>\n<h2>Hasbro Transformers Decepticon Rumble Ratbat 2 Pak E3420 Hasbro<\/h2>\n<p>co kupic na roczek, cytat rodzina, na wyspach bergamutach, ma\u0142o nas do pieczenia chleba, zagatki<\/p>\n<p>yyyyy<\/p>\n<p>&nbsp;<\/p>\n","protected":false},"excerpt":{"rendered":"<p>Hasbro Transformers Decepticon Rumble Ratbat 2 Pak E3420Dzieci mog\u0105 stoczy\u0107 niezwyk\u0142\u0105 bitw\u0119 transformers. Figurki odwzorowuj\u0105 postaci z filmu Transformers. WFC-S47 Decepticon Battle Squad figurki Decepticon Rumble Ratbat konwertuj\u0105 w 5 i 4 prostych krokach z trybu robota na tryby pojazdu. W kilka chwil mo\u017cemy zmieni\u0107 figurk\u0119 w pojazd, by jeszcze skuteczniej pokona\u0107 przeciwnika! Najwa\u017cniejsze cechy [&hellip;]<\/p>\n","protected":false},"featured_media":5550,"comment_status":"closed","ping_status":"open","template":"","meta":[],"product_cat":[95,129],"product_tag":[863,611,707,656],"class_list":["post-5549","product","type-product","status-publish","has-post-thumbnail","hentry","product_cat-figurki-makiety-i-zestawy","product_cat-hasbro","product_tag-bajki-dla-dziewczynek","product_tag-bajki-do-czytania-psi-patrol","product_tag-karty-pracy-dla-dzieci-z-ukrainy","product_tag-kolorowanki-lol"],"_links":{"self":[{"href":"http:\/\/klubmamgdynia.pl\/index.php\/wp-json\/wp\/v2\/product\/5549","targetHints":{"allow":["GET"]}}],"collection":[{"href":"http:\/\/klubmamgdynia.pl\/index.php\/wp-json\/wp\/v2\/product"}],"about":[{"href":"http:\/\/klubmamgdynia.pl\/index.php\/wp-json\/wp\/v2\/types\/product"}],"replies":[{"embeddable":true,"href":"http:\/\/klubmamgdynia.pl\/index.php\/wp-json\/wp\/v2\/comments?post=5549"}],"wp:featuredmedia":[{"embeddable":true,"href":"http:\/\/klubmamgdynia.pl\/index.php\/wp-json\/wp\/v2\/media\/5550"}],"wp:attachment":[{"href":"http:\/\/klubmamgdynia.pl\/index.php\/wp-json\/wp\/v2\/media?parent=5549"}],"wp:term":[{"taxonomy":"product_cat","embeddable":true,"href":"http:\/\/klubmamgdynia.pl\/index.php\/wp-json\/wp\/v2\/product_cat?post=5549"},{"taxonomy":"product_tag","embeddable":true,"href":"http:\/\/klubmamgdynia.pl\/index.php\/wp-json\/wp\/v2\/product_tag?post=5549"}],"curies":[{"name":"wp","href":"https:\/\/api.w.org\/{rel}","templated":true}]}}