{"id":555,"date":"2021-11-26T10:15:46","date_gmt":"2021-11-26T09:15:46","guid":{"rendered":"http:\/\/klubmamgdynia.pl\/?post_type=product&#038;p=555"},"modified":"2026-04-22T11:49:53","modified_gmt":"2026-04-22T09:49:53","slug":"ravensburger-3x49el-policja-w-akcji-92215","status":"publish","type":"product","link":"http:\/\/klubmamgdynia.pl\/index.php\/produkt\/ravensburger-3x49el-policja-w-akcji-92215\/","title":{"rendered":"Ravensburger 3X49el. Policja W Akcji 92215"},"content":{"rendered":"<p>RAVEN. 3X49 EL. POLICJA W AKCJI 092215 &#8211; to wysokiej jako\u015bci puzzle niemieckiej firmy Ravensburger.Wymiary 17,8cmx17,8cmFirma Ravensburger jest europejskim liderem na rynku Puzzli. Jednak puzzle i uk\u0142adanki to nie wszystko.W ofercie Ravensburger znale\u017a\u0107 mo\u017cna r\u00f3wnie\u017c zabawki z serii WOW i Hello Kitty.Produkty Ravensburger zapewniaj\u0105 nie tylko wspania\u0142\u0105 zabaw\u0119, ale tak\u017ce cechuje je najwy\u017csza jako\u015b\u0107 wykonania.RAVEN. 3X49 EL. POLICJA W AKCJI 092215 mo\u017cna odebra\u0107 r\u00f3wnie\u017c osobi\u015bcie w Warszawie \u2013 Warszawa Mokot\u00f3w.<\/p>\n<h2>Ravensburger 3X49el. Policja W Akcji 92215 Ravensburger<\/h2>\n<p>nietypowe imiona \u017ce\u0144skie, tabliczka mno\u017cenia karty pracy do druku, kolorowanki lol do druku, opowie\u015bci z narni test, cyferki do druku, quiz o dinozaurach, desery dla dzieci, kolorowanki minecraft, imiona \u017ce\u0144skie nietypowe, dobre \u017carty na prima aprilis, zagadki o wiosnie, j\u0119zyk polski dla dzieci z ukrainy, test z lektury miko\u0142ajek do druku, najtrudniejsze zagadki, imi\u0119 kuba, straszne filmy dla dzieci, bursztynek<\/p>\n<p>yyyyy<\/p>\n<p>&nbsp;<\/p>\n","protected":false},"excerpt":{"rendered":"<p>RAVEN. 3X49 EL. POLICJA W AKCJI 092215 &#8211; to wysokiej jako\u015bci puzzle niemieckiej firmy Ravensburger.Wymiary 17,8cmx17,8cmFirma Ravensburger jest europejskim liderem na rynku Puzzli. Jednak puzzle i uk\u0142adanki to nie wszystko.W ofercie Ravensburger znale\u017a\u0107 mo\u017cna r\u00f3wnie\u017c zabawki z serii WOW i Hello Kitty.Produkty Ravensburger zapewniaj\u0105 nie tylko wspania\u0142\u0105 zabaw\u0119, ale tak\u017ce cechuje je najwy\u017csza jako\u015b\u0107 wykonania.RAVEN. [&hellip;]<\/p>\n","protected":false},"featured_media":556,"comment_status":"closed","ping_status":"open","template":"","meta":[],"product_cat":[90,207],"product_tag":[671,672,791,820],"class_list":["post-555","product","type-product","status-publish","has-post-thumbnail","hentry","product_cat-puzzle","product_cat-ravensburger","product_tag-cicha-noc-po-angielsku-tekst","product_tag-trudne-zagadki-z-odpowiedziami","product_tag-zagadki-na-myslenie","product_tag-ziemia-wyspa-zielona-tekst"],"_links":{"self":[{"href":"http:\/\/klubmamgdynia.pl\/index.php\/wp-json\/wp\/v2\/product\/555","targetHints":{"allow":["GET"]}}],"collection":[{"href":"http:\/\/klubmamgdynia.pl\/index.php\/wp-json\/wp\/v2\/product"}],"about":[{"href":"http:\/\/klubmamgdynia.pl\/index.php\/wp-json\/wp\/v2\/types\/product"}],"replies":[{"embeddable":true,"href":"http:\/\/klubmamgdynia.pl\/index.php\/wp-json\/wp\/v2\/comments?post=555"}],"wp:featuredmedia":[{"embeddable":true,"href":"http:\/\/klubmamgdynia.pl\/index.php\/wp-json\/wp\/v2\/media\/556"}],"wp:attachment":[{"href":"http:\/\/klubmamgdynia.pl\/index.php\/wp-json\/wp\/v2\/media?parent=555"}],"wp:term":[{"taxonomy":"product_cat","embeddable":true,"href":"http:\/\/klubmamgdynia.pl\/index.php\/wp-json\/wp\/v2\/product_cat?post=555"},{"taxonomy":"product_tag","embeddable":true,"href":"http:\/\/klubmamgdynia.pl\/index.php\/wp-json\/wp\/v2\/product_tag?post=555"}],"curies":[{"name":"wp","href":"https:\/\/api.w.org\/{rel}","templated":true}]}}