{"id":5551,"date":"2021-10-06T00:32:36","date_gmt":"2021-10-05T22:32:36","guid":{"rendered":"http:\/\/klubmamgdynia.pl\/index.php\/produkt\/mudpuppy-bal-ukladanka-magnetyczna-ubieranka\/"},"modified":"2026-04-06T15:10:39","modified_gmt":"2026-04-06T13:10:39","slug":"mudpuppy-bal-ukladanka-magnetyczna-ubieranka","status":"publish","type":"product","link":"http:\/\/klubmamgdynia.pl\/index.php\/produkt\/mudpuppy-bal-ukladanka-magnetyczna-ubieranka\/","title":{"rendered":"Mudpuppy Bal Uk\u0142adanka Magnetyczna Ubieranka"},"content":{"rendered":"<p>Bal uk\u0142adanka magnetyczna ubieranka Mudpuppy<\/p>\n<h2>Mudpuppy Bal Uk\u0142adanka Magnetyczna Ubieranka Mudpuppy<\/h2>\n<p>zagadki na bal karnawa\u0142owy w przedszkolu, sporty po francusku, imie lilianna, piosenki dla dzieci o jesieni, po \u0142\u0105ce biega lato tekst, quiz o zwierz\u0119tach domowych, bajki do czytania, darmowe kolorowanki do druku, prezent na roczek dla dziewczynki, nadia imi\u0119, leon imi\u0119, prima aprilis pomys\u0142y, kostek imi\u0119, zabawy z pi\u0142k\u0105 dla dzieci, test na patologi\u0119 z kubusia puchatka, bajki na dobranoc do czytania<\/p>\n<p>yyyyy<\/p>\n<p>&nbsp;<\/p>\n","protected":false},"excerpt":{"rendered":"<p>Bal uk\u0142adanka magnetyczna ubieranka Mudpuppy Mudpuppy Bal Uk\u0142adanka Magnetyczna Ubieranka Mudpuppy zagadki na bal karnawa\u0142owy w przedszkolu, sporty po francusku, imie lilianna, piosenki dla dzieci o jesieni, po \u0142\u0105ce biega lato tekst, quiz o zwierz\u0119tach domowych, bajki do czytania, darmowe kolorowanki do druku, prezent na roczek dla dziewczynki, nadia imi\u0119, leon imi\u0119, prima aprilis pomys\u0142y, [&hellip;]<\/p>\n","protected":false},"featured_media":5552,"comment_status":"closed","ping_status":"open","template":"","meta":[],"product_cat":[1344,295],"product_tag":[740,749],"class_list":["post-5551","product","type-product","status-publish","has-post-thumbnail","hentry","product_cat-mudpuppy","product_cat-pozostale-zabawki","product_tag-fajne-prezenty-dla-nastolatkow","product_tag-najlepsze-zarty-na-prima-aprilis"],"_links":{"self":[{"href":"http:\/\/klubmamgdynia.pl\/index.php\/wp-json\/wp\/v2\/product\/5551","targetHints":{"allow":["GET"]}}],"collection":[{"href":"http:\/\/klubmamgdynia.pl\/index.php\/wp-json\/wp\/v2\/product"}],"about":[{"href":"http:\/\/klubmamgdynia.pl\/index.php\/wp-json\/wp\/v2\/types\/product"}],"replies":[{"embeddable":true,"href":"http:\/\/klubmamgdynia.pl\/index.php\/wp-json\/wp\/v2\/comments?post=5551"}],"wp:featuredmedia":[{"embeddable":true,"href":"http:\/\/klubmamgdynia.pl\/index.php\/wp-json\/wp\/v2\/media\/5552"}],"wp:attachment":[{"href":"http:\/\/klubmamgdynia.pl\/index.php\/wp-json\/wp\/v2\/media?parent=5551"}],"wp:term":[{"taxonomy":"product_cat","embeddable":true,"href":"http:\/\/klubmamgdynia.pl\/index.php\/wp-json\/wp\/v2\/product_cat?post=5551"},{"taxonomy":"product_tag","embeddable":true,"href":"http:\/\/klubmamgdynia.pl\/index.php\/wp-json\/wp\/v2\/product_tag?post=5551"}],"curies":[{"name":"wp","href":"https:\/\/api.w.org\/{rel}","templated":true}]}}