{"id":5553,"date":"2022-08-25T10:37:08","date_gmt":"2022-08-25T08:37:08","guid":{"rendered":"http:\/\/klubmamgdynia.pl\/index.php\/produkt\/shnuggle-mata-do-zabawy-yoga-navy\/"},"modified":"2026-04-11T08:37:28","modified_gmt":"2026-04-11T06:37:28","slug":"shnuggle-mata-do-zabawy-yoga-navy","status":"publish","type":"product","link":"http:\/\/klubmamgdynia.pl\/index.php\/produkt\/shnuggle-mata-do-zabawy-yoga-navy\/","title":{"rendered":"Shnuggle Mata Do Zabawy Yoga Navy"},"content":{"rendered":"<p>Baby Yoga &#8211; mata do zabawy na plecach, na brzuszku i na siedz\u0105co. Przyda si\u0119 do przewijania, masa\u017cu, \u0107wicze\u0144 rehabilitacyjnych. Jest przyjemnie mi\u0119kka, \u0142atwa w czyszczeniu i bezpieczna &#8211; nie \u015blizga si\u0119 po pod\u0142odze, jest odporna na wilgo\u015b\u0107, ma w\u0142a\u015bciwo\u015bci antybakteryjne. Shnuggle Baby Yoga Mat to wygodne i higieniczne miejsce do zabawy z maluchem.Pasek ze eko-sk\u00f3ry pozwala na szybkie zwini\u0119cie maty i jej transport, na ramieniu, w baga\u017cniku auta, na ramie w\u00f3zka. Zabierzecie j\u0105 ze sob\u0105 wsz\u0119dzie, poniewa\u017c po zwini\u0119ciu zajmuje bardzo ma\u0142o miejsca. Zabawy na macie wspieraj\u0105 rozw\u00f3j psychofizyczny dziecka, pozwalaj\u0105 obserwowa\u0107 skoki rozwojowe i nowe umiej\u0119tno\u015bci. Wiek: 0+Materia\u0142: TPE + PVC Wymiary: 70,7 cm x 47 cm x 0,6 mmD\u0142ugo\u015b\u0107 paska na rami\u0119: 80 cmZgodne z normami jako\u015bci i bezpiecze\u0144stwa EN71-3 i REACHWolne od lateksu<\/p>\n<h2>Shnuggle Mata Do Zabawy Yoga Navy Shnuggle<\/h2>\n<p>proste dekoracje bo\u017conarodzeniowe dla dzieci, prezent na roczek dla ch\u0142opca, test narnia lew czarownica i stara szafa, kolorowanki do druku pokemon, logiczne zagadki dla dzieci, karaluchy pod poduchy a szczypawki, quiz o zwierz\u0119tach domowych, lucjan imi\u0119, warszawa atrakcje dla m\u0142odzie\u017cy, zaj\u0119cia dla nastolatk\u00f3w, najlepsze zarty na prima aprilis, kolorowanka spiderman, koty do druku, test dynastia mizio\u0142k\u00f3w, krecik bajka, cytaty o macierzy\u0144stwie, test z dzieci z bullerbyn, co kupi\u0107 dziewczynce na roczek, prezenty na roczek dla dziewczynki, quiz o wio\u015bnie, kolorowanka wr\u00f3\u017cka<\/p>\n<p>yyyyy<\/p>\n<p>&nbsp;<\/p>\n","protected":false},"excerpt":{"rendered":"<p>Baby Yoga &#8211; mata do zabawy na plecach, na brzuszku i na siedz\u0105co. Przyda si\u0119 do przewijania, masa\u017cu, \u0107wicze\u0144 rehabilitacyjnych. Jest przyjemnie mi\u0119kka, \u0142atwa w czyszczeniu i bezpieczna &#8211; nie \u015blizga si\u0119 po pod\u0142odze, jest odporna na wilgo\u015b\u0107, ma w\u0142a\u015bciwo\u015bci antybakteryjne. Shnuggle Baby Yoga Mat to wygodne i higieniczne miejsce do zabawy z maluchem.Pasek ze [&hellip;]<\/p>\n","protected":false},"featured_media":5554,"comment_status":"closed","ping_status":"open","template":"","meta":[],"product_cat":[55,1370],"product_tag":[583,655,803,675,592],"class_list":["post-5553","product","type-product","status-publish","has-post-thumbnail","hentry","product_cat-maty-edukacyjne","product_cat-shnuggle","product_tag-kolysanki-dla-dzieci-tekst","product_tag-najlepsze-zagadki","product_tag-szlaczki-do-druku","product_tag-test-z-lektury-kajko-i-kokosz-szkola-latania","product_tag-zagadki-dla-dzieci"],"_links":{"self":[{"href":"http:\/\/klubmamgdynia.pl\/index.php\/wp-json\/wp\/v2\/product\/5553","targetHints":{"allow":["GET"]}}],"collection":[{"href":"http:\/\/klubmamgdynia.pl\/index.php\/wp-json\/wp\/v2\/product"}],"about":[{"href":"http:\/\/klubmamgdynia.pl\/index.php\/wp-json\/wp\/v2\/types\/product"}],"replies":[{"embeddable":true,"href":"http:\/\/klubmamgdynia.pl\/index.php\/wp-json\/wp\/v2\/comments?post=5553"}],"wp:featuredmedia":[{"embeddable":true,"href":"http:\/\/klubmamgdynia.pl\/index.php\/wp-json\/wp\/v2\/media\/5554"}],"wp:attachment":[{"href":"http:\/\/klubmamgdynia.pl\/index.php\/wp-json\/wp\/v2\/media?parent=5553"}],"wp:term":[{"taxonomy":"product_cat","embeddable":true,"href":"http:\/\/klubmamgdynia.pl\/index.php\/wp-json\/wp\/v2\/product_cat?post=5553"},{"taxonomy":"product_tag","embeddable":true,"href":"http:\/\/klubmamgdynia.pl\/index.php\/wp-json\/wp\/v2\/product_tag?post=5553"}],"curies":[{"name":"wp","href":"https:\/\/api.w.org\/{rel}","templated":true}]}}