{"id":5555,"date":"2021-01-13T15:40:16","date_gmt":"2021-01-13T14:40:16","guid":{"rendered":"http:\/\/klubmamgdynia.pl\/index.php\/produkt\/small-foot-design-wieza-duchow-7656\/"},"modified":"2026-04-30T10:56:42","modified_gmt":"2026-04-30T08:56:42","slug":"small-foot-design-wieza-duchow-7656","status":"publish","type":"product","link":"http:\/\/klubmamgdynia.pl\/index.php\/produkt\/small-foot-design-wieza-duchow-7656\/","title":{"rendered":"Small Foot Design Wie\u017ca Duch\u00f3w 7656"},"content":{"rendered":"<p>Jenga &#8222;Wie\u017ca duch\u00f3w&#8221;Wyj\u0105tkowa gra zr\u0119czno\u015bciowa wykonana z drewna znakomicie \u0107wiczy zdolno\u015b\u0107 koncentracji i sztuk\u0119 cierpliwo\u015bci. Dzi\u0119ki niej, Twoje dziecko przeniesie si\u0119 do \u015bwiata uroczych duszk\u00f3w mieszkaj\u0105cych w starej wie\u017cy. Zasady dzia\u0142ania s\u0105 proste. Nale\u017cy wyci\u0105gn\u0105\u0107 jak najwi\u0119cej drewnianych sztabek z wie\u017cy, tak aby duszki nie spad\u0142y. Gra zapewni doskona\u0142\u0105 rozrywk\u0119 nie tylko najm\u0142odszym. Ch\u0119tnie zagraj\u0105 w ni\u0105 r\u00f3wnie\u017c doro\u015bli.Wymiary: 20 x 20 x 30 cm<\/p>\n<h2>Small Foot Design Wie\u017ca Duch\u00f3w 7656 Small Foot Design<\/h2>\n<p>ja\u015bmina imi\u0119, paj\u0105czek na rowerze test, prezent dla dziewczynki 7 lat, quiz o wio\u015bnie, kolorowanki do druku lol, dzie\u0144 nauczyciela cytaty, psi patrol kolorowanka, gloria imie, eksperymenty dla dzieci wulkan, testy z lektury tajemniczy ogr\u00f3d, ekskluzywny prezent na roczek, wiersz na dobranoc dla dzieci, teksty o rodzinie, kolorowanki dla ch\u0142opc\u00f3w, kolorowanka do druku super zings, \u0142amig\u0142\u00f3wki matematyczne, prezent dla nastolatki<\/p>\n<p>yyyyy<\/p>\n<p>&nbsp;<\/p>\n","protected":false},"excerpt":{"rendered":"<p>Jenga &#8222;Wie\u017ca duch\u00f3w&#8221;Wyj\u0105tkowa gra zr\u0119czno\u015bciowa wykonana z drewna znakomicie \u0107wiczy zdolno\u015b\u0107 koncentracji i sztuk\u0119 cierpliwo\u015bci. Dzi\u0119ki niej, Twoje dziecko przeniesie si\u0119 do \u015bwiata uroczych duszk\u00f3w mieszkaj\u0105cych w starej wie\u017cy. Zasady dzia\u0142ania s\u0105 proste. Nale\u017cy wyci\u0105gn\u0105\u0107 jak najwi\u0119cej drewnianych sztabek z wie\u017cy, tak aby duszki nie spad\u0142y. Gra zapewni doskona\u0142\u0105 rozrywk\u0119 nie tylko najm\u0142odszym. Ch\u0119tnie zagraj\u0105 [&hellip;]<\/p>\n","protected":false},"featured_media":5556,"comment_status":"closed","ping_status":"open","template":"","meta":[],"product_cat":[537,147],"product_tag":[668,784,617,637,759,586],"class_list":["post-5555","product","type-product","status-publish","has-post-thumbnail","hentry","product_cat-pozostale-zabawki-edukacyjne","product_cat-small-foot-design","product_tag-atrakcje-dla-dzieci-wroclaw","product_tag-hymn-gorniczy","product_tag-keyword","product_tag-niech-zyja-wakacje-tekst","product_tag-pomysly-na-prezent-dla-nastolatkow","product_tag-smieszne-zagadki"],"_links":{"self":[{"href":"http:\/\/klubmamgdynia.pl\/index.php\/wp-json\/wp\/v2\/product\/5555","targetHints":{"allow":["GET"]}}],"collection":[{"href":"http:\/\/klubmamgdynia.pl\/index.php\/wp-json\/wp\/v2\/product"}],"about":[{"href":"http:\/\/klubmamgdynia.pl\/index.php\/wp-json\/wp\/v2\/types\/product"}],"replies":[{"embeddable":true,"href":"http:\/\/klubmamgdynia.pl\/index.php\/wp-json\/wp\/v2\/comments?post=5555"}],"wp:featuredmedia":[{"embeddable":true,"href":"http:\/\/klubmamgdynia.pl\/index.php\/wp-json\/wp\/v2\/media\/5556"}],"wp:attachment":[{"href":"http:\/\/klubmamgdynia.pl\/index.php\/wp-json\/wp\/v2\/media?parent=5555"}],"wp:term":[{"taxonomy":"product_cat","embeddable":true,"href":"http:\/\/klubmamgdynia.pl\/index.php\/wp-json\/wp\/v2\/product_cat?post=5555"},{"taxonomy":"product_tag","embeddable":true,"href":"http:\/\/klubmamgdynia.pl\/index.php\/wp-json\/wp\/v2\/product_tag?post=5555"}],"curies":[{"name":"wp","href":"https:\/\/api.w.org\/{rel}","templated":true}]}}