{"id":5557,"date":"2020-07-31T11:43:16","date_gmt":"2020-07-31T09:43:16","guid":{"rendered":"http:\/\/klubmamgdynia.pl\/index.php\/produkt\/nova-puzzle-1000el-little-girls-cat-and-love-kot-i-milosc-dziewczynki\/"},"modified":"2026-04-28T16:12:39","modified_gmt":"2026-04-28T14:12:39","slug":"nova-puzzle-1000el-little-girls-cat-and-love-kot-i-milosc-dziewczynki","status":"publish","type":"product","link":"http:\/\/klubmamgdynia.pl\/index.php\/produkt\/nova-puzzle-1000el-little-girls-cat-and-love-kot-i-milosc-dziewczynki\/","title":{"rendered":"Nova Puzzle 1000El. Little Girl&#8217;S Cat And Love Kot I Mi\u0142o\u015b\u0107 Dziewczynki"},"content":{"rendered":"<p>PUZZLE: 1000 ELEMENT\u00d3W PRODUCENT: NOVA PUZZLE NAZWA: LITTLE GIRLS CAT AND LOVE &#8211; KOT I MI\u0141O\u015a\u0106 DZIEWCZYNKIINDEX: 06472 KOD EAN: 8699375064728 ROZMIAR: 680 x 480 mm WYMIARY PUDE\u0141KA: 330 x 230 x 50 mm LITTLE GIRLS CAT AND LOVE &#8211; KOT I MI\u0141O\u015a\u0106 DZIEWCZYNKINiezwyk\u0142a grafika od Nova Puzzle. Rozsmakuj si\u0119 detalami tych puzzli. Mi\u0142ego uk\u0142adania. Nova Puzzle to nowy turecki producent puzzli, bazuj\u0105cy na nowoczesnych maszynach. Dba\u0142o\u015b\u0107 o szczeg\u00f3\u0142y, wyj\u0105tkowe grafiki i znakomita jako\u015b\u0107 sprawia, \u017ce puzzle Nova trafiaj\u0105 do wielu zak\u0105tk\u00f3w ca\u0142ego \u015bwiata.<\/p>\n<h2>Nova Puzzle 1000El. Little GirlS Cat And Love Kot I Mi\u0142o\u015b\u0107 Dziewczynki <\/h2>\n<p>nauka zegara do druku, kolorowanki antystresowe do druku, maski do druku, place zabaw warszawa, zagadki kr\u00f3tkie, cytaty o macierzy\u0144stwie, quiz o akademii pana kleksa, zagadki logiczne \u015bmieszne, wzory zaprosze\u0144 zaproszenie na urodziny szablon do druku, imie iwo, test na patologi\u0119 z kubusia puchatka, zdrowe dania dla dzieci, kiedy dzieci chodz\u0105 na halloween, test z lektury asiunia, cytaty korczak, quiz narnia lew czarownica i stara szafa, trudne zagadki i odpowiedzi<\/p>\n<p>yyyyy<\/p>\n<p>&nbsp;<\/p>\n","protected":false},"excerpt":{"rendered":"<p>PUZZLE: 1000 ELEMENT\u00d3W PRODUCENT: NOVA PUZZLE NAZWA: LITTLE GIRLS CAT AND LOVE &#8211; KOT I MI\u0141O\u015a\u0106 DZIEWCZYNKIINDEX: 06472 KOD EAN: 8699375064728 ROZMIAR: 680 x 480 mm WYMIARY PUDE\u0141KA: 330 x 230 x 50 mm LITTLE GIRLS CAT AND LOVE &#8211; KOT I MI\u0141O\u015a\u0106 DZIEWCZYNKINiezwyk\u0142a grafika od Nova Puzzle. Rozsmakuj si\u0119 detalami tych puzzli. Mi\u0142ego uk\u0142adania. [&hellip;]<\/p>\n","protected":false},"featured_media":5558,"comment_status":"closed","ping_status":"open","template":"","meta":[],"product_cat":[90],"product_tag":[668,672,647],"class_list":["post-5557","product","type-product","status-publish","has-post-thumbnail","hentry","product_cat-puzzle","product_tag-atrakcje-dla-dzieci-wroclaw","product_tag-trudne-zagadki-z-odpowiedziami","product_tag-warszawa-z-dzieckiem"],"_links":{"self":[{"href":"http:\/\/klubmamgdynia.pl\/index.php\/wp-json\/wp\/v2\/product\/5557","targetHints":{"allow":["GET"]}}],"collection":[{"href":"http:\/\/klubmamgdynia.pl\/index.php\/wp-json\/wp\/v2\/product"}],"about":[{"href":"http:\/\/klubmamgdynia.pl\/index.php\/wp-json\/wp\/v2\/types\/product"}],"replies":[{"embeddable":true,"href":"http:\/\/klubmamgdynia.pl\/index.php\/wp-json\/wp\/v2\/comments?post=5557"}],"wp:featuredmedia":[{"embeddable":true,"href":"http:\/\/klubmamgdynia.pl\/index.php\/wp-json\/wp\/v2\/media\/5558"}],"wp:attachment":[{"href":"http:\/\/klubmamgdynia.pl\/index.php\/wp-json\/wp\/v2\/media?parent=5557"}],"wp:term":[{"taxonomy":"product_cat","embeddable":true,"href":"http:\/\/klubmamgdynia.pl\/index.php\/wp-json\/wp\/v2\/product_cat?post=5557"},{"taxonomy":"product_tag","embeddable":true,"href":"http:\/\/klubmamgdynia.pl\/index.php\/wp-json\/wp\/v2\/product_tag?post=5557"}],"curies":[{"name":"wp","href":"https:\/\/api.w.org\/{rel}","templated":true}]}}