{"id":5559,"date":"2018-05-28T20:02:52","date_gmt":"2018-05-28T18:02:52","guid":{"rendered":"http:\/\/klubmamgdynia.pl\/index.php\/produkt\/bebiko-1-rtf-24x90ml\/"},"modified":"2026-04-05T23:24:16","modified_gmt":"2026-04-05T21:24:16","slug":"bebiko-1-rtf-24x90ml","status":"publish","type":"product","link":"http:\/\/klubmamgdynia.pl\/index.php\/produkt\/bebiko-1-rtf-24x90ml\/","title":{"rendered":"Bebiko 1 RTF 24x90Ml"},"content":{"rendered":"<p>Nutricia Bebiko 1<\/p>\n<p>P\u0142yn 90 ml                            <\/p>\n<p>Bebiko powsta\u0142o z<br \/>\nmy\u015bl\u0105 o niemowl\u0119ciu, kt\u00f3re nie mo\u017ce by\u0107 karmione piersi\u0105, stworzone zosta\u0142o<br \/>\nmleko modyfikowane Bebiko 1. Zawiera opatentowan\u0105 kompozycj\u0119 b\u0142onnika<br \/>\n(fruktooligosacharyd\u00f3w i galaktooligosacharyd\u00f3w), DHA (d\u0142ugo\u0142a\u0144cuchowy<br \/>\nwielonienasycony kwas t\u0142uszczowy LCPUFA) oraz nukleotydy. Bebiko 1 w p\u0142ynie to<br \/>\ngotowe do spo\u017cycia mleko pocz\u0105tkowe.                            <\/p>\n<p>ZastosowanieDla niemowl\u0105t od<br \/>\n1. dnia \u017cycia, je\u015bli nie s\u0105 karmione piersi\u0105. Ten produkt jest przeznaczony do<br \/>\nuzupe\u0142nienia diety, kt\u00f3rej podstaw\u0105 jest mleko kobiece lub modyfikowane.<br \/>\nKarmienie piersi\u0105 jest najlepsze dla dziecka.                            <\/p>\n<p>Spos\u00f3b u\u017cyciaGotowy do spo\u017cycia p\u0142yn. Podawa\u0107 doustnie. Mo\u017ce by\u0107 u\u017cyty w temperaturze pokojowej lub podgrzany w k\u0105pieli wodnej. Nie podgrzewa\u0107 w kuchence mikrofalowej ze wzgl\u0119du na ryzyko poparzenia.                            <\/p>\n<p>Sk\u0142adnikiWoda odmineralizowana, laktoza (z mleka), oleje ro\u015blinne (zawieraj\u0105 lecytyn\u0119 sojow\u0105), odt\u0142uszczone mleko w proszku, galaktooligosacharydy z mleka, koncentrat bia\u0142ka serwatkowego z mleka, emulgator (mono i diglicerydy kwas\u00f3w t\u0142uszczowych), polifruktza, regulator kwasowo\u015bci (kwas cytrynowy), cytrynian potasu, fosforan wapnia, olej rybi, chlorek potasu, wodorotlenek wapnia, witamina C, chlorek choliny, chlorek sodu, w\u0119glan magnezu, wodorotlenek potasu, tauryna, inozytol, mleczan \u017celazawy, witamina E, siarczan cynku, s\u00f3l dwusodowa 5-monofosforanu urydyny, 5-monofosforan cytydyny, witamina A, L-karnityna, 5-monofosforan adenozyny, s\u00f3l dwusodowa 5-monofosforanu inozyny, witamina D3, niacyna, kwas pantotenowy, s\u00f3l dwusodowa 5-monofosforanu guanozyny, glukonian miedzi, selenin sodu, jodek potasu, kwas foliowy, biotyna, witamina B2, witamina B12, witamina K1, witamina B1, witamina B6, siarczan manganu.100ml gotowego do spo\u017cycia mleka zawiera:- warto\u015b\u0107 energetyczna 275kJ\/66kcal,- t\u0142uszcz 3,4g, w tym: kwasy t\u0142uszczowe nasycone 1,5g, kwasy t\u0142uszczowe jednonienasycone 1,3g, kwasy t\u0142uszczowe wielonienasycone 0,5g, w\u0119glowodany 7,3g, w tym cukry 7,2g; b\u0142onnik 0,6; bia\u0142ko 1,3g; s\u00f3l 0,005g; witaminy A 55\u00b5g; witamina D 1,2\u00b5g; witamina E 1,3mg; witamina K 4,5\u00b5g; witamina C 8,3mg; tiamina 0,05mg; ryboflawina 0,1mg; niacyna 0,43mg; witamina B6 0,004mg; kwas foliowy 12\u00b5g; witamina 0,18\u00b5g; biotyna 1,5\u00b5g; kwas pantotenowy 0,33mg; s\u00f3d 18mg; potas 68mg; chlorek 41mg; wap\u0144 50mg, fosfor 28mg; magnez 5mg; \u017celazo 0,55mg; cynk 0,5mg; mied\u017a 0,04mg; mangan 0,008mg; fluorek \u22640,003mg; selen 1,5\u00b5g, jod 12\u00b5g.                            <\/p>\n<p>Wa\u017cne wskaz\u00f3wki:Mleko powinno by\u0107 przygotowane zawsze bezpo\u015brednio przed spo\u017cyciem, nigdy nie nale\u017cy u\u017cywa\u0107 ponownie niewykorzystanej cz\u0119\u015bci mleka.Nale\u017cy stosowa\u0107 zgodnie z zaleceniami lekarza, do \u017cywienia ustnego.Przechowywa\u0107 w temperaturze pokojowej, w miejscu niedost\u0119pnym dla ma\u0142ych dzieci.Wstrz\u0105sn\u0105\u0107 przed otwarciem.<\/p>\n<h2>Bebiko 1 RTF 24x90Ml Bebiko-Nutricia<\/h2>\n<p>co oznacza jordan, pu\u0142tusk atrakcje dla dzieci, myszka miki kolorowanka, kolorowe listki, ozdoby choinkowe dla dzieci, kolorowanki do druku, asiunia test z lektury, dyplomy do wydrukowania a4, peppa do druku, prezent dla 13 latki na \u015bwi\u0119ta, super zings kolorowanki, alfabet kolorowanki, halloween 2021 dla dzieci, quizy o skokach narciarskich, mia imi\u0119, quiz minecraft, imiona z bajek, marcelina imi\u0119<\/p>\n<p>yyyyy<\/p>\n<p>&nbsp;<\/p>\n","protected":false},"excerpt":{"rendered":"<p>Nutricia Bebiko 1 P\u0142yn 90 ml Bebiko powsta\u0142o z my\u015bl\u0105 o niemowl\u0119ciu, kt\u00f3re nie mo\u017ce by\u0107 karmione piersi\u0105, stworzone zosta\u0142o mleko modyfikowane Bebiko 1. Zawiera opatentowan\u0105 kompozycj\u0119 b\u0142onnika (fruktooligosacharyd\u00f3w i galaktooligosacharyd\u00f3w), DHA (d\u0142ugo\u0142a\u0144cuchowy wielonienasycony kwas t\u0142uszczowy LCPUFA) oraz nukleotydy. Bebiko 1 w p\u0142ynie to gotowe do spo\u017cycia mleko pocz\u0105tkowe. ZastosowanieDla niemowl\u0105t od 1. dnia \u017cycia, [&hellip;]<\/p>\n","protected":false},"featured_media":5560,"comment_status":"closed","ping_status":"open","template":"","meta":[],"product_cat":[1208,77],"product_tag":[825,829,727,667,744],"class_list":["post-5559","product","type-product","status-publish","has-post-thumbnail","hentry","product_cat-bebiko-nutricia","product_cat-mleka-poczatkowe","product_tag-bajka-na-dobranoc-do-czytania","product_tag-bajki-do-czytania-na-dobranoc","product_tag-godlo-polski-do-druku","product_tag-kolorowanka-lol","product_tag-kolorowanki-swiateczne-do-wydruku"],"_links":{"self":[{"href":"http:\/\/klubmamgdynia.pl\/index.php\/wp-json\/wp\/v2\/product\/5559","targetHints":{"allow":["GET"]}}],"collection":[{"href":"http:\/\/klubmamgdynia.pl\/index.php\/wp-json\/wp\/v2\/product"}],"about":[{"href":"http:\/\/klubmamgdynia.pl\/index.php\/wp-json\/wp\/v2\/types\/product"}],"replies":[{"embeddable":true,"href":"http:\/\/klubmamgdynia.pl\/index.php\/wp-json\/wp\/v2\/comments?post=5559"}],"wp:featuredmedia":[{"embeddable":true,"href":"http:\/\/klubmamgdynia.pl\/index.php\/wp-json\/wp\/v2\/media\/5560"}],"wp:attachment":[{"href":"http:\/\/klubmamgdynia.pl\/index.php\/wp-json\/wp\/v2\/media?parent=5559"}],"wp:term":[{"taxonomy":"product_cat","embeddable":true,"href":"http:\/\/klubmamgdynia.pl\/index.php\/wp-json\/wp\/v2\/product_cat?post=5559"},{"taxonomy":"product_tag","embeddable":true,"href":"http:\/\/klubmamgdynia.pl\/index.php\/wp-json\/wp\/v2\/product_tag?post=5559"}],"curies":[{"name":"wp","href":"https:\/\/api.w.org\/{rel}","templated":true}]}}