{"id":5561,"date":"2022-07-19T06:24:07","date_gmt":"2022-07-19T04:24:07","guid":{"rendered":"http:\/\/klubmamgdynia.pl\/index.php\/produkt\/mimii-suchy-basen-130x30cm-velvet-soft-jasnoszary-z-pileczkami-600szt-przezroczyste-jasnozlote-perlowe\/"},"modified":"2026-04-12T15:05:15","modified_gmt":"2026-04-12T13:05:15","slug":"mimii-suchy-basen-130x30cm-velvet-soft-jasnoszary-z-pileczkami-600szt-przezroczyste-jasnozlote-perlowe","status":"publish","type":"product","link":"http:\/\/klubmamgdynia.pl\/index.php\/produkt\/mimii-suchy-basen-130x30cm-velvet-soft-jasnoszary-z-pileczkami-600szt-przezroczyste-jasnozlote-perlowe\/","title":{"rendered":"Mimii Suchy Basen 130x30cm Velvet Soft Jasnoszary z pi\u0142eczkami 600szt przezroczyste, jasnoz\u0142ote, per\u0142owe"},"content":{"rendered":"<p>Mimii: Suchy basen velvet soft jasnoszary + Pi\u0142eczki: przezroczyste, jasnoz\u0142ote, per\u0142owe Suchy basen z pi\u0142eczkami to niesamowita frajda dla Twojego dziecka! W cenie basen z pi\u0142eczkami 600 sztuk. W\u0142a\u015bciwo\u015bci: Pozytywnie wp\u0142ywa na rozw\u00f3j dziecka Idealnie nadaje si\u0119 do zabawy (Tylko pod opiek\u0105 osoby doros\u0142ej) Basen dla dzieci od pierwszych dni \u017cycia \u015awietnie nadaje si\u0119 na prezent! Dane techniczne: W ca\u0142o\u015bci wykonany z pianki (boki i dno) Pokryty pokrowcem wykonanym z przyjemnej w dotyku tkaniny velvet soft Posiada certyfikat CE oraz certyfikat EN-71 Pokrowiec na zamek, zdejmowany do prania (pra\u0107 w temperaturze 30 stopni Celsjusza) Baseny pakujemy pr\u00f3\u017cniowo, aby zredukowa\u0107 wielko\u015b\u0107 paczek. (Po rozpakowaniu basen potrzebuje oko\u0142o 7 dni na osi\u0105gni\u0119cie w\u0142a\u015bciwego kszta\u0142tu) Wymiary: \u015arednica: 130cm Wysoko\u015b\u0107: 30cm Grubo\u015b\u0107 \u015bcianek 6 cm Grubo\u015b\u0107 dna ok. 1.5 cm Plastikowe pi\u0142eczki do suchego basenu: polski producent wykonane z nietoksycznego materia\u0142u, bezpieczne dla dzieci bardzo elastyczne, nie ulegaj\u0105 odkszta\u0142ceniu posiadaj\u0105 certyfikat CE \u015brednica pi\u0142eczek 7 cm 130&#215;30 \u00bc &#8211; 225 pi\u0142ek \u00bd &#8211; 450 pi\u0142ek \u00be &#8211; 675 pi\u0142ek Pole &#8222;Plik&#8221; Mo\u017cesz skorzysta\u0107 z pola &#8222;Plik&#8221; oraz za\u0142adowa\u0107 plik tekstowy lub graficzny, je\u015bli chcesz aby wewn\u0105trz paczki znajdowa\u0142a si\u0119 wydrukowana kartka z informacj\u0105. Mog\u0105 to by\u0107 \u017cyczenia lub informacja od kogo jest to prezent. Decyzj\u0119 zostawiamy Tobie! (Za\u0142\u0105czanie plik\u00f3w nie jest obowi\u0105zkowe) Robimy krok w stron\u0119 ekologii! Jako jedni z nielicznych producent\u00f3w zabawek piankowych wykorzystujemy piank\u0119 o podwy\u017cszonej g\u0119sto\u015bci. Dzi\u0119ki temu, produkty z niej wykonane b\u0119d\u0105 znacznie trwalsze, a co za tym idzie &#8211; b\u0119d\u0105 d\u0142u\u017cej s\u0142u\u017cy\u0142y swoim ma\u0142ym w\u0142a\u015bcicielom! Produkty pakujemy pr\u00f3\u017cniowo, redukujemy dzi\u0119ki temu wielko\u015b\u0107 paczek, a to z kolei bezpo\u015brednio przek\u0142ada si\u0119 na wiele korzy\u015bci. Dzi\u0119ki zmniejszaniu wymiar\u00f3w paczek, zredukowali\u015bmy r\u00f3wnie\u017c ilo\u015b\u0107 ci\u0119\u017car\u00f3wek potrzebnych do ich przewiezienia. Do jednej dziennie! Wszystkie kroki, kt\u00f3re podj\u0119li\u015bmy przek\u0142adaj\u0105 si\u0119 na mniejsze spalanie paliwa oraz mniejsze zanieczyszczanie \u015brodowiska. Uwaga! Kolory przedmiot\u00f3w na zdj\u0119ciach mog\u0105 nieznacznie r\u00f3\u017cni\u0107 si\u0119 od rzeczywistych ze wzgl\u0119du na r\u00f3\u017cne ustawienia komputera i monitora. *Zam\u00f3wienia z\u0142o\u017cone do godziny 11 wysy\u0142amy tego samego dnia<\/p>\n<h2>Mimii Suchy Basen 130x30cm Velvet Soft Jasnoszary z pi\u0142eczkami 600szt przezroczyste, jasnoz\u0142ote, per\u0142owe Mimii<\/h2>\n<p>film rodzinny o \u015bwi\u0119tach, imie kuba, ma\u0142y ksi\u0105\u017c\u0119 cytaty o mi\u0142o\u015bci, irma, zdrowe dania dla dzieci, test z lektury asiunia, pomys\u0142y na pakowanie prezent\u00f3w, znane misie z film\u00f3w animowanych, ma\u0142y ksi\u0105\u017ce cytaty o przyja\u017ani<\/p>\n<p>yyyyy<\/p>\n<p>&nbsp;<\/p>\n","protected":false},"excerpt":{"rendered":"<p>Mimii: Suchy basen velvet soft jasnoszary + Pi\u0142eczki: przezroczyste, jasnoz\u0142ote, per\u0142owe Suchy basen z pi\u0142eczkami to niesamowita frajda dla Twojego dziecka! W cenie basen z pi\u0142eczkami 600 sztuk. W\u0142a\u015bciwo\u015bci: Pozytywnie wp\u0142ywa na rozw\u00f3j dziecka Idealnie nadaje si\u0119 do zabawy (Tylko pod opiek\u0105 osoby doros\u0142ej) Basen dla dzieci od pierwszych dni \u017cycia \u015awietnie nadaje si\u0119 na [&hellip;]<\/p>\n","protected":false},"featured_media":5562,"comment_status":"closed","ping_status":"open","template":"","meta":[],"product_cat":[922,1170],"product_tag":[658,587,606,675],"class_list":["post-5561","product","type-product","status-publish","has-post-thumbnail","hentry","product_cat-baseny-dla-dzieci","product_cat-mimii","product_tag-alan-znaczenie-imienia","product_tag-skalne-miasto","product_tag-stala-pod-sniegiem","product_tag-test-z-lektury-kajko-i-kokosz-szkola-latania"],"_links":{"self":[{"href":"http:\/\/klubmamgdynia.pl\/index.php\/wp-json\/wp\/v2\/product\/5561","targetHints":{"allow":["GET"]}}],"collection":[{"href":"http:\/\/klubmamgdynia.pl\/index.php\/wp-json\/wp\/v2\/product"}],"about":[{"href":"http:\/\/klubmamgdynia.pl\/index.php\/wp-json\/wp\/v2\/types\/product"}],"replies":[{"embeddable":true,"href":"http:\/\/klubmamgdynia.pl\/index.php\/wp-json\/wp\/v2\/comments?post=5561"}],"wp:featuredmedia":[{"embeddable":true,"href":"http:\/\/klubmamgdynia.pl\/index.php\/wp-json\/wp\/v2\/media\/5562"}],"wp:attachment":[{"href":"http:\/\/klubmamgdynia.pl\/index.php\/wp-json\/wp\/v2\/media?parent=5561"}],"wp:term":[{"taxonomy":"product_cat","embeddable":true,"href":"http:\/\/klubmamgdynia.pl\/index.php\/wp-json\/wp\/v2\/product_cat?post=5561"},{"taxonomy":"product_tag","embeddable":true,"href":"http:\/\/klubmamgdynia.pl\/index.php\/wp-json\/wp\/v2\/product_tag?post=5561"}],"curies":[{"name":"wp","href":"https:\/\/api.w.org\/{rel}","templated":true}]}}