{"id":5563,"date":"2020-01-24T04:35:02","date_gmt":"2020-01-24T03:35:02","guid":{"rendered":"http:\/\/klubmamgdynia.pl\/index.php\/produkt\/bluebird-puzzle-1000el-romero-britto-ogrod-pelen-kolorow\/"},"modified":"2026-04-04T20:48:23","modified_gmt":"2026-04-04T18:48:23","slug":"bluebird-puzzle-1000el-romero-britto-ogrod-pelen-kolorow","status":"publish","type":"product","link":"http:\/\/klubmamgdynia.pl\/index.php\/produkt\/bluebird-puzzle-1000el-romero-britto-ogrod-pelen-kolorow\/","title":{"rendered":"Bluebird Puzzle 1000El. Romero Britto Ogr\u00f3d Pe\u0142en Kolor\u00f3w"},"content":{"rendered":"<p>Bluebird przedstawia puzzle sk\u0142adaj\u0105ce si\u0119 z 1000 element\u00f3w, po u\u0142o\u017ceniu puzzli otrzymamy obraz o wymiarach 69 x 48 cm.EAN: 3663384900181<\/p>\n<h2>Bluebird Puzzle 1000El. Romero Britto Ogr\u00f3d Pe\u0142en Kolor\u00f3w Bluebird<\/h2>\n<p>quizy o skokach narciarskich, quizy za darmo, kolorowanka sky, bajki dla dzieci do czytania<\/p>\n<p>yyyyy<\/p>\n<p>&nbsp;<\/p>\n","protected":false},"excerpt":{"rendered":"<p>Bluebird przedstawia puzzle sk\u0142adaj\u0105ce si\u0119 z 1000 element\u00f3w, po u\u0142o\u017ceniu puzzli otrzymamy obraz o wymiarach 69 x 48 cm.EAN: 3663384900181 Bluebird Puzzle 1000El. Romero Britto Ogr\u00f3d Pe\u0142en Kolor\u00f3w Bluebird quizy o skokach narciarskich, quizy za darmo, kolorowanka sky, bajki dla dzieci do czytania yyyyy &nbsp;<\/p>\n","protected":false},"featured_media":5564,"comment_status":"closed","ping_status":"open","template":"","meta":[],"product_cat":[1220,90],"product_tag":[691,612,813,795,812],"class_list":["post-5563","product","type-product","status-publish","has-post-thumbnail","hentry","product_cat-bluebird","product_cat-puzzle","product_tag-gabriel","product_tag-kolorowanki-do-druku","product_tag-krotkie-zagadki-matematyczne-z-odpowiedziami","product_tag-mini-zoo-warszawa","product_tag-zagadki-logiczne-na-inteligencje"],"_links":{"self":[{"href":"http:\/\/klubmamgdynia.pl\/index.php\/wp-json\/wp\/v2\/product\/5563","targetHints":{"allow":["GET"]}}],"collection":[{"href":"http:\/\/klubmamgdynia.pl\/index.php\/wp-json\/wp\/v2\/product"}],"about":[{"href":"http:\/\/klubmamgdynia.pl\/index.php\/wp-json\/wp\/v2\/types\/product"}],"replies":[{"embeddable":true,"href":"http:\/\/klubmamgdynia.pl\/index.php\/wp-json\/wp\/v2\/comments?post=5563"}],"wp:featuredmedia":[{"embeddable":true,"href":"http:\/\/klubmamgdynia.pl\/index.php\/wp-json\/wp\/v2\/media\/5564"}],"wp:attachment":[{"href":"http:\/\/klubmamgdynia.pl\/index.php\/wp-json\/wp\/v2\/media?parent=5563"}],"wp:term":[{"taxonomy":"product_cat","embeddable":true,"href":"http:\/\/klubmamgdynia.pl\/index.php\/wp-json\/wp\/v2\/product_cat?post=5563"},{"taxonomy":"product_tag","embeddable":true,"href":"http:\/\/klubmamgdynia.pl\/index.php\/wp-json\/wp\/v2\/product_tag?post=5563"}],"curies":[{"name":"wp","href":"https:\/\/api.w.org\/{rel}","templated":true}]}}