{"id":5565,"date":"2025-02-23T17:28:37","date_gmt":"2025-02-23T16:28:37","guid":{"rendered":"http:\/\/klubmamgdynia.pl\/?post_type=product&#038;p=5565"},"modified":"2026-04-06T02:51:08","modified_gmt":"2026-04-06T00:51:08","slug":"kontext-plecak-przedszkolaka-motyl-kredki","status":"publish","type":"product","link":"http:\/\/klubmamgdynia.pl\/index.php\/produkt\/kontext-plecak-przedszkolaka-motyl-kredki\/","title":{"rendered":"Kontext Plecak Przedszkolaka Motyl + Kredki"},"content":{"rendered":"<p>Plecak przedszkolaka motyl + kredkiPLECAK PRZEDSZKOLAKA DLA DZIECKA + KREDKIUroczy plecak w nowoczesnym stylu z wzorem zwierz\u0105tka z pewno\u015bci\u0105 skradnie serce ka\u017cdego przedszkolaka.Twoje dziecko pokocha tego zwierzaka! Ten plecak mo\u017ce sta\u0107 si\u0119 ulubion\u0105 maskotk\u0105 malucha.Ch\u0119tnie zabierze go ze sob\u0105 do szko\u0142y, na spacer do parku lub na d\u0142u\u017csz\u0105 wycieczk\u0119. Od teraz maluch b\u0119dzie ch\u0119tnie nosi\u0142 samodzielnie swoje drobiazgi.Mo\u017cesz mie\u0107 pewno\u015b\u0107, \u017ce nie b\u0119dzie chcia\u0142 si\u0119 rozsta\u0107 z plecaczkiem.S\u0142odki zwierzak pozwoli przezwyci\u0119\u017cy\u0107 strach przed pierwszym dniem w szkole lub przedszkolu.Wykonany z dba\u0142o\u015bci\u0105 o ka\u017cdy szczeg\u00f3\u0142, z przyjemnego w dotyku materia\u0142u.Pojemny plecak wyposa\u017cony zosta\u0142 w du\u017c\u0105 komor\u0119 zapinan\u0105 na zamek b\u0142yskawiczny. Zmie\u015bci wszystko czego Tw\u00f3j maluch potrzebuje w przedszkolu lub na wycieczce: ksi\u0105\u017ceczk\u0119, butelk\u0119 z napojem, przek\u0105ski czy ulubion\u0105 zabawk\u0119.Regulowane szelki pozwol\u0105 Ci \u0142atwo dostosowa\u0107 plecak do wzrostu dziecka. Szerokie pasy zapewni\u0105 komfort u\u017cytkowania i zapobiegn\u0105 otarciom.Dodatkowo posiada specjalny uchwyt, kt\u00f3ry u\u0142atwi powieszenie go na wieszaczku.Nowoczesny styl i niebanalna kolorystyka przyci\u0105gn\u0105 uwag\u0119 dziecka i rodzic\u00f3w.Plecaczek uleg\u0142 zabrudzeniu podczas wycieczki? Bez obaw! Mo\u017cesz przetrze\u0107 go wilgotn\u0105 \u015bciereczk\u0105 lub upra\u0107 w letniej wodzie przy u\u017cyciu delikatnego p\u0142ynu do prania.Specyfikacja:Materia\u0142: 100% bawe\u0142naWymiary plecaka: 34cm x 34cm x 10cmmax d\u0142ugo\u015b\u0107 r\u0105czki: 62cmWymiary opakowania: 35cm x 34cm x 3cmNie masz pomys\u0142u na prezent. Ten nowoczesny plecak b\u0119dzie doskona\u0142ym prezent, kt\u00f3ry sprawi wiele rado\u015bci dziecku i rodzicom.Zapakowany w foliowe opakowanie.Gratis!Kredki szkolne tr\u00f3jk\u0105tne dwustronne, 24\/48 kolor\u00f3wCechy produktu:kredki dwustronne o tr\u00f3jk\u0105tnym przekrojubogata gama kolor\u00f3wgwarancja jako\u015bci Bambinospe\u0142niaj\u0105 wymagania zasadnicze dyrektywy Parlamentu Europejskiego i Rady 2009\/48\/WE z dnia 18 czerwca 2009 w sprawie bezpiecze\u0144stwa zabawek oraz wymogi odpowiednich normw zestawie kredka z\u0142ota i srebrnatemper\u00f3wka gratisilo\u015b\u0107 sztuk w opakowaniu: 24ilo\u015b\u0107 kolor\u00f3w: 48<\/p>\n<h2>Kontext Plecak Przedszkolaka Motyl + Kredki Kontext<\/h2>\n<p>gry planszowe dla m\u0142odzie\u017cy, co dla rocznego dziecka, \u017carty na prima aprilis dla mamy, oryginalny prezent na roczek dla ch\u0142opca, najlepsze zarty na prima aprilis, zagadki \u015bmieszne, wroc\u0142aw i okolice atrakcje, everest psi patrol kolorowanka, jak narysowa\u0107, test magiczne drzewo czerwone krzes\u0142o<\/p>\n<p>yyyyy<\/p>\n<p>&nbsp;<\/p>\n","protected":false},"excerpt":{"rendered":"<p>Plecak przedszkolaka motyl + kredkiPLECAK PRZEDSZKOLAKA DLA DZIECKA + KREDKIUroczy plecak w nowoczesnym stylu z wzorem zwierz\u0105tka z pewno\u015bci\u0105 skradnie serce ka\u017cdego przedszkolaka.Twoje dziecko pokocha tego zwierzaka! Ten plecak mo\u017ce sta\u0107 si\u0119 ulubion\u0105 maskotk\u0105 malucha.Ch\u0119tnie zabierze go ze sob\u0105 do szko\u0142y, na spacer do parku lub na d\u0142u\u017csz\u0105 wycieczk\u0119. Od teraz maluch b\u0119dzie ch\u0119tnie nosi\u0142 [&hellip;]<\/p>\n","protected":false},"featured_media":5566,"comment_status":"closed","ping_status":"open","template":"","meta":[],"product_cat":[20,180],"product_tag":[863,770,782],"class_list":["post-5565","product","type-product","status-publish","has-post-thumbnail","hentry","product_cat-kontext","product_cat-plecaki-przedszkolne","product_tag-bajki-dla-dziewczynek","product_tag-samolot-z-papieru","product_tag-zagadki-dla-dzieci-z-odpowiedziami"],"_links":{"self":[{"href":"http:\/\/klubmamgdynia.pl\/index.php\/wp-json\/wp\/v2\/product\/5565","targetHints":{"allow":["GET"]}}],"collection":[{"href":"http:\/\/klubmamgdynia.pl\/index.php\/wp-json\/wp\/v2\/product"}],"about":[{"href":"http:\/\/klubmamgdynia.pl\/index.php\/wp-json\/wp\/v2\/types\/product"}],"replies":[{"embeddable":true,"href":"http:\/\/klubmamgdynia.pl\/index.php\/wp-json\/wp\/v2\/comments?post=5565"}],"wp:featuredmedia":[{"embeddable":true,"href":"http:\/\/klubmamgdynia.pl\/index.php\/wp-json\/wp\/v2\/media\/5566"}],"wp:attachment":[{"href":"http:\/\/klubmamgdynia.pl\/index.php\/wp-json\/wp\/v2\/media?parent=5565"}],"wp:term":[{"taxonomy":"product_cat","embeddable":true,"href":"http:\/\/klubmamgdynia.pl\/index.php\/wp-json\/wp\/v2\/product_cat?post=5565"},{"taxonomy":"product_tag","embeddable":true,"href":"http:\/\/klubmamgdynia.pl\/index.php\/wp-json\/wp\/v2\/product_tag?post=5565"}],"curies":[{"name":"wp","href":"https:\/\/api.w.org\/{rel}","templated":true}]}}