{"id":5569,"date":"2012-05-03T06:13:58","date_gmt":"2012-05-03T04:13:58","guid":{"rendered":"http:\/\/klubmamgdynia.pl\/index.php\/produkt\/zmywarka-bosch-serie-6-perfectdry-zeolith-spv6zmx23e\/"},"modified":"2026-04-06T01:17:52","modified_gmt":"2026-04-05T23:17:52","slug":"zmywarka-bosch-serie-6-perfectdry-zeolith-spv6zmx23e","status":"publish","type":"product","link":"http:\/\/klubmamgdynia.pl\/index.php\/produkt\/zmywarka-bosch-serie-6-perfectdry-zeolith-spv6zmx23e\/","title":{"rendered":"Zmywarka Bosch Serie 6 PerfectDry Zeolith SPV6ZMX23E"},"content":{"rendered":"<p>Jak wzi\u0105\u0107 udzia\u0142 w promocji?1.Kup suszark\u0119 lub pralko-suszark\u0119<br \/>\nBosch w czasie trwania promocji.<br \/>\n2<br \/>\nWejd\u017a na stron\u0119 Bosch Home<br \/>\ni dodaj opini\u0119 o urz\u0105dzeniu.<br \/>\n3<br \/>\nWype\u0142nij formularz na stronie<br \/>\nBosch Home i ciesz si\u0119 premi\u0105!<\/p>\n<h2>Zmywarka Bosch Serie 6 PerfectDry Zeolith SPV6ZMX23E Bosch<\/h2>\n<p>znaczenie imiona dawid, kolorowanka sky, pomys\u0142 na roczek, miastodzieci, gloria imi\u0119, malgorzata znaczenie imienia, imi\u0119 nadia, pozna\u0144 atrakcje dla dzieci, hymn g\u00f3rniczy, carmen imie, pomys\u0142 na prima aprilis, wiktor, kwiaty polne nazwy, eksperymenty dla dzieci wulkan, szlaczki dla dzieci, kolorowanka kotki do druku<\/p>\n<p>yyyyy<\/p>\n<p>&nbsp;<\/p>\n","protected":false},"excerpt":{"rendered":"<p>Jak wzi\u0105\u0107 udzia\u0142 w promocji?1.Kup suszark\u0119 lub pralko-suszark\u0119 Bosch w czasie trwania promocji. 2 Wejd\u017a na stron\u0119 Bosch Home i dodaj opini\u0119 o urz\u0105dzeniu. 3 Wype\u0142nij formularz na stronie Bosch Home i ciesz si\u0119 premi\u0105! Zmywarka Bosch Serie 6 PerfectDry Zeolith SPV6ZMX23E Bosch znaczenie imiona dawid, kolorowanka sky, pomys\u0142 na roczek, miastodzieci, gloria imi\u0119, malgorzata [&hellip;]<\/p>\n","protected":false},"featured_media":5570,"comment_status":"closed","ping_status":"open","template":"","meta":[],"product_cat":[932,1351],"product_tag":[620,840,694,715],"class_list":["post-5569","product","type-product","status-publish","has-post-thumbnail","hentry","product_cat-bosch","product_cat-zmywarki-do-zabudowy","product_tag-quiz-opowiesci-z-narnii","product_tag-stare-bajki","product_tag-zagadki-swiateczne-dla-dzieci","product_tag-zosia-samosia"],"_links":{"self":[{"href":"http:\/\/klubmamgdynia.pl\/index.php\/wp-json\/wp\/v2\/product\/5569","targetHints":{"allow":["GET"]}}],"collection":[{"href":"http:\/\/klubmamgdynia.pl\/index.php\/wp-json\/wp\/v2\/product"}],"about":[{"href":"http:\/\/klubmamgdynia.pl\/index.php\/wp-json\/wp\/v2\/types\/product"}],"replies":[{"embeddable":true,"href":"http:\/\/klubmamgdynia.pl\/index.php\/wp-json\/wp\/v2\/comments?post=5569"}],"wp:featuredmedia":[{"embeddable":true,"href":"http:\/\/klubmamgdynia.pl\/index.php\/wp-json\/wp\/v2\/media\/5570"}],"wp:attachment":[{"href":"http:\/\/klubmamgdynia.pl\/index.php\/wp-json\/wp\/v2\/media?parent=5569"}],"wp:term":[{"taxonomy":"product_cat","embeddable":true,"href":"http:\/\/klubmamgdynia.pl\/index.php\/wp-json\/wp\/v2\/product_cat?post=5569"},{"taxonomy":"product_tag","embeddable":true,"href":"http:\/\/klubmamgdynia.pl\/index.php\/wp-json\/wp\/v2\/product_tag?post=5569"}],"curies":[{"name":"wp","href":"https:\/\/api.w.org\/{rel}","templated":true}]}}