{"id":557,"date":"2022-01-15T16:44:31","date_gmt":"2022-01-15T15:44:31","guid":{"rendered":"http:\/\/klubmamgdynia.pl\/?post_type=product&#038;p=557"},"modified":"2026-04-22T18:04:39","modified_gmt":"2026-04-22T16:04:39","slug":"godfall-gra-ps5","status":"publish","type":"product","link":"http:\/\/klubmamgdynia.pl\/index.php\/produkt\/godfall-gra-ps5\/","title":{"rendered":"Godfall (Gra PS5)"},"content":{"rendered":"<p>Aperion stoi na kraw\u0119dzi zag\u0142ady. Jeste\u015b ostatnim z rycerzy z zakonu Valorian, boskich wojownik\u00f3w. Wyposa\u017cony w Valorplates &#8211; legendarne zestawy zbroi &#8211; staniesz si\u0119 niepowstrzymanym mistrzem walki wr\u0119cz.<br \/>\nZniszcz przeciwnik\u00f3w, wspinaj\u0105c si\u0119 przez kr\u00f3lestwach \u017cywio\u0142\u00f3w i rzu\u0107 wyzwanie szalonemu b\u00f3stwu Macros, kt\u00f3ry czeka na Ciebie na szczycie. Wznie\u015b si\u0119 na szczyty w Godfall, pierwsz\u0105 w swoim rodzaju gr\u0119 RPG akcji typu looter-slasher.<br \/>\nPrze\u017cyj przygody, przemierzaj\u0105c egzotyczne miejsca, od nadziemnych raf Kr\u00f3lestwa Wody po podziemne, karmazynowe lasy Kr\u00f3lestwa Ziemi.                            <\/p>\n<p>Opanuj do perfekcji w\u0142adanie ka\u017cd\u0105 z pi\u0119ciu klas broni, z kt\u00f3rych ka\u017cda pozwala na ca\u0142kowicie unikalny styl gry oraz r\u00f3\u017cnorodnymi d\u0142ugimi mieczami, broni\u0105 drzewcow\u0105, m\u0142otami bojowymi, wielkimi mieczami i podw\u00f3jnymi ostrzami.                            <\/p>\n<p>Zdob\u0105d\u017a kolejne poziomy, ucz si\u0119 nowych umiej\u0119tno\u015bci i odkryj legendarn\u0105 bro\u0144 o niszczycielskich skutkach na polu bitwy. Sprawd\u017a swoje umiej\u0119tno\u015bci w Wie\u017cy Pr\u00f3b i zmierz si\u0119 z najtrudniejszymi przeciwnikami, aby zdoby\u0107 najlepsze \u0142upy.<br \/>\nOdblokuj 12 pancerzy Valorplates: boskie, inspirowane Zodiakiem zbroje, kt\u00f3re pozwol\u0105 ci zniszczy\u0107 ka\u017cdego wroga, kt\u00f3ry pojawi si\u0119 na Twojej drodze do Macrosa.                            <\/p>\n<p>Walcz w pojedynk\u0119 lub ze znajomymi w trybie wsp\u00f3\u0142pracy online dla trzech graczy PvE                            <\/p>\n<p>Zawarto\u015b\u0107 poszczeg\u00f3lnych edycji                            <\/p>\n<p>Zawarto\u015b\u0107 Edycji Standard<br \/>\nKupuj\u0105c Edycj\u0119 Standard gry Godfall otrzymasz:<br \/>\nPe\u0142n\u0105 wersj\u0119 gry Godfall na PlayStation 5                            <\/p>\n<p>Zawarto\u015b\u0107 Edycji Deluxe<br \/>\nKupuj\u0105c Edycj\u0119 Deluxe gry Godfall otrzymasz:<br \/>\nPe\u0142n\u0105 wersj\u0119 gry Godfall na PlayStation 5<br \/>\nDost\u0119p do Rozszerzenia 1 (w 2021 roku)                            <\/p>\n<p>Zawarto\u015b\u0107 Edycji Ascended<br \/>\nKupuj\u0105c Edycj\u0119 Ascended gry Godfall otrzymasz:<\/p>\n<p>Pe\u0142n\u0105 wersj\u0119 gry Godfall na PlayStation 5<br \/>\nDost\u0119p do Rozszerzenia 1 (w 2021 roku)<br \/>\nZ\u0142ote sk\u00f3rki Valorplate<br \/>\nSk\u00f3rk\u0119 Orange Vertigo Valorplate<br \/>\nPaczk\u0119 z\u0142otych broni<br \/>\nZ\u0142ot\u0105 tarcz\u0119<br \/>\nZ\u0142oty kr\u00f3lewski sztandar<br \/>\nTytu\u0142 Zodiac Knight w lobby<\/p>\n<h2>Godfall (Gra PS5) Gearbox Software<\/h2>\n<p>podzi\u0119kowania dla nauczyciela cytaty, kolorowanki kotki, malowanka, \u017c\u0105rty na prima aprilis, bajki dla chlopcow, milosc do dzieci, sentencje o przyja\u017ani<\/p>\n<p>yyyyy<\/p>\n<p>&nbsp;<\/p>\n","protected":false},"excerpt":{"rendered":"<p>Aperion stoi na kraw\u0119dzi zag\u0142ady. Jeste\u015b ostatnim z rycerzy z zakonu Valorian, boskich wojownik\u00f3w. Wyposa\u017cony w Valorplates &#8211; legendarne zestawy zbroi &#8211; staniesz si\u0119 niepowstrzymanym mistrzem walki wr\u0119cz. Zniszcz przeciwnik\u00f3w, wspinaj\u0105c si\u0119 przez kr\u00f3lestwach \u017cywio\u0142\u00f3w i rzu\u0107 wyzwanie szalonemu b\u00f3stwu Macros, kt\u00f3ry czeka na Ciebie na szczycie. Wznie\u015b si\u0119 na szczyty w Godfall, pierwsz\u0105 w [&hellip;]<\/p>\n","protected":false},"featured_media":558,"comment_status":"closed","ping_status":"open","template":"","meta":[],"product_cat":[216,217],"product_tag":[658,680,785,692],"class_list":["post-557","product","type-product","status-publish","has-post-thumbnail","hentry","product_cat-gearbox-software","product_cat-gry-playstation-5","product_tag-alan-znaczenie-imienia","product_tag-cytaty-z-malego-ksiecia","product_tag-prezent-dla-nastolatkow","product_tag-prezenty-na-roczek"],"_links":{"self":[{"href":"http:\/\/klubmamgdynia.pl\/index.php\/wp-json\/wp\/v2\/product\/557","targetHints":{"allow":["GET"]}}],"collection":[{"href":"http:\/\/klubmamgdynia.pl\/index.php\/wp-json\/wp\/v2\/product"}],"about":[{"href":"http:\/\/klubmamgdynia.pl\/index.php\/wp-json\/wp\/v2\/types\/product"}],"replies":[{"embeddable":true,"href":"http:\/\/klubmamgdynia.pl\/index.php\/wp-json\/wp\/v2\/comments?post=557"}],"wp:featuredmedia":[{"embeddable":true,"href":"http:\/\/klubmamgdynia.pl\/index.php\/wp-json\/wp\/v2\/media\/558"}],"wp:attachment":[{"href":"http:\/\/klubmamgdynia.pl\/index.php\/wp-json\/wp\/v2\/media?parent=557"}],"wp:term":[{"taxonomy":"product_cat","embeddable":true,"href":"http:\/\/klubmamgdynia.pl\/index.php\/wp-json\/wp\/v2\/product_cat?post=557"},{"taxonomy":"product_tag","embeddable":true,"href":"http:\/\/klubmamgdynia.pl\/index.php\/wp-json\/wp\/v2\/product_tag?post=557"}],"curies":[{"name":"wp","href":"https:\/\/api.w.org\/{rel}","templated":true}]}}