{"id":5571,"date":"2020-08-29T19:01:49","date_gmt":"2020-08-29T17:01:49","guid":{"rendered":"http:\/\/klubmamgdynia.pl\/index.php\/produkt\/clementoni-mata-edukacyjna\/"},"modified":"2026-04-05T21:03:38","modified_gmt":"2026-04-05T19:03:38","slug":"clementoni-mata-edukacyjna","status":"publish","type":"product","link":"http:\/\/klubmamgdynia.pl\/index.php\/produkt\/clementoni-mata-edukacyjna\/","title":{"rendered":"Clementoni Mata Edukacyjna"},"content":{"rendered":"<p>Clementoni Mata Edukacyjna<\/p>\n<p>Mata edukacyjna Pobaw si\u0119 ze mn\u0105Mata edukacyjna\u00a0Pobaw si\u0119 ze mn\u0105<br \/>\nzosta\u0142a specjalnie zaprojektowana, aby wspiera\u0107 rozw\u00f3j sensoryczny dziecka<br \/>\npoprzez zabaw\u0119. Ta przepi\u0119kna mata dla niemowl\u0105t wyposa\u017cona zosta\u0142a w odpinane<br \/>\npa\u0142\u0105ki, na kt\u00f3rych zawieszono plastikowe i materia\u0142owe zawieszki, kt\u00f3re<br \/>\nrozwijaj\u0105 umiej\u0119tno\u015bci manualne, wzrokowe i s\u0142uchowe dziecka.Ka\u017cda z zawieszek posiada inne atrakcje dla<br \/>\ndziecka &#8211; ptaszek wytwarza bia\u0142y szum oraz r\u00f3\u017cne melodie, mi\u0119kki ogonek liska<br \/>\ndoskonale stymuluje zmys\u0142 dotyku i mo\u017ce s\u0142u\u017cy\u0107 do zabawy w gilgotki, s\u00f3wka<br \/>\nzach\u0119ca do zabawy w A kuku!, natomiast szara chmurka pe\u0142ni funkcj\u0119 grzechotki<br \/>\nwydaj\u0105cej d\u017awi\u0119ki padaj\u0105cego deszczu.Na szczycie maty umieszczono lusterko, w kt\u00f3rym<br \/>\nmaluszki uwielbiaj\u0105 si\u0119 przegl\u0105da\u0107. Gdy dziecko podro\u015bnie, mo\u017cesz przypi\u0105\u0107 je<br \/>\nni\u017cej lub odpi\u0105\u0107 i poda\u0107 dziecku do zabawy.<\/p>\n<p>Gdy dziecko podro\u015bnie, mo\u017cesz odpi\u0105\u0107 pa\u0142\u0105ki, a<br \/>\nmata sprawdzi si\u0119 jako doskona\u0142a\u00a0mata do zabawy. Zabezpieczy dziecko przed ch\u0142odem pod\u0142o\u017ca i zamortyzuje<br \/>\newentualny upadek.Mata mo\u017ce by\u0107 prana w pralce po odpi\u0119ciu pa\u0142\u0105k\u00f3w<br \/>\nw temperaturze 30C.Cechy maty edukacyjnej Pobaw si\u0119 ze mn\u0105:posiada<br \/>\n     odpinane pa\u0142\u0105ki z odpinanymi zawieszkami,zawieszki<br \/>\n     wykonane z r\u00f3\u017cnych materia\u0142\u00f3w z elementami piszcz\u0105cymi i metkami,zach\u0119ca<br \/>\n     dziecko do le\u017cenia na brzuszku,chroni<br \/>\n     przed ch\u0142odem pod\u0142o\u017ca,przeznaczona<br \/>\n     dla niemowl\u0105t od 0+,mo\u017cna<br \/>\n     pra\u0107 w pralce.\u00a0<\/p>\n<h2>Clementoni Mata Edukacyjna Clementoni<\/h2>\n<p>rzadkie imiona, zabawy tematyczne przyk\u0142ady, maurycy, kolorowanki do druku konie, zak\u0142adka do ksi\u0105\u017cki szablon, quizy ma\u0142y ksi\u0105\u017c\u0119, my little pony kolorowanki<\/p>\n<p>yyyyy<\/p>\n<p>&nbsp;<\/p>\n","protected":false},"excerpt":{"rendered":"<p>Clementoni Mata Edukacyjna Mata edukacyjna Pobaw si\u0119 ze mn\u0105Mata edukacyjna\u00a0Pobaw si\u0119 ze mn\u0105 zosta\u0142a specjalnie zaprojektowana, aby wspiera\u0107 rozw\u00f3j sensoryczny dziecka poprzez zabaw\u0119. Ta przepi\u0119kna mata dla niemowl\u0105t wyposa\u017cona zosta\u0142a w odpinane pa\u0142\u0105ki, na kt\u00f3rych zawieszono plastikowe i materia\u0142owe zawieszki, kt\u00f3re rozwijaj\u0105 umiej\u0119tno\u015bci manualne, wzrokowe i s\u0142uchowe dziecka.Ka\u017cda z zawieszek posiada inne atrakcje dla dziecka [&hellip;]<\/p>\n","protected":false},"featured_media":5572,"comment_status":"closed","ping_status":"open","template":"","meta":[],"product_cat":[163,55],"product_tag":[871,617,624,684,597,873],"class_list":["post-5571","product","type-product","status-publish","has-post-thumbnail","hentry","product_cat-clementoni","product_cat-maty-edukacyjne","product_tag-bajka-o-smoku-wawelskim","product_tag-keyword","product_tag-krotkie-zagadki","product_tag-prezent-dla-dziewczynki-na-roczek","product_tag-zagadki-o-zimie","product_tag-zagadki-z-odpowiedziami-dla-dzieci"],"_links":{"self":[{"href":"http:\/\/klubmamgdynia.pl\/index.php\/wp-json\/wp\/v2\/product\/5571","targetHints":{"allow":["GET"]}}],"collection":[{"href":"http:\/\/klubmamgdynia.pl\/index.php\/wp-json\/wp\/v2\/product"}],"about":[{"href":"http:\/\/klubmamgdynia.pl\/index.php\/wp-json\/wp\/v2\/types\/product"}],"replies":[{"embeddable":true,"href":"http:\/\/klubmamgdynia.pl\/index.php\/wp-json\/wp\/v2\/comments?post=5571"}],"wp:featuredmedia":[{"embeddable":true,"href":"http:\/\/klubmamgdynia.pl\/index.php\/wp-json\/wp\/v2\/media\/5572"}],"wp:attachment":[{"href":"http:\/\/klubmamgdynia.pl\/index.php\/wp-json\/wp\/v2\/media?parent=5571"}],"wp:term":[{"taxonomy":"product_cat","embeddable":true,"href":"http:\/\/klubmamgdynia.pl\/index.php\/wp-json\/wp\/v2\/product_cat?post=5571"},{"taxonomy":"product_tag","embeddable":true,"href":"http:\/\/klubmamgdynia.pl\/index.php\/wp-json\/wp\/v2\/product_tag?post=5571"}],"curies":[{"name":"wp","href":"https:\/\/api.w.org\/{rel}","templated":true}]}}