{"id":5573,"date":"2017-07-24T04:02:39","date_gmt":"2017-07-24T02:02:39","guid":{"rendered":"http:\/\/klubmamgdynia.pl\/index.php\/produkt\/zmywarka-bosch-serie-6-efficientdry-spv6emx11e\/"},"modified":"2026-04-06T01:52:15","modified_gmt":"2026-04-05T23:52:15","slug":"zmywarka-bosch-serie-6-efficientdry-spv6emx11e","status":"publish","type":"product","link":"http:\/\/klubmamgdynia.pl\/index.php\/produkt\/zmywarka-bosch-serie-6-efficientdry-spv6emx11e\/","title":{"rendered":"Zmywarka Bosch Serie 6 EfficientDry SPV6EMX11E"},"content":{"rendered":"<p>Jak wzi\u0105\u0107 udzia\u0142 w promocji?1.Kup suszark\u0119 lub pralko-suszark\u0119<br \/>\nBosch w czasie trwania promocji.<br \/>\n2<br \/>\nWejd\u017a na stron\u0119 Bosch Home<br \/>\ni dodaj opini\u0119 o urz\u0105dzeniu.<br \/>\n3<br \/>\nWype\u0142nij formularz na stronie<br \/>\nBosch Home i ciesz si\u0119 premi\u0105!<\/p>\n<h2>Zmywarka Bosch Serie 6 EfficientDry SPV6EMX11E Bosch<\/h2>\n<p>wierszyki o wakacjach kr\u00f3tkie, domki z rolek po papierze toaletowym, test z lektury kajko i kokosz, prezent dla rocznej dziewczynki, kolorowanki do druku, super zings kolorowanki, uk\u0142ad s\u0142oneczny dla dzieci do druku, kr\u00f3tkie zagadki, trudne zagadki z odpowiedziami, krotkie zagadki, fajne \u017carty na prima aprilis, kajko i kokosz test z lektury, rezolutna dziewczynka z wiersza tuwima<\/p>\n<p>yyyyy<\/p>\n<p>&nbsp;<\/p>\n","protected":false},"excerpt":{"rendered":"<p>Jak wzi\u0105\u0107 udzia\u0142 w promocji?1.Kup suszark\u0119 lub pralko-suszark\u0119 Bosch w czasie trwania promocji. 2 Wejd\u017a na stron\u0119 Bosch Home i dodaj opini\u0119 o urz\u0105dzeniu. 3 Wype\u0142nij formularz na stronie Bosch Home i ciesz si\u0119 premi\u0105! Zmywarka Bosch Serie 6 EfficientDry SPV6EMX11E Bosch wierszyki o wakacjach kr\u00f3tkie, domki z rolek po papierze toaletowym, test z lektury [&hellip;]<\/p>\n","protected":false},"featured_media":5574,"comment_status":"closed","ping_status":"open","template":"","meta":[],"product_cat":[932,1351],"product_tag":[730,744,637,735,726,823],"class_list":["post-5573","product","type-product","status-publish","has-post-thumbnail","hentry","product_cat-bosch","product_cat-zmywarki-do-zabudowy","product_tag-karyna","product_tag-kolorowanki-swiateczne-do-wydruku","product_tag-niech-zyja-wakacje-tekst","product_tag-prezent-na-roczek-dziewczynka","product_tag-quiz-zemsta","product_tag-zagadki-dla-dzieci-7-lat"],"_links":{"self":[{"href":"http:\/\/klubmamgdynia.pl\/index.php\/wp-json\/wp\/v2\/product\/5573","targetHints":{"allow":["GET"]}}],"collection":[{"href":"http:\/\/klubmamgdynia.pl\/index.php\/wp-json\/wp\/v2\/product"}],"about":[{"href":"http:\/\/klubmamgdynia.pl\/index.php\/wp-json\/wp\/v2\/types\/product"}],"replies":[{"embeddable":true,"href":"http:\/\/klubmamgdynia.pl\/index.php\/wp-json\/wp\/v2\/comments?post=5573"}],"wp:featuredmedia":[{"embeddable":true,"href":"http:\/\/klubmamgdynia.pl\/index.php\/wp-json\/wp\/v2\/media\/5574"}],"wp:attachment":[{"href":"http:\/\/klubmamgdynia.pl\/index.php\/wp-json\/wp\/v2\/media?parent=5573"}],"wp:term":[{"taxonomy":"product_cat","embeddable":true,"href":"http:\/\/klubmamgdynia.pl\/index.php\/wp-json\/wp\/v2\/product_cat?post=5573"},{"taxonomy":"product_tag","embeddable":true,"href":"http:\/\/klubmamgdynia.pl\/index.php\/wp-json\/wp\/v2\/product_tag?post=5573"}],"curies":[{"name":"wp","href":"https:\/\/api.w.org\/{rel}","templated":true}]}}