{"id":5579,"date":"2012-06-26T10:26:18","date_gmt":"2012-06-26T08:26:18","guid":{"rendered":"http:\/\/klubmamgdynia.pl\/index.php\/produkt\/gra-planszowa-noris-spiele-deluxe-set-rummy-wersja-niemiecka\/"},"modified":"2026-04-28T13:28:04","modified_gmt":"2026-04-28T11:28:04","slug":"gra-planszowa-noris-spiele-deluxe-set-rummy-wersja-niemiecka","status":"publish","type":"product","link":"http:\/\/klubmamgdynia.pl\/index.php\/produkt\/gra-planszowa-noris-spiele-deluxe-set-rummy-wersja-niemiecka\/","title":{"rendered":"Gra planszowa Noris Spiele Deluxe Set &#8211; Rummy (wersja niemiecka)"},"content":{"rendered":"<p>Das weltbekannte Familienspiel in der Deluxe-Ausgabe mit hochwertigen UREA-Steinen.<\/p>\n<h2>Gra planszowa Noris Spiele Deluxe Set &#8211; Rummy (wersja niemiecka) <\/h2>\n<p>zagadki \u015bmieszne podchwytliwe, lego ninjago kolorowanki, koty rysunki, kolorowanka ninjago, prezenty dla m\u0142odzie\u017cy, szablony zimowe do wydruku, zagadki logiczne \u015bmieszne, test z lektury opowie\u015bci z narnii lew czarownica i stara szafa z odpowiedziami, sentencje o dzieciach, nauka zegara do druku, po \u0142\u0105ce biega lato tekst, test z lektury kajko i kokosz, znaczenie imienia pola, choinko pi\u0119kna jak las tekst, kolorowanki \u015bwi\u0105teczne do druku pdf, zagadka dla dzieci, list do miko\u0142aja wz\u00f3r pdf, cytaty o rodzinie, lato, rozalia imie<\/p>\n<p>yyyyy<\/p>\n<p>&nbsp;<\/p>\n","protected":false},"excerpt":{"rendered":"<p>Das weltbekannte Familienspiel in der Deluxe-Ausgabe mit hochwertigen UREA-Steinen. Gra planszowa Noris Spiele Deluxe Set &#8211; Rummy (wersja niemiecka) zagadki \u015bmieszne podchwytliwe, lego ninjago kolorowanki, koty rysunki, kolorowanka ninjago, prezenty dla m\u0142odzie\u017cy, szablony zimowe do wydruku, zagadki logiczne \u015bmieszne, test z lektury opowie\u015bci z narnii lew czarownica i stara szafa z odpowiedziami, sentencje o dzieciach, [&hellip;]<\/p>\n","protected":false},"featured_media":5580,"comment_status":"closed","ping_status":"open","template":"","meta":[],"product_cat":[235],"product_tag":[801,763,766,669,759,708,796],"class_list":["post-5579","product","type-product","status-publish","has-post-thumbnail","hentry","product_cat-gry-planszowe","product_tag-bajki-terapeutyczne-o-emocjach","product_tag-fabian","product_tag-kira","product_tag-kolorowanki","product_tag-pomysly-na-prezent-dla-nastolatkow","product_tag-zabawy-ruchowe-dla-dzieci","product_tag-zagatki"],"_links":{"self":[{"href":"http:\/\/klubmamgdynia.pl\/index.php\/wp-json\/wp\/v2\/product\/5579","targetHints":{"allow":["GET"]}}],"collection":[{"href":"http:\/\/klubmamgdynia.pl\/index.php\/wp-json\/wp\/v2\/product"}],"about":[{"href":"http:\/\/klubmamgdynia.pl\/index.php\/wp-json\/wp\/v2\/types\/product"}],"replies":[{"embeddable":true,"href":"http:\/\/klubmamgdynia.pl\/index.php\/wp-json\/wp\/v2\/comments?post=5579"}],"wp:featuredmedia":[{"embeddable":true,"href":"http:\/\/klubmamgdynia.pl\/index.php\/wp-json\/wp\/v2\/media\/5580"}],"wp:attachment":[{"href":"http:\/\/klubmamgdynia.pl\/index.php\/wp-json\/wp\/v2\/media?parent=5579"}],"wp:term":[{"taxonomy":"product_cat","embeddable":true,"href":"http:\/\/klubmamgdynia.pl\/index.php\/wp-json\/wp\/v2\/product_cat?post=5579"},{"taxonomy":"product_tag","embeddable":true,"href":"http:\/\/klubmamgdynia.pl\/index.php\/wp-json\/wp\/v2\/product_tag?post=5579"}],"curies":[{"name":"wp","href":"https:\/\/api.w.org\/{rel}","templated":true}]}}