{"id":5581,"date":"2018-12-20T00:48:55","date_gmt":"2018-12-19T23:48:55","guid":{"rendered":"http:\/\/klubmamgdynia.pl\/index.php\/produkt\/tm-toys-obserwacyjne-na-drodze-80el\/"},"modified":"2026-04-05T15:53:18","modified_gmt":"2026-04-05T13:53:18","slug":"tm-toys-obserwacyjne-na-drodze-80el","status":"publish","type":"product","link":"http:\/\/klubmamgdynia.pl\/index.php\/produkt\/tm-toys-obserwacyjne-na-drodze-80el\/","title":{"rendered":"Tm Toys Obserwacyjne Na Drodze 80El."},"content":{"rendered":"<p>Pobud\u017a wyobra\u017ani\u0119 swojego dziecka z puzzlami DODO!Puzzle DODO powsta\u0142y specjalnie z my\u015bl\u0105 o najm\u0142odszych. Mog\u0105 cieszy\u0107 si\u0119 nimi zar\u00f3wno kilkulatki, jak i kilkunastomiesi\u0119czne maluchy. Bogactwo wzor\u00f3w i kolor\u00f3w wprawia w zachwyt. Znajdziemy w\u015br\u00f3d nich motywy takie jak: zwierz\u0119ta, pory roku, droga mleczna itp., przygotowane w formie kolorowych ilustracji. Zestawy r\u00f3\u017cni\u0105 si\u0119 liczb\u0105 element\u00f3w oraz ich wielko\u015bci\u0105, co daje mo\u017cliwo\u015b\u0107 szerokiego wyboru zgodnie z wiekiem dziecka.<\/p>\n<h2>Tm Toys Obserwacyjne Na Drodze 80El. TM Toys<\/h2>\n<p>sonia imi\u0119, kolorowe listki, testy na znaki drogowe, lego ninjago kolorowanka, andrea, zagadki wiosenne dla dzieci, kolorowanki konie<\/p>\n<p>yyyyy<\/p>\n<p>&nbsp;<\/p>\n","protected":false},"excerpt":{"rendered":"<p>Pobud\u017a wyobra\u017ani\u0119 swojego dziecka z puzzlami DODO!Puzzle DODO powsta\u0142y specjalnie z my\u015bl\u0105 o najm\u0142odszych. Mog\u0105 cieszy\u0107 si\u0119 nimi zar\u00f3wno kilkulatki, jak i kilkunastomiesi\u0119czne maluchy. Bogactwo wzor\u00f3w i kolor\u00f3w wprawia w zachwyt. Znajdziemy w\u015br\u00f3d nich motywy takie jak: zwierz\u0119ta, pory roku, droga mleczna itp., przygotowane w formie kolorowych ilustracji. Zestawy r\u00f3\u017cni\u0105 si\u0119 liczb\u0105 element\u00f3w oraz ich [&hellip;]<\/p>\n","protected":false},"featured_media":5582,"comment_status":"closed","ping_status":"open","template":"","meta":[],"product_cat":[90,145],"product_tag":[844,680,747,858,826],"class_list":["post-5581","product","type-product","status-publish","has-post-thumbnail","hentry","product_cat-puzzle","product_cat-tm-toys","product_tag-co-kupic-na-roczek","product_tag-cytaty-z-malego-ksiecia","product_tag-malowanki-do-druku","product_tag-podchwytliwe-zagadki","product_tag-prezent-dla-15-latka"],"_links":{"self":[{"href":"http:\/\/klubmamgdynia.pl\/index.php\/wp-json\/wp\/v2\/product\/5581","targetHints":{"allow":["GET"]}}],"collection":[{"href":"http:\/\/klubmamgdynia.pl\/index.php\/wp-json\/wp\/v2\/product"}],"about":[{"href":"http:\/\/klubmamgdynia.pl\/index.php\/wp-json\/wp\/v2\/types\/product"}],"replies":[{"embeddable":true,"href":"http:\/\/klubmamgdynia.pl\/index.php\/wp-json\/wp\/v2\/comments?post=5581"}],"wp:featuredmedia":[{"embeddable":true,"href":"http:\/\/klubmamgdynia.pl\/index.php\/wp-json\/wp\/v2\/media\/5582"}],"wp:attachment":[{"href":"http:\/\/klubmamgdynia.pl\/index.php\/wp-json\/wp\/v2\/media?parent=5581"}],"wp:term":[{"taxonomy":"product_cat","embeddable":true,"href":"http:\/\/klubmamgdynia.pl\/index.php\/wp-json\/wp\/v2\/product_cat?post=5581"},{"taxonomy":"product_tag","embeddable":true,"href":"http:\/\/klubmamgdynia.pl\/index.php\/wp-json\/wp\/v2\/product_tag?post=5581"}],"curies":[{"name":"wp","href":"https:\/\/api.w.org\/{rel}","templated":true}]}}