{"id":5583,"date":"2018-12-11T22:04:08","date_gmt":"2018-12-11T21:04:08","guid":{"rendered":"http:\/\/klubmamgdynia.pl\/index.php\/produkt\/edgard-memory-ocean\/"},"modified":"2026-05-17T23:00:38","modified_gmt":"2026-05-17T21:00:38","slug":"edgard-memory-ocean","status":"publish","type":"product","link":"http:\/\/klubmamgdynia.pl\/index.php\/produkt\/edgard-memory-ocean\/","title":{"rendered":"Edgard Memory Ocean"},"content":{"rendered":"<p>Chcesz zosta\u0107 mistrzem spostrzegawczo\u015bci i specem od niezwyk\u0142ego \u015bwiata m\u00f3rz i ocean\u00f3w? To proste &#8211; zapami\u0119taj u\u0142o\u017cenie zakrytych kafelk\u00f3w i znajd\u017a jak najwi\u0119cej par!MEMORY OCEAN z serii Kapitan Nauka to \u015bwietny spos\u00f3b na wsp\u00f3ln\u0105 zabaw\u0119 i doskona\u0142y trening pami\u0119ci. Sk\u0142ada si\u0119 z 24 element\u00f3w i jest przeznaczone dla dzieci od trzech lat. Pi\u0119kne ilustracje, narysowane przez Katarzyn\u0119 Urbaniak s\u0105 dodatkow\u0105 atrakcj\u0105 i zach\u0119t\u0105 do gry.Memory to jedna z najprostszych i jednocze\u015bnie najbardziej rozwijaj\u0105cych gier. Rozwija nie tylko pami\u0119\u0107, ale te\u017c umiej\u0119tno\u015bci spo\u0142eczne: uczy przestrzegania zasad, cierpliwo\u015bci w oczekiwaniu na swoj\u0105 kolej, wygrywania i przegrywania.Karty MEMORY OCEAN zosta\u0142y wykonane z grubej tektury, dzi\u0119ki czemu wytrzymaj\u0105 wiele emocjonuj\u0105cych rozgrywek.Weso\u0142ej, podwodnej zabawy!<\/p>\n<h2>Edgard Memory Ocean Edgard<\/h2>\n<p>natalia, pikachu do druku, opowiadanie o jesieni dla dzieci, nietypowe atrakcje dla dzieci<\/p>\n<p>yyyyy<\/p>\n<p>&nbsp;<\/p>\n","protected":false},"excerpt":{"rendered":"<p>Chcesz zosta\u0107 mistrzem spostrzegawczo\u015bci i specem od niezwyk\u0142ego \u015bwiata m\u00f3rz i ocean\u00f3w? To proste &#8211; zapami\u0119taj u\u0142o\u017cenie zakrytych kafelk\u00f3w i znajd\u017a jak najwi\u0119cej par!MEMORY OCEAN z serii Kapitan Nauka to \u015bwietny spos\u00f3b na wsp\u00f3ln\u0105 zabaw\u0119 i doskona\u0142y trening pami\u0119ci. Sk\u0142ada si\u0119 z 24 element\u00f3w i jest przeznaczone dla dzieci od trzech lat. Pi\u0119kne ilustracje, narysowane [&hellip;]<\/p>\n","protected":false},"featured_media":5584,"comment_status":"closed","ping_status":"open","template":"","meta":[],"product_cat":[447,130],"product_tag":[854,641,809,733],"class_list":["post-5583","product","type-product","status-publish","has-post-thumbnail","hentry","product_cat-edgard","product_cat-gry-dzieciece","product_tag-cytaty-rodzina","product_tag-trudne-zagadki-logiczne","product_tag-zagadki","product_tag-zarty-na-prima-aprilis"],"_links":{"self":[{"href":"http:\/\/klubmamgdynia.pl\/index.php\/wp-json\/wp\/v2\/product\/5583","targetHints":{"allow":["GET"]}}],"collection":[{"href":"http:\/\/klubmamgdynia.pl\/index.php\/wp-json\/wp\/v2\/product"}],"about":[{"href":"http:\/\/klubmamgdynia.pl\/index.php\/wp-json\/wp\/v2\/types\/product"}],"replies":[{"embeddable":true,"href":"http:\/\/klubmamgdynia.pl\/index.php\/wp-json\/wp\/v2\/comments?post=5583"}],"wp:featuredmedia":[{"embeddable":true,"href":"http:\/\/klubmamgdynia.pl\/index.php\/wp-json\/wp\/v2\/media\/5584"}],"wp:attachment":[{"href":"http:\/\/klubmamgdynia.pl\/index.php\/wp-json\/wp\/v2\/media?parent=5583"}],"wp:term":[{"taxonomy":"product_cat","embeddable":true,"href":"http:\/\/klubmamgdynia.pl\/index.php\/wp-json\/wp\/v2\/product_cat?post=5583"},{"taxonomy":"product_tag","embeddable":true,"href":"http:\/\/klubmamgdynia.pl\/index.php\/wp-json\/wp\/v2\/product_tag?post=5583"}],"curies":[{"name":"wp","href":"https:\/\/api.w.org\/{rel}","templated":true}]}}