{"id":5585,"date":"2017-12-24T23:48:08","date_gmt":"2017-12-24T22:48:08","guid":{"rendered":"http:\/\/klubmamgdynia.pl\/index.php\/produkt\/ods-piankowa-mata-hot-wheels-uliczki-120x90cm-autko\/"},"modified":"2026-04-06T00:32:08","modified_gmt":"2026-04-05T22:32:08","slug":"ods-piankowa-mata-hot-wheels-uliczki-120x90cm-autko","status":"publish","type":"product","link":"http:\/\/klubmamgdynia.pl\/index.php\/produkt\/ods-piankowa-mata-hot-wheels-uliczki-120x90cm-autko\/","title":{"rendered":"Ods Piankowa Mata Hot Wheels Uliczki 120X90Cm + Autko"},"content":{"rendered":"<p>Mi\u0119kka mata w niebiesko-pomara\u0144czowej kolorystyce jest w rozmiarze 120 x 90 centymetr\u00f3w. Zosta\u0142a stworzona z materia\u0142\u00f3w wysokiej jako\u015bci. Posiada obszyte boki.Zestaw sk\u0142ada si\u0119 z piankowej maty i oryginalnego samochodziku Hot Wheels.<\/p>\n<h2>Ods Piankowa Mata Hot Wheels Uliczki 120X90Cm + Autko <\/h2>\n<p>bruno, sentencje ma\u0142y ksi\u0105\u017ce cytaty, weso\u0142e pisanki tekst, kuku\u0142eczka kuka tekst, kr\u00f3tkie \u017cyczenia wielkanocne dla dzieci, jak narysowa\u0107 sanie miko\u0142aja, kolorowanka kotek, szlaczki do druku<\/p>\n<p>yyyyy<\/p>\n<p>&nbsp;<\/p>\n","protected":false},"excerpt":{"rendered":"<p>Mi\u0119kka mata w niebiesko-pomara\u0144czowej kolorystyce jest w rozmiarze 120 x 90 centymetr\u00f3w. Zosta\u0142a stworzona z materia\u0142\u00f3w wysokiej jako\u015bci. Posiada obszyte boki.Zestaw sk\u0142ada si\u0119 z piankowej maty i oryginalnego samochodziku Hot Wheels. Ods Piankowa Mata Hot Wheels Uliczki 120X90Cm + Autko bruno, sentencje ma\u0142y ksi\u0105\u017ce cytaty, weso\u0142e pisanki tekst, kuku\u0142eczka kuka tekst, kr\u00f3tkie \u017cyczenia wielkanocne dla [&hellip;]<\/p>\n","protected":false},"featured_media":5586,"comment_status":"closed","ping_status":"open","template":"","meta":[],"product_cat":[55],"product_tag":[772,702,865,619,653],"class_list":["post-5585","product","type-product","status-publish","has-post-thumbnail","hentry","product_cat-maty-edukacyjne","product_tag-45-panstw-europy-i-ich-stolice-quiz","product_tag-co-kupic-na-roczek-dla-dziewczynki","product_tag-cytaty-o-dzieciach","product_tag-iwo-imie","product_tag-warszawa-dla-dzieci"],"_links":{"self":[{"href":"http:\/\/klubmamgdynia.pl\/index.php\/wp-json\/wp\/v2\/product\/5585","targetHints":{"allow":["GET"]}}],"collection":[{"href":"http:\/\/klubmamgdynia.pl\/index.php\/wp-json\/wp\/v2\/product"}],"about":[{"href":"http:\/\/klubmamgdynia.pl\/index.php\/wp-json\/wp\/v2\/types\/product"}],"replies":[{"embeddable":true,"href":"http:\/\/klubmamgdynia.pl\/index.php\/wp-json\/wp\/v2\/comments?post=5585"}],"wp:featuredmedia":[{"embeddable":true,"href":"http:\/\/klubmamgdynia.pl\/index.php\/wp-json\/wp\/v2\/media\/5586"}],"wp:attachment":[{"href":"http:\/\/klubmamgdynia.pl\/index.php\/wp-json\/wp\/v2\/media?parent=5585"}],"wp:term":[{"taxonomy":"product_cat","embeddable":true,"href":"http:\/\/klubmamgdynia.pl\/index.php\/wp-json\/wp\/v2\/product_cat?post=5585"},{"taxonomy":"product_tag","embeddable":true,"href":"http:\/\/klubmamgdynia.pl\/index.php\/wp-json\/wp\/v2\/product_tag?post=5585"}],"curies":[{"name":"wp","href":"https:\/\/api.w.org\/{rel}","templated":true}]}}