{"id":5587,"date":"2023-05-18T13:43:52","date_gmt":"2023-05-18T11:43:52","guid":{"rendered":"http:\/\/klubmamgdynia.pl\/?post_type=product&#038;p=5587"},"modified":"2026-04-01T09:05:02","modified_gmt":"2026-04-01T07:05:02","slug":"hakuna-matte-puzzle-mat-ocean","status":"publish","type":"product","link":"http:\/\/klubmamgdynia.pl\/index.php\/produkt\/hakuna-matte-puzzle-mat-ocean\/","title":{"rendered":"Hakuna Matte Puzzle Mat Ocean"},"content":{"rendered":"<p>Dzi\u0119ki macie Hakuna Puzzle Twoje dziecko b\u0119dzie mia\u0142o mn\u00f3stwo rado\u015bci. Jest to przyjazna dla dzieci mata do uk\u0142adania jak puzzle, s\u0142u\u017c\u0105ca do nauki poprzez zabaw\u0119. Szczeg\u00f3\u0142y produktu: Wymiary (szeroko\u015b\u0107 x d\u0142ugo\u015b\u0107): 120 x 120 cm Grubo\u015b\u0107: 1,2 cm Ilo\u015b\u0107 puzzli: 16 Materia\u0142: Pianka EVA (mi\u0119kka i elastyczna) Wskaz\u00f3wki piel\u0119gnacyjne: wodoodporny, \u0142atwy do czyszczenia myd\u0142em i szmatk\u0105 Mo\u017cliwo\u015b\u0107 rozszerzenia Opakowanie nadaj\u0105ce si\u0119 do recyklingu Wiek: od 0 miesi\u0119cy<\/p>\n<h2>Hakuna Matte Puzzle Mat Ocean <\/h2>\n<p>\u015bmieszne zagadki dla dzieci, bajki dla chlopcow, liwia znaczenie imienia, kolorowanka \u015bwi\u0105teczna do wydruku, pytania do lektury asiunia, malowanie past\u0105 do z\u0119b\u00f3w, aneta, literki do nauki pisania do druku<\/p>\n<p>yyyyy<\/p>\n<p>&nbsp;<\/p>\n","protected":false},"excerpt":{"rendered":"<p>Dzi\u0119ki macie Hakuna Puzzle Twoje dziecko b\u0119dzie mia\u0142o mn\u00f3stwo rado\u015bci. Jest to przyjazna dla dzieci mata do uk\u0142adania jak puzzle, s\u0142u\u017c\u0105ca do nauki poprzez zabaw\u0119. Szczeg\u00f3\u0142y produktu: Wymiary (szeroko\u015b\u0107 x d\u0142ugo\u015b\u0107): 120 x 120 cm Grubo\u015b\u0107: 1,2 cm Ilo\u015b\u0107 puzzli: 16 Materia\u0142: Pianka EVA (mi\u0119kka i elastyczna) Wskaz\u00f3wki piel\u0119gnacyjne: wodoodporny, \u0142atwy do czyszczenia myd\u0142em i [&hellip;]<\/p>\n","protected":false},"featured_media":5588,"comment_status":"closed","ping_status":"open","template":"","meta":[],"product_cat":[55],"product_tag":[702,861,758,866,783],"class_list":["post-5587","product","type-product","status-publish","has-post-thumbnail","hentry","product_cat-maty-edukacyjne","product_tag-co-kupic-na-roczek-dla-dziewczynki","product_tag-jak-narysowac-psa","product_tag-julian","product_tag-opis-do-zdjecia-dziecka-na-fb","product_tag-prezenty-na-roczek-dla-chlopca"],"_links":{"self":[{"href":"http:\/\/klubmamgdynia.pl\/index.php\/wp-json\/wp\/v2\/product\/5587","targetHints":{"allow":["GET"]}}],"collection":[{"href":"http:\/\/klubmamgdynia.pl\/index.php\/wp-json\/wp\/v2\/product"}],"about":[{"href":"http:\/\/klubmamgdynia.pl\/index.php\/wp-json\/wp\/v2\/types\/product"}],"replies":[{"embeddable":true,"href":"http:\/\/klubmamgdynia.pl\/index.php\/wp-json\/wp\/v2\/comments?post=5587"}],"wp:featuredmedia":[{"embeddable":true,"href":"http:\/\/klubmamgdynia.pl\/index.php\/wp-json\/wp\/v2\/media\/5588"}],"wp:attachment":[{"href":"http:\/\/klubmamgdynia.pl\/index.php\/wp-json\/wp\/v2\/media?parent=5587"}],"wp:term":[{"taxonomy":"product_cat","embeddable":true,"href":"http:\/\/klubmamgdynia.pl\/index.php\/wp-json\/wp\/v2\/product_cat?post=5587"},{"taxonomy":"product_tag","embeddable":true,"href":"http:\/\/klubmamgdynia.pl\/index.php\/wp-json\/wp\/v2\/product_tag?post=5587"}],"curies":[{"name":"wp","href":"https:\/\/api.w.org\/{rel}","templated":true}]}}