{"id":559,"date":"2014-01-27T11:35:49","date_gmt":"2014-01-27T10:35:49","guid":{"rendered":"http:\/\/klubmamgdynia.pl\/index.php\/produkt\/peppa-pig-cash-register-9051684277\/"},"modified":"2026-04-06T08:28:35","modified_gmt":"2026-04-06T06:28:35","slug":"peppa-pig-cash-register-9051684277","status":"publish","type":"product","link":"http:\/\/klubmamgdynia.pl\/index.php\/produkt\/peppa-pig-cash-register-9051684277\/","title":{"rendered":"Peppa Pig Cash Register 9051684277"},"content":{"rendered":"<p>\u201e\u015awinka Peppa\u201d to bajka uwielbiana przez wszystkie maluchy. Opowiada przygody Peppy i jej rodziny wraz z przyjaci\u00f3\u0142mi. Peppa to ma\u0142a \u015bwinka w czerwonej sukience. Jest rozbrykana, ciekawska, bardzo pomys\u0142owa i uwielbia przygody. \u015awinka lubi czekoladowe ciasteczka, przyj\u0119cia urodzinowe oraz rowerowe wycieczki i pikniki. Najbardziej jednak kocha swoje b\u0142otko i skakanie w deszczu przez ka\u0142u\u017ce. W jej zabawnych perypetiach uczestniczy ca\u0142a rodzina: Tata \u015awinka, Mama \u015awinka, braciszek George, dziadek i babcia.Czas i\u015b\u0107 do sklepu? Zr\u00f3b zakupy w sklepie prowadzonym przez \u015awink\u0119 Pepp\u0119! Jak mi\u0142o jest robi\u0107 zakupy z Pepp\u0105!M\u0142odsze dzieci uwielbiaj\u0105 si\u0119 bawi\u0107 w sklep. Kiedy\u015b jako pieni\u0105dze s\u0142u\u017cy\u0142y r\u00f3\u017cnorodne li\u015bcie lub kawa\u0142ki papieru &#8211; teraz mamy do dyspozycji kas\u0119 wraz z banknotami, monetami oraz kartami p\u0142atniczymi.Kasa Peppy zawiera wszystkie akcesoria potrzebne do zabawy w sklep. Kasa zawiera kalkulator, by sumowa\u0107 wszystkie zakupy. Do p\u0142acenia mo\u017cna wykorzysta\u0107 za\u0142\u0105czone pieni\u0105dze Peppy albo zbli\u017ceniow\u0105 kart\u0119 bankow\u0105.G\u0142\u00f3wne cechy produktu:Producent HTISeria \u015awinka PeppaDla dzieci od 3 roku \u017cyciaKasa sklepowaPieni\u0105dze i kata bankowaArtyku\u0142y spo\u017cywczeEfekty d\u017awi\u0119koweZr\u00f3b zakupy w sklepie prowadzonym przez \u015awink\u0119 Pepp\u0119Wymiary opakowania: 30 x 22 x 17 cmWysoka jako\u015b\u0107 wykonania<\/p>\n<h2>Peppa Pig Cash Register 9051684277 Peppa Pig<\/h2>\n<p>gad\u017cety dla nastolatki, peppa kolorowanka, impreza halloween 2021 dla dzieci, dobre zagadki logiczne, test narnia lew czarownica i stara szafa, bajka terapeutyczna o dokuczaniu, spiderman kolorowanka, quiz zemsta, \u015bmigus dyngus wiersz dla dzieci, ma\u0142y ksi\u0105\u017c\u0119 &#8211; test z odpowiedziami, \u017carty na prima aprilis na rodzic\u00f3w, szlaczki, kolorowanki minionki, z\u0142ote my\u015bli pedagogiczne, stolice europy quiz, dla nastolatk\u00f3w prezenty, zagadki i odpowiedzi, nauka polskiego dla dzieci z ukrainy, \u0142\u00f3d\u017a atrakcje dla dzieci<\/p>\n<p>yyyyy<\/p>\n<p>&nbsp;<\/p>\n","protected":false},"excerpt":{"rendered":"<p>\u201e\u015awinka Peppa\u201d to bajka uwielbiana przez wszystkie maluchy. Opowiada przygody Peppy i jej rodziny wraz z przyjaci\u00f3\u0142mi. Peppa to ma\u0142a \u015bwinka w czerwonej sukience. Jest rozbrykana, ciekawska, bardzo pomys\u0142owa i uwielbia przygody. \u015awinka lubi czekoladowe ciasteczka, przyj\u0119cia urodzinowe oraz rowerowe wycieczki i pikniki. Najbardziej jednak kocha swoje b\u0142otko i skakanie w deszczu przez ka\u0142u\u017ce. W [&hellip;]<\/p>\n","protected":false},"featured_media":560,"comment_status":"closed","ping_status":"open","template":"","meta":[],"product_cat":[95,214],"product_tag":[863,656,734,725],"class_list":["post-559","product","type-product","status-publish","has-post-thumbnail","hentry","product_cat-figurki-makiety-i-zestawy","product_cat-peppa-pig","product_tag-bajki-dla-dziewczynek","product_tag-kolorowanki-lol","product_tag-milan-imie","product_tag-zgadywanki"],"_links":{"self":[{"href":"http:\/\/klubmamgdynia.pl\/index.php\/wp-json\/wp\/v2\/product\/559","targetHints":{"allow":["GET"]}}],"collection":[{"href":"http:\/\/klubmamgdynia.pl\/index.php\/wp-json\/wp\/v2\/product"}],"about":[{"href":"http:\/\/klubmamgdynia.pl\/index.php\/wp-json\/wp\/v2\/types\/product"}],"replies":[{"embeddable":true,"href":"http:\/\/klubmamgdynia.pl\/index.php\/wp-json\/wp\/v2\/comments?post=559"}],"wp:featuredmedia":[{"embeddable":true,"href":"http:\/\/klubmamgdynia.pl\/index.php\/wp-json\/wp\/v2\/media\/560"}],"wp:attachment":[{"href":"http:\/\/klubmamgdynia.pl\/index.php\/wp-json\/wp\/v2\/media?parent=559"}],"wp:term":[{"taxonomy":"product_cat","embeddable":true,"href":"http:\/\/klubmamgdynia.pl\/index.php\/wp-json\/wp\/v2\/product_cat?post=559"},{"taxonomy":"product_tag","embeddable":true,"href":"http:\/\/klubmamgdynia.pl\/index.php\/wp-json\/wp\/v2\/product_tag?post=559"}],"curies":[{"name":"wp","href":"https:\/\/api.w.org\/{rel}","templated":true}]}}