{"id":5591,"date":"2022-12-13T20:20:43","date_gmt":"2022-12-13T19:20:43","guid":{"rendered":"http:\/\/klubmamgdynia.pl\/?post_type=product&#038;p=5591"},"modified":"2026-04-06T00:30:18","modified_gmt":"2026-04-05T22:30:18","slug":"nines-lalka-maria-murzynka","status":"publish","type":"product","link":"http:\/\/klubmamgdynia.pl\/index.php\/produkt\/nines-lalka-maria-murzynka\/","title":{"rendered":"Nines Lalka Maria Murzynka"},"content":{"rendered":"<p>Lalka Maria murzynka NINES to wspania\u0142y prezent dla ka\u017cdej dziewczynki. Dzi\u0119ki zabawie Twoja c\u00f3rka b\u0119dzie mog\u0142a si\u0119 poczu\u0107 jak m\u0142oda mama, troszcz\u0105c si\u0119 o swoj\u0105 ulubion\u0105 lalk\u0119, przytulaj\u0105c i dbaj\u0105c, by niczego jej nie brakowa\u0142o.<\/p>\n<h2>Nines Lalka Maria Murzynka Nines<\/h2>\n<p>przechowywanie zabawek, sybilla, kolorowanki lego friends, dzieci.pl, atrakcje wroc\u0142aw i okolice, zagadki o psach, domki nad morzem z atrakcjami dla dzieci, myszka minnie kolorowanka, piosenki dla dzieci o jesieni, kolorowanka piesek, co dla rocznego dziecka, impreza halloween 2021 dla dzieci, oliwier, kontynenty do druku, imi\u0119 marcel, bajka o smoku wawelskim, opis do zdj\u0119cia z dzieckiem, kanapki na urodziny dziecka, imi\u0119 nela<\/p>\n<p>yyyyy<\/p>\n<p>&nbsp;<\/p>\n","protected":false},"excerpt":{"rendered":"<p>Lalka Maria murzynka NINES to wspania\u0142y prezent dla ka\u017cdej dziewczynki. Dzi\u0119ki zabawie Twoja c\u00f3rka b\u0119dzie mog\u0142a si\u0119 poczu\u0107 jak m\u0142oda mama, troszcz\u0105c si\u0119 o swoj\u0105 ulubion\u0105 lalk\u0119, przytulaj\u0105c i dbaj\u0105c, by niczego jej nie brakowa\u0142o. Nines Lalka Maria Murzynka Nines przechowywanie zabawek, sybilla, kolorowanki lego friends, dzieci.pl, atrakcje wroc\u0142aw i okolice, zagadki o psach, domki [&hellip;]<\/p>\n","protected":false},"featured_media":5592,"comment_status":"closed","ping_status":"open","template":"","meta":[],"product_cat":[65,1371],"product_tag":[644,639,629,823],"class_list":["post-5591","product","type-product","status-publish","has-post-thumbnail","hentry","product_cat-lalki","product_cat-nines","product_tag-mia","product_tag-nela-imie","product_tag-smieszne-zagadki-z-odpowiedziami","product_tag-zagadki-dla-dzieci-7-lat"],"_links":{"self":[{"href":"http:\/\/klubmamgdynia.pl\/index.php\/wp-json\/wp\/v2\/product\/5591","targetHints":{"allow":["GET"]}}],"collection":[{"href":"http:\/\/klubmamgdynia.pl\/index.php\/wp-json\/wp\/v2\/product"}],"about":[{"href":"http:\/\/klubmamgdynia.pl\/index.php\/wp-json\/wp\/v2\/types\/product"}],"replies":[{"embeddable":true,"href":"http:\/\/klubmamgdynia.pl\/index.php\/wp-json\/wp\/v2\/comments?post=5591"}],"wp:featuredmedia":[{"embeddable":true,"href":"http:\/\/klubmamgdynia.pl\/index.php\/wp-json\/wp\/v2\/media\/5592"}],"wp:attachment":[{"href":"http:\/\/klubmamgdynia.pl\/index.php\/wp-json\/wp\/v2\/media?parent=5591"}],"wp:term":[{"taxonomy":"product_cat","embeddable":true,"href":"http:\/\/klubmamgdynia.pl\/index.php\/wp-json\/wp\/v2\/product_cat?post=5591"},{"taxonomy":"product_tag","embeddable":true,"href":"http:\/\/klubmamgdynia.pl\/index.php\/wp-json\/wp\/v2\/product_tag?post=5591"}],"curies":[{"name":"wp","href":"https:\/\/api.w.org\/{rel}","templated":true}]}}