{"id":5593,"date":"2011-08-17T15:20:29","date_gmt":"2011-08-17T13:20:29","guid":{"rendered":"http:\/\/klubmamgdynia.pl\/index.php\/produkt\/pampers-chusteczki-aqua-pure-99-wody-5x48szt\/"},"modified":"2026-05-01T01:43:22","modified_gmt":"2026-04-30T23:43:22","slug":"pampers-chusteczki-aqua-pure-99-wody-5x48szt","status":"publish","type":"product","link":"http:\/\/klubmamgdynia.pl\/index.php\/produkt\/pampers-chusteczki-aqua-pure-99-wody-5x48szt\/","title":{"rendered":"Pampers Chusteczki Aqua Pure 99% Wody 5X48Szt"},"content":{"rendered":"<p>\u2b50\u2b50\u2b50 Pampers Aqua pure Chusteczki nawil\u017cane \u2b50\u2b50\u2b50 5x48szt. \u2b50\u2b50\u2b50Chusteczki Pampers Aqua Pure \u2013 wykonane w 99% z czystej wody i odrobiny bawe\u0142ny organicznej \u2013 pomagaj\u0105 chroni\u0107 delikatn\u0105 sk\u00f3r\u0119 dziecka. Nie zawieraj\u0105 alkoholu ani perfum. Pozosta\u0142y 1% sk\u0142adnik\u00f3w stanowi\u0105 dermatologicznie testowane, \u0142agodne \u015brodki czyszcz\u0105ce oraz sprawdzone przez mark\u0119 Pampers sk\u0142adniki stabilizuj\u0105ce pH, kt\u00f3re pomagaj\u0105 utrzyma\u0107 r\u00f3wnowag\u0119 pH sk\u00f3ry Twojego dziecka i chroni\u0107 je przed podra\u017cnieniami sk\u00f3ry. Chusteczki Aqua Pure s\u0105 bezpieczne dla sk\u00f3ry noworodka \u2013 w tym na pupie, d\u0142oniach i delikatnej twarzy.&#8211; Wykonane w 99% z czystej wody, kt\u00f3ra zapewnia delikatne oczyszczanie sk\u00f3ry- Wykonane z bawe\u0142ny organicznej, kt\u00f3ra mi\u0119kko otula sk\u00f3r\u0119 dziecka- 0% alkoholi i perfum- 1% przetestowanych dermatologicznie, \u0142agodnych \u015brodk\u00f3w czyszcz\u0105cych oraz sprawdzonych sk\u0142adnik\u00f3w stabilizuj\u0105cych pH, kt\u00f3re pomagaj\u0105 zapobiega\u0107 podra\u017cnieniom sk\u00f3ry- Chusteczki Pampers Aqua Pure zosta\u0142y stworzone z my\u015bl\u0105 o ochronie delikatnej sk\u00f3ry dziecka- Chusteczki Aqua Pure s\u0105 bezpieczne dla sk\u00f3ry noworodka \u2013 w tym na pupie, d\u0142oniach, stopach i delikatnej twarzy- Zaprojektowane z my\u015bl\u0105 o delikatnej sk\u00f3rze dzieckaSk\u0142adniki:Aqua Citric Acid Sodium Citrate Sodium Benzoate PEG-40 Hydrogenated Castor Oil Sorbitan Caprylate Disodium EDTA.ZESTAW ZAWIRA:5 opakowa\u0144 chusteczek Pampers AQUA PURE 48szt w opakowaniu.<\/p>\n<h2>Pampers Chusteczki Aqua Pure 99% Wody 5X48Szt Pampers<\/h2>\n<p>kolorowanka spongebob, myszka minnie kolorowanka, kolorowanki dla ch\u0142opc\u00f3w do druku, co kupic dziewczynce na roczek, quiz flagi \u015bwiata, atrakcje we wroc\u0142awiu dla dzieci, jacek, rado\u015b\u0107 dziecka cytaty, cukierku ty \u0142obuzie test, zabawy logiczne dla dzieci, pan twardowski na ksi\u0119\u017cycu wiersz, cytaty korczak<\/p>\n<p>yyyyy<\/p>\n<p>&nbsp;<\/p>\n","protected":false},"excerpt":{"rendered":"<p>\u2b50\u2b50\u2b50 Pampers Aqua pure Chusteczki nawil\u017cane \u2b50\u2b50\u2b50 5x48szt. \u2b50\u2b50\u2b50Chusteczki Pampers Aqua Pure \u2013 wykonane w 99% z czystej wody i odrobiny bawe\u0142ny organicznej \u2013 pomagaj\u0105 chroni\u0107 delikatn\u0105 sk\u00f3r\u0119 dziecka. Nie zawieraj\u0105 alkoholu ani perfum. Pozosta\u0142y 1% sk\u0142adnik\u00f3w stanowi\u0105 dermatologicznie testowane, \u0142agodne \u015brodki czyszcz\u0105ce oraz sprawdzone przez mark\u0119 Pampers sk\u0142adniki stabilizuj\u0105ce pH, kt\u00f3re pomagaj\u0105 utrzyma\u0107 r\u00f3wnowag\u0119 [&hellip;]<\/p>\n","protected":false},"featured_media":5594,"comment_status":"closed","ping_status":"open","template":"","meta":[],"product_cat":[474,185],"product_tag":[780,653,857,849,724],"class_list":["post-5593","product","type-product","status-publish","has-post-thumbnail","hentry","product_cat-kosmetyki-dla-dzieci-i-niemowlat","product_cat-pampers","product_tag-krecik-bajka","product_tag-warszawa-dla-dzieci","product_tag-zagadki-dla-dzieci-7-8-lat","product_tag-zagadki-matematyczne-dla-dzieci","product_tag-zagadki-podchwytliwe"],"_links":{"self":[{"href":"http:\/\/klubmamgdynia.pl\/index.php\/wp-json\/wp\/v2\/product\/5593","targetHints":{"allow":["GET"]}}],"collection":[{"href":"http:\/\/klubmamgdynia.pl\/index.php\/wp-json\/wp\/v2\/product"}],"about":[{"href":"http:\/\/klubmamgdynia.pl\/index.php\/wp-json\/wp\/v2\/types\/product"}],"replies":[{"embeddable":true,"href":"http:\/\/klubmamgdynia.pl\/index.php\/wp-json\/wp\/v2\/comments?post=5593"}],"wp:featuredmedia":[{"embeddable":true,"href":"http:\/\/klubmamgdynia.pl\/index.php\/wp-json\/wp\/v2\/media\/5594"}],"wp:attachment":[{"href":"http:\/\/klubmamgdynia.pl\/index.php\/wp-json\/wp\/v2\/media?parent=5593"}],"wp:term":[{"taxonomy":"product_cat","embeddable":true,"href":"http:\/\/klubmamgdynia.pl\/index.php\/wp-json\/wp\/v2\/product_cat?post=5593"},{"taxonomy":"product_tag","embeddable":true,"href":"http:\/\/klubmamgdynia.pl\/index.php\/wp-json\/wp\/v2\/product_tag?post=5593"}],"curies":[{"name":"wp","href":"https:\/\/api.w.org\/{rel}","templated":true}]}}