{"id":5595,"date":"2025-08-24T15:00:12","date_gmt":"2025-08-24T13:00:12","guid":{"rendered":"http:\/\/klubmamgdynia.pl\/?post_type=product&#038;p=5595"},"modified":"2026-05-17T22:39:25","modified_gmt":"2026-05-17T20:39:25","slug":"bigjigs-toys-chodzik-pchacz-wielofunkcyjny-interaktywny-7w1-bb113","status":"publish","type":"product","link":"http:\/\/klubmamgdynia.pl\/index.php\/produkt\/bigjigs-toys-chodzik-pchacz-wielofunkcyjny-interaktywny-7w1-bb113\/","title":{"rendered":"Bigjigs Toys Chodzik Pchacz Wielofunkcyjny Interaktywny 7W1 (Bb113)"},"content":{"rendered":"<p>\u015aliczny, kolorowy i interaktywny pchacz-chodzik to zabawka \u0142\u0105cz\u0105ca w sobie wiele funkcji. Specjalnie zaprojektowany pchacz-chodzik u\u0142atwia dziecku nauk\u0119 chodzenia. Jest tak zaprojektowany aby dziecko mog\u0142o stabilnie i wygodnie porusza\u0107 si\u0119 trzymaj\u0105c si\u0119 za r\u0105czk\u0119. Kiedy zm\u0119czy si\u0119 chodzeniem, dziecko znajdzie mn\u00f3stwo interesuj\u0105cych zabaw, kt\u00f3re tylko zmotywuj\u0105 go do dalszego korzystania z je\u017adzika chodzika.Panel przedni zawiera:przesuwank\u0119 noc-dzie\u0144 &#8211; dziecko mo\u017ce przesuwa\u0107 za pomoc\u0105 czerwonego uchwytu rysunek na kt\u00f3rym jest s\u0142o\u0144ce lub ksi\u0119\u017cyckwiatekdo obracania; dodatkowo dzi\u0119ki dziurkom przy kr\u0119ceniu b\u0119d\u0105 zmienia\u0107 si\u0119 koloryp\u0119tla motoryczna do \u0107wiczenia paluszk\u00f3w z motywem biedronki i pszcz\u00f3\u0142kiobrotowe klocki, kt\u00f3re mo\u017cna uk\u0142ada\u0107 tak aby u\u0142o\u017cy\u0142y rz\u0105d trzech pszcz\u00f3\u0142ek lub biedronekprzesuwane dwie kaczuszkiDodatkowe atrakcje zosta\u0142y umieszczone po bokach zabawki:z jednej strony jest to delfinek do przesuwania i \u0107wiczenia paluszk\u00f3wpo drugiej stronie znajduje si\u0119 sorter na trzy klocki z motywem drzewa. Klocki maj\u0105 r\u00f3\u017cne kszta\u0142ty kwadratu, ko\u0142a i tr\u00f3jk\u0105ta, dzi\u0119ki czemu dziecko uczy si\u0119 je rozr\u00f3\u017cnia\u0107 oraz \u0107wiczy koordynacj\u0119 r\u0119ka &#8211; oko.Ca\u0142o\u015b\u0107 wykonana z drewna lakierowanego. Utrzymana w \u017cywej i przyjemnej kolorystyce, kt\u00f3ra dodatkowo b\u0119dzie dawa\u0142a rado\u015b\u0107 z zabawy tym produktem. Na ko\u0142ach guma antypo\u015blizgowa i zabezpieczaj\u0105ca przed zarysowaniem pod\u0142ogi.Na rynku mo\u017cna zakupi\u0107 w podobnej cenie i dobrej jako\u015bci chodziki wykonane z tworzywa sztucznego. Prosz\u0119 nam uwierzy\u0107, \u017ce dzieci du\u017co ch\u0119tniej si\u0119gaj\u0105 po zabawki, kt\u00f3re s\u0105 wykonane z drewna, czyli materia\u0142u naturalnego, ciep\u0142ego i mi\u0142ego w dotyku, a w dodatku du\u017co trwalszego.Wymiary z\u0142o\u017conego produktu:32 cm szeroko\u015b\u010753 cm wysoko\u015b\u010733 cm g\u0142\u0119boko\u015b\u0107wysoko\u015b\u0107 r\u0105czki od pod\u0142o\u017ca &#8211; oko\u0142o 47-48cmWiek:1+Referencja: BB113Deklaracja zgodno\u015bci CE<\/p>\n<h2>Bigjigs Toys Chodzik Pchacz Wielofunkcyjny Interaktywny 7W1 (Bb113) BIGJIGS TOYS<\/h2>\n<p>ja\u015bmina imi\u0119, cytaty korczak, dyplomy do wydrukowania a4, zagadki dla dzieci 7 lat o zwierz\u0119tach, zosia samosia wiersz, dyplom dla przedszkolaka do wydruku, listy do \u015bwi\u0119tego miko\u0142aja, test magiczne drzewo czerwone krzes\u0142o, co na roczek dla dziewczynki, zabawy dla 6 latk\u00f3w, minecraft kolorowanki, karty pracy dla dzieci z ukrainy do druku, imi\u0119 iwo, znaczenie imiona justyna<\/p>\n<p>yyyyy<\/p>\n<p>&nbsp;<\/p>\n","protected":false},"excerpt":{"rendered":"<p>\u015aliczny, kolorowy i interaktywny pchacz-chodzik to zabawka \u0142\u0105cz\u0105ca w sobie wiele funkcji. Specjalnie zaprojektowany pchacz-chodzik u\u0142atwia dziecku nauk\u0119 chodzenia. Jest tak zaprojektowany aby dziecko mog\u0142o stabilnie i wygodnie porusza\u0107 si\u0119 trzymaj\u0105c si\u0119 za r\u0105czk\u0119. Kiedy zm\u0119czy si\u0119 chodzeniem, dziecko znajdzie mn\u00f3stwo interesuj\u0105cych zabaw, kt\u00f3re tylko zmotywuj\u0105 go do dalszego korzystania z je\u017adzika chodzika.Panel przedni zawiera:przesuwank\u0119 [&hellip;]<\/p>\n","protected":false},"featured_media":5596,"comment_status":"closed","ping_status":"open","template":"","meta":[],"product_cat":[1372,349],"product_tag":[766,810,873,701,805,615],"class_list":["post-5595","product","type-product","status-publish","has-post-thumbnail","hentry","product_cat-bigjigs-toys","product_cat-chodziki","product_tag-kira","product_tag-nauka-zegara-do-druku","product_tag-zagadki-z-odpowiedziami-dla-dzieci","product_tag-zgadywanki-dla-dzieci","product_tag-znaczenie-imienia-alan","product_tag-znane-misie-z-filmow-animowanych"],"_links":{"self":[{"href":"http:\/\/klubmamgdynia.pl\/index.php\/wp-json\/wp\/v2\/product\/5595","targetHints":{"allow":["GET"]}}],"collection":[{"href":"http:\/\/klubmamgdynia.pl\/index.php\/wp-json\/wp\/v2\/product"}],"about":[{"href":"http:\/\/klubmamgdynia.pl\/index.php\/wp-json\/wp\/v2\/types\/product"}],"replies":[{"embeddable":true,"href":"http:\/\/klubmamgdynia.pl\/index.php\/wp-json\/wp\/v2\/comments?post=5595"}],"wp:featuredmedia":[{"embeddable":true,"href":"http:\/\/klubmamgdynia.pl\/index.php\/wp-json\/wp\/v2\/media\/5596"}],"wp:attachment":[{"href":"http:\/\/klubmamgdynia.pl\/index.php\/wp-json\/wp\/v2\/media?parent=5595"}],"wp:term":[{"taxonomy":"product_cat","embeddable":true,"href":"http:\/\/klubmamgdynia.pl\/index.php\/wp-json\/wp\/v2\/product_cat?post=5595"},{"taxonomy":"product_tag","embeddable":true,"href":"http:\/\/klubmamgdynia.pl\/index.php\/wp-json\/wp\/v2\/product_tag?post=5595"}],"curies":[{"name":"wp","href":"https:\/\/api.w.org\/{rel}","templated":true}]}}